{"id":425715,"date":"2022-05-02T14:20:40","date_gmt":"2022-05-02T12:20:40","guid":{"rendered":"https:\/\/www.speedcube.nl\/unkategorisiert\/eureka-secret-escape-box-lucky\/"},"modified":"2026-05-09T05:00:43","modified_gmt":"2026-05-09T03:00:43","slug":"eureka-secret-escape-box-lucky","status":"publish","type":"product","link":"https:\/\/www.speedcube.nl\/de\/aanbieding-de\/eureka-secret-escape-box-lucky\/","title":{"rendered":"Eureka Secret Escape Box Lucky"},"content":{"rendered":"<p>Jede Secret Escape Box hat einen Hinweis auf der Verpackung, genau wie in Escape Rooms, weshalb wir sie auch Secret Escape Boxes nennen. Wir sehen diese Lucky Escape Box als ein gro\u00dfartiges Geschenk f\u00fcr einen Freund oder ein Familienmitglied, das Pech gehabt hat, oder f\u00fcr jemanden, der einen neuen Lebensabschnitt beginnt. Anstatt eine Gru\u00dfkarte zu verschicken, k\u00f6nnen Sie mit diesem vierbl\u00e4ttrigen Kleeblatt jemandem viel Gl\u00fcck w\u00fcnschen. In der Tat ist das vierbl\u00e4ttrige Kleeblatt ein internationales Gl\u00fcckszeichen. &#8222;Gl\u00fcck&#8220; ist ein gro\u00dfartiges Geschenk, das man teilen kann, und &#8222;Gl\u00fccksgef\u00fchle&#8220; f\u00fchren zu der kinetischen Energie, die mit dieser Box einhergeht. \u00d6ffne die Gl\u00fccksbox und bewahre deine geheimen Gl\u00fccksgef\u00fchle darin auf. Wir bewerten den Schwierigkeitsgrad f\u00fcr diese Lucky Secret Escape Box mit 3 von 4 Sternen.<\/p>\n","protected":false},"excerpt":{"rendered":"<p>EUREKA<\/p>\n","protected":false},"featured_media":401707,"template":"","meta":{"_improvement_type_select":"improve_an_existing","_thumb_yes_seoaic":false,"_frame_yes_seoaic":false,"seoaic_generate_description":"","seoaic_improve_instructions_prompt":"","seoaic_rollback_content_improvement":"","seoaic_idea_thumbnail_generator":"","thumbnail_generated":false,"thumbnail_generate_prompt":"","seoaic_article_description":"","product-afmeting-lengte-mm":"","product-afmeting-breedte-mm":"","product-afmeting-hoogte-mm":""},"product_brand":[],"product_cat":[1613,2558],"product_tag":[],"class_list":{"0":"post-425715","1":"product","2":"type-product","3":"status-publish","4":"has-post-thumbnail","6":"product_cat-ratsel-de","7":"product_cat-aanbieding-de","8":"pa_merken-eureka-de-2","10":"first","11":"outofstock","12":"sale","13":"taxable","14":"shipping-taxable","15":"purchasable","16":"product-type-simple"},"df_price":11.97,"df_sale_price":11.97,"df_regular_price":19.95,"df_image_link":"https:\/\/www.speedcube.nl\/wp-content\/uploads\/2023\/06\/Productvisuals_Breinbrekers-Eureka-Secret-Escape-Box-Lucky-1-285x300.jpg","_links":{"self":[{"href":"https:\/\/www.speedcube.nl\/de\/wp-json\/wp\/v2\/product\/425715","targetHints":{"allow":["GET"]}}],"collection":[{"href":"https:\/\/www.speedcube.nl\/de\/wp-json\/wp\/v2\/product"}],"about":[{"href":"https:\/\/www.speedcube.nl\/de\/wp-json\/wp\/v2\/types\/product"}],"version-history":[{"count":0,"href":"https:\/\/www.speedcube.nl\/de\/wp-json\/wp\/v2\/product\/425715\/revisions"}],"wp:featuredmedia":[{"embeddable":true,"href":"https:\/\/www.speedcube.nl\/de\/wp-json\/wp\/v2\/media\/401707"}],"wp:attachment":[{"href":"https:\/\/www.speedcube.nl\/de\/wp-json\/wp\/v2\/media?parent=425715"}],"wp:term":[{"taxonomy":"product_brand","embeddable":true,"href":"https:\/\/www.speedcube.nl\/de\/wp-json\/wp\/v2\/product_brand?post=425715"},{"taxonomy":"product_cat","embeddable":true,"href":"https:\/\/www.speedcube.nl\/de\/wp-json\/wp\/v2\/product_cat?post=425715"},{"taxonomy":"product_tag","embeddable":true,"href":"https:\/\/www.speedcube.nl\/de\/wp-json\/wp\/v2\/product_tag?post=425715"}],"curies":[{"name":"wp","href":"https:\/\/api.w.org\/{rel}","templated":true}]}}