{"id":425713,"date":"2022-05-02T14:26:09","date_gmt":"2022-05-02T12:26:09","guid":{"rendered":"https:\/\/www.speedcube.nl\/unkategorisiert\/eureka-secret-escape-box-begleiter\/"},"modified":"2026-04-16T05:26:27","modified_gmt":"2026-04-16T03:26:27","slug":"eureka-secret-escape-box-begleiter","status":"publish","type":"product","link":"https:\/\/www.speedcube.nl\/de\/knobelaufgaben\/eureka-ratsel-de-2\/eureka-secret-escape-box-begleiter\/","title":{"rendered":"Eureka Secret Escape Box-Begleiter"},"content":{"rendered":"<p>Jede Secret Escape Box hat einen Hinweis auf der Verpackung, genau wie in Escape Rooms, weshalb wir sie auch Secret Escape Boxes nennen. Das Thema dieser Companion Secret Escape Box k\u00f6nnte nicht deutlicher sein als mit den 6 Herzen auf diesem W\u00fcrfel. Ein Geschenk zwischen Liebenden oder engen Freunden? Oder vielleicht, um es wiedergutzumachen? Beachten Sie, dass ein verdrehtes Herz ist manchmal der Beginn des Gl\u00fccks und diese Energie wird auf das Geheimnis, das mit dieser Box kommt f\u00fchren. \u00d6ffne die Companion Box und verstecke deine Herzensgeheimnisse sicher darin. Wir bewerten den Schwierigkeitsgrad f\u00fcr diese Companion Secret Escape Box mit 3 von 4 Sternen.<\/p>\n","protected":false},"excerpt":{"rendered":"<p>EUREKA<\/p>\n","protected":false},"featured_media":401719,"template":"","meta":{"_improvement_type_select":"improve_an_existing","_thumb_yes_seoaic":false,"_frame_yes_seoaic":false,"seoaic_generate_description":"","seoaic_improve_instructions_prompt":"","seoaic_rollback_content_improvement":"","seoaic_idea_thumbnail_generator":"","thumbnail_generated":false,"thumbnail_generate_prompt":"","seoaic_article_description":"","product-afmeting-lengte-mm":"","product-afmeting-breedte-mm":"","product-afmeting-hoogte-mm":""},"product_brand":[],"product_cat":[1511,2212,1795,1244,1227,1233,1237],"product_tag":[],"class_list":{"0":"post-425713","1":"product","2":"type-product","3":"status-publish","4":"has-post-thumbnail","6":"product_cat-3-sterne-normal","7":"product_cat-eureka-ratsel-de-2","8":"product_cat-holzerne-knobelaufgaben","9":"product_cat-knobelaufgaben-de","10":"product_cat-knobelaufgaben","11":"product_cat-knobelaufgaben-fur-erwachsene","12":"product_cat-knobelaufgaben-fur-kinder","13":"pa_merken-eureka-de-2","15":"first","16":"instock","17":"taxable","18":"shipping-taxable","19":"purchasable","20":"product-type-simple"},"df_price":19.95,"df_sale_price":"","df_regular_price":19.95,"df_image_link":"https:\/\/www.speedcube.nl\/wp-content\/uploads\/2023\/06\/Productvisuals_Breinbrekers-Eureka-Secret-Escape-box-Companion-1-285x300.jpg","_links":{"self":[{"href":"https:\/\/www.speedcube.nl\/de\/wp-json\/wp\/v2\/product\/425713","targetHints":{"allow":["GET"]}}],"collection":[{"href":"https:\/\/www.speedcube.nl\/de\/wp-json\/wp\/v2\/product"}],"about":[{"href":"https:\/\/www.speedcube.nl\/de\/wp-json\/wp\/v2\/types\/product"}],"version-history":[{"count":0,"href":"https:\/\/www.speedcube.nl\/de\/wp-json\/wp\/v2\/product\/425713\/revisions"}],"wp:featuredmedia":[{"embeddable":true,"href":"https:\/\/www.speedcube.nl\/de\/wp-json\/wp\/v2\/media\/401719"}],"wp:attachment":[{"href":"https:\/\/www.speedcube.nl\/de\/wp-json\/wp\/v2\/media?parent=425713"}],"wp:term":[{"taxonomy":"product_brand","embeddable":true,"href":"https:\/\/www.speedcube.nl\/de\/wp-json\/wp\/v2\/product_brand?post=425713"},{"taxonomy":"product_cat","embeddable":true,"href":"https:\/\/www.speedcube.nl\/de\/wp-json\/wp\/v2\/product_cat?post=425713"},{"taxonomy":"product_tag","embeddable":true,"href":"https:\/\/www.speedcube.nl\/de\/wp-json\/wp\/v2\/product_tag?post=425713"}],"curies":[{"name":"wp","href":"https:\/\/api.w.org\/{rel}","templated":true}]}}