{"id":425707,"date":"2022-04-21T17:17:58","date_gmt":"2022-04-21T15:17:58","guid":{"rendered":"https:\/\/www.speedcube.nl\/unkategorisiert\/cobble-hill-cafe-des-paris-500-stueck\/"},"modified":"2026-05-13T05:11:50","modified_gmt":"2026-05-13T03:11:50","slug":"cobble-hill-cafe-des-paris-500-stueck","status":"publish","type":"product","link":"https:\/\/www.speedcube.nl\/de\/aanbieding-de\/cobble-hill-cafe-des-paris-500-stueck\/","title":{"rendered":"Cobble Hill Caf\u00e9 Des Paris 500 St\u00fcck"},"content":{"rendered":"<p>Cobble Hill Puzzle mit 500 gr\u00f6\u00dferen Teilen. Auf dem Puzzle ist eine Stra\u00dfe in Paris mit Blick auf den Eiffelturm und viele gem\u00fctliche Caf\u00e9s abgebildet.<\/p>\n<p>Anzahl der St\u00fccke: 500<br \/>\nMaterial: Pappe<br \/>\nGr\u00f6\u00dfe des Puzzles: 68 x 49 cm<br \/>\nAlter: 6 &#8211; 99 Jahre<\/p>\n","protected":false},"excerpt":{"rendered":"<p>COBBLE HILL<\/p>\n","protected":false},"featured_media":401427,"template":"","meta":{"_improvement_type_select":"improve_an_existing","_thumb_yes_seoaic":false,"_frame_yes_seoaic":false,"seoaic_generate_description":"","seoaic_improve_instructions_prompt":"","seoaic_rollback_content_improvement":"","seoaic_idea_thumbnail_generator":"","thumbnail_generated":false,"thumbnail_generate_prompt":"","seoaic_article_description":"","product-afmeting-lengte-mm":"","product-afmeting-breedte-mm":"","product-afmeting-hoogte-mm":""},"product_brand":[],"product_cat":[1613,2558],"product_tag":[],"class_list":{"0":"post-425707","1":"product","2":"type-product","3":"status-publish","4":"has-post-thumbnail","6":"product_cat-ratsel-de","7":"product_cat-aanbieding-de","8":"pa_merken-cobble-hill-de","10":"first","11":"instock","12":"sale","13":"taxable","14":"shipping-taxable","15":"purchasable","16":"product-type-simple"},"df_price":10.77,"df_sale_price":10.77,"df_regular_price":17.95,"df_image_link":"https:\/\/www.speedcube.nl\/wp-content\/uploads\/2023\/06\/Productvisuals_Puzzels-Cobble-Hill-Cafe-des-Paris-1-285x300.jpg","_links":{"self":[{"href":"https:\/\/www.speedcube.nl\/de\/wp-json\/wp\/v2\/product\/425707","targetHints":{"allow":["GET"]}}],"collection":[{"href":"https:\/\/www.speedcube.nl\/de\/wp-json\/wp\/v2\/product"}],"about":[{"href":"https:\/\/www.speedcube.nl\/de\/wp-json\/wp\/v2\/types\/product"}],"version-history":[{"count":0,"href":"https:\/\/www.speedcube.nl\/de\/wp-json\/wp\/v2\/product\/425707\/revisions"}],"wp:featuredmedia":[{"embeddable":true,"href":"https:\/\/www.speedcube.nl\/de\/wp-json\/wp\/v2\/media\/401427"}],"wp:attachment":[{"href":"https:\/\/www.speedcube.nl\/de\/wp-json\/wp\/v2\/media?parent=425707"}],"wp:term":[{"taxonomy":"product_brand","embeddable":true,"href":"https:\/\/www.speedcube.nl\/de\/wp-json\/wp\/v2\/product_brand?post=425707"},{"taxonomy":"product_cat","embeddable":true,"href":"https:\/\/www.speedcube.nl\/de\/wp-json\/wp\/v2\/product_cat?post=425707"},{"taxonomy":"product_tag","embeddable":true,"href":"https:\/\/www.speedcube.nl\/de\/wp-json\/wp\/v2\/product_tag?post=425707"}],"curies":[{"name":"wp","href":"https:\/\/api.w.org\/{rel}","templated":true}]}}