{"id":425700,"date":"2022-04-05T10:04:28","date_gmt":"2022-04-05T08:04:28","guid":{"rendered":"https:\/\/www.speedcube.nl\/unkategorisiert\/qiyi-efeu-mastermorphix-wuerfel\/"},"modified":"2026-04-29T05:03:38","modified_gmt":"2026-04-29T03:03:38","slug":"qiyi-efeu-mastermorphix-wuerfel","status":"publish","type":"product","link":"https:\/\/www.speedcube.nl\/de\/aanbieding-de\/qiyi-efeu-mastermorphix-wuerfel\/","title":{"rendered":"Qiyi Efeu Mastermorphix-W\u00fcrfel"},"content":{"rendered":"<p>Der QiYi Ivy Mastermorphix ist ein Efeu-W\u00fcrfel, der zu einem Mastermorphix geformt wurde! Er hat einen klassischen Look mit einem matten, aufkleberfreien \u00c4u\u00dferen und einem schwarzen Inneren. Dieses R\u00e4tsel l\u00e4sst sich genauso l\u00f6sen wie ein Jing&#8217;s Pyraminx, wenn Sie also mit diesem R\u00e4tsel vertraut sind, sollte dies kein Problem sein. Erweitern Sie Ihren Horizont mit diesem relativ einfachen, aber sehr cool aussehenden R\u00e4tsel!<\/p>\n","protected":false},"excerpt":{"rendered":"<p>QIYI<\/p>\n","protected":false},"featured_media":401335,"template":"","meta":{"_improvement_type_select":"improve_an_existing","_thumb_yes_seoaic":false,"_frame_yes_seoaic":false,"seoaic_generate_description":"","seoaic_improve_instructions_prompt":"","seoaic_rollback_content_improvement":"","seoaic_idea_thumbnail_generator":"","thumbnail_generated":false,"thumbnail_generate_prompt":"","seoaic_article_description":"","product-afmeting-lengte-mm":"","product-afmeting-breedte-mm":"","product-afmeting-hoogte-mm":""},"product_brand":[],"product_cat":[1235,1211,2558],"product_tag":[],"class_list":{"0":"post-425700","1":"product","2":"type-product","3":"status-publish","4":"has-post-thumbnail","6":"product_cat-qiyi-de","7":"product_cat-speedcube-de","8":"product_cat-aanbieding-de","9":"pa_merken-qiyi-de","11":"first","12":"instock","13":"sale","14":"taxable","15":"shipping-taxable","16":"purchasable","17":"product-type-simple"},"df_price":5.99,"df_sale_price":5.99,"df_regular_price":7.99,"df_image_link":"https:\/\/www.speedcube.nl\/wp-content\/uploads\/2023\/06\/Productvisuals_Speedcubes-QiYi-Ivy-Mastermorphix-cube-1-285x300.jpg","_links":{"self":[{"href":"https:\/\/www.speedcube.nl\/de\/wp-json\/wp\/v2\/product\/425700","targetHints":{"allow":["GET"]}}],"collection":[{"href":"https:\/\/www.speedcube.nl\/de\/wp-json\/wp\/v2\/product"}],"about":[{"href":"https:\/\/www.speedcube.nl\/de\/wp-json\/wp\/v2\/types\/product"}],"version-history":[{"count":0,"href":"https:\/\/www.speedcube.nl\/de\/wp-json\/wp\/v2\/product\/425700\/revisions"}],"wp:featuredmedia":[{"embeddable":true,"href":"https:\/\/www.speedcube.nl\/de\/wp-json\/wp\/v2\/media\/401335"}],"wp:attachment":[{"href":"https:\/\/www.speedcube.nl\/de\/wp-json\/wp\/v2\/media?parent=425700"}],"wp:term":[{"taxonomy":"product_brand","embeddable":true,"href":"https:\/\/www.speedcube.nl\/de\/wp-json\/wp\/v2\/product_brand?post=425700"},{"taxonomy":"product_cat","embeddable":true,"href":"https:\/\/www.speedcube.nl\/de\/wp-json\/wp\/v2\/product_cat?post=425700"},{"taxonomy":"product_tag","embeddable":true,"href":"https:\/\/www.speedcube.nl\/de\/wp-json\/wp\/v2\/product_tag?post=425700"}],"curies":[{"name":"wp","href":"https:\/\/api.w.org\/{rel}","templated":true}]}}