{"id":425694,"date":"2022-04-21T17:55:08","date_gmt":"2022-04-21T15:55:08","guid":{"rendered":"https:\/\/www.speedcube.nl\/unkategorisiert\/eureka-brain-busters\/"},"modified":"2026-05-09T05:00:43","modified_gmt":"2026-05-09T03:00:43","slug":"eureka-brain-busters","status":"publish","type":"product","link":"https:\/\/www.speedcube.nl\/de\/knobelaufgaben\/eureka-ratsel-de-2\/eureka-brain-busters\/","title":{"rendered":"Eureka Brain Busters"},"content":{"rendered":"<p>Brain Busters ist eine IQ-Sammlung mit acht Herausforderungen f\u00fcr dein Gehirn mit verschiedenen Schwierigkeitsgraden. Dieses Set besteht aus den folgenden R\u00e4tseln: 2x leicht, 3x schwer und 3x Expertenniveau. Werden Sie sie l\u00f6sen!?<\/p>\n","protected":false},"excerpt":{"rendered":"<p>EUREKA<\/p>\n","protected":false},"featured_media":401463,"template":"","meta":{"_improvement_type_select":"improve_an_existing","_thumb_yes_seoaic":false,"_frame_yes_seoaic":false,"seoaic_generate_description":"","seoaic_improve_instructions_prompt":"","seoaic_rollback_content_improvement":"","seoaic_idea_thumbnail_generator":"","thumbnail_generated":false,"thumbnail_generate_prompt":"","seoaic_article_description":"","product-afmeting-lengte-mm":"","product-afmeting-breedte-mm":"","product-afmeting-hoogte-mm":""},"product_brand":[],"product_cat":[1570,1511,1240,2212,1795,1244,1227,1233,1237,1488],"product_tag":[],"class_list":{"0":"post-425694","1":"product","2":"type-product","3":"status-publish","4":"has-post-thumbnail","6":"product_cat-2-sterne-leicht","7":"product_cat-3-sterne-normal","8":"product_cat-4-sterne-schwierig","9":"product_cat-eureka-ratsel-de-2","10":"product_cat-holzerne-knobelaufgaben","11":"product_cat-knobelaufgaben-de","12":"product_cat-knobelaufgaben","13":"product_cat-knobelaufgaben-fur-erwachsene","14":"product_cat-knobelaufgaben-fur-kinder","15":"product_cat-metall","16":"pa_merken-eureka-de-2","18":"first","19":"instock","20":"taxable","21":"shipping-taxable","22":"purchasable","23":"product-type-simple"},"df_price":19.95,"df_sale_price":"","df_regular_price":19.95,"df_image_link":"https:\/\/www.speedcube.nl\/wp-content\/uploads\/2023\/06\/Productvisuals_Breinbrekers-Eureka-Brain-Busters-1-285x300.jpg","_links":{"self":[{"href":"https:\/\/www.speedcube.nl\/de\/wp-json\/wp\/v2\/product\/425694","targetHints":{"allow":["GET"]}}],"collection":[{"href":"https:\/\/www.speedcube.nl\/de\/wp-json\/wp\/v2\/product"}],"about":[{"href":"https:\/\/www.speedcube.nl\/de\/wp-json\/wp\/v2\/types\/product"}],"version-history":[{"count":0,"href":"https:\/\/www.speedcube.nl\/de\/wp-json\/wp\/v2\/product\/425694\/revisions"}],"wp:featuredmedia":[{"embeddable":true,"href":"https:\/\/www.speedcube.nl\/de\/wp-json\/wp\/v2\/media\/401463"}],"wp:attachment":[{"href":"https:\/\/www.speedcube.nl\/de\/wp-json\/wp\/v2\/media?parent=425694"}],"wp:term":[{"taxonomy":"product_brand","embeddable":true,"href":"https:\/\/www.speedcube.nl\/de\/wp-json\/wp\/v2\/product_brand?post=425694"},{"taxonomy":"product_cat","embeddable":true,"href":"https:\/\/www.speedcube.nl\/de\/wp-json\/wp\/v2\/product_cat?post=425694"},{"taxonomy":"product_tag","embeddable":true,"href":"https:\/\/www.speedcube.nl\/de\/wp-json\/wp\/v2\/product_tag?post=425694"}],"curies":[{"name":"wp","href":"https:\/\/api.w.org\/{rel}","templated":true}]}}