{"id":425691,"date":"2022-04-05T09:52:49","date_gmt":"2022-04-05T07:52:49","guid":{"rendered":"https:\/\/www.speedcube.nl\/unkategorisiert\/ugears-vintage-wecker\/"},"modified":"2026-04-18T05:02:17","modified_gmt":"2026-04-18T03:02:17","slug":"ugears-vintage-wecker","status":"publish","type":"product","link":"https:\/\/www.speedcube.nl\/de\/ugears\/ugears-vintage-wecker\/","title":{"rendered":"Ugears Vintage-Wecker"},"content":{"rendered":"<p>Der Vintage-Wecker von Ugears ist ein charmantes Erbst\u00fcck, eine dekorative Erinnerung an den Wecker, der im Haus Ihrer Eltern oder Gro\u00dfeltern auf dem Nachttisch stand. Wenn man das gro\u00dfe Zahnrad an der Seite bewegt, drehen sich die Zeiger des Weckers und die Glocken l\u00e4uten, wodurch das Holzuhrmodell seinen charakteristischen &#8222;klickenden&#8220; Alarmton erh\u00e4lt. Obwohl diese dekorative Holzuhr nicht wirklich die Zeit anzeigt, sind die Zeiger der Uhr so eingestellt, dass eine volle Umdrehung des Minutenzeigers den Stundenzeiger um eine Position weiterr\u00fcckt. Das Zifferblatt ist mit Elementen wie der Sonne, Pflanzen, Schriftrollen und einer beweglichen Sonnenuhr gestaltet. Es steht auf S\u00e4ulen, die dem ganzen Modell eine attraktive architektonische Struktur verleihen.<\/p>\n<p>Der Vintage-Wecker erg\u00e4nzt die Steampunk-Uhr aus dem Ugears-Katalog. Beide haben einen durchbrochenen Stil mit dekorativen Schnitzereien und Zahnr\u00e4dern, eine Mischung aus Steampunk-Stil mit einem leichten Hauch von venezianischem Charme. Beide Modelle sind als &#8222;leicht&#8220; f\u00fcr Anf\u00e4nger bzw. junge Bauherren eingestuft. Beide sind sehr dekorativ und passen perfekt zueinander in Ihr Regal oder auf Ihren Tisch. F\u00fcr den Zusammenbau dieses DIY-Uhrenmodells sind weder Klebstoff noch Spezialwerkzeug erforderlich. Schieben Sie einfach die vorgestanzten Teile aus den Verbundholzplatten und klicken Sie sie zusammen, mit ein wenig Schleifen und Wachsen, damit die Zahnr\u00e4der reibungslos laufen.<\/p>\n<p>Der Vintage-Wecker wird Fans des Retro-Steampunk-Designs, von Zeitmessern und allen, die bereits die Ugears Steampunk-Uhr gebaut haben, gefallen. Gibt es in Ihrem Familien- und Freundeskreis Uhrenliebhaber oder Uhrensammler? Schenken Sie ihnen zum n\u00e4chsten Geburtstag oder zu den Feiertagen ein Ugears DIY-Uhrenset. Der Ugears Vintage-Wecker ist ein lustiges, leicht herausforderndes und befriedigendes Kreativprojekt f\u00fcr Familien, an dem sie gemeinsam arbeiten k\u00f6nnen, und eine attraktive Erg\u00e4nzung zu Ihrer Wohnungseinrichtung. Also los, greifen Sie zu Ihrem Handy und stellen Sie eine Wecker-Erinnerung ein, um den Ugears Vintage Alarm Clock zu kaufen!<\/p>\n<p>Abmessungen des Produkts: 9 x 5 x 12,5 cm<br \/>\nVerpackungsgr\u00f6\u00dfe: 21 x 9,2 x 2 cm<br \/>\nAnzahl der Teile: 43<br \/>\nGesch\u00e4tzte Montagezeit: 1 Stunde<\/p>\n","protected":false},"excerpt":{"rendered":"<p>UGEARS<\/p>\n","protected":false},"featured_media":401291,"template":"","meta":{"_improvement_type_select":"improve_an_existing","_thumb_yes_seoaic":false,"_frame_yes_seoaic":false,"seoaic_generate_description":"","seoaic_improve_instructions_prompt":"","seoaic_rollback_content_improvement":"","seoaic_idea_thumbnail_generator":"","thumbnail_generated":false,"thumbnail_generate_prompt":"","seoaic_article_description":"","product-afmeting-lengte-mm":"","product-afmeting-breedte-mm":"","product-afmeting-hoogte-mm":""},"product_brand":[],"product_cat":[1499,5352,2558],"product_tag":[],"class_list":{"0":"post-425691","1":"product","2":"type-product","3":"status-publish","4":"has-post-thumbnail","6":"product_cat-modellbau","7":"product_cat-ugears","8":"product_cat-aanbieding-de","9":"pa_merken-ugears-de","11":"first","12":"instock","13":"sale","14":"taxable","15":"shipping-taxable","16":"purchasable","17":"product-type-simple"},"df_price":7.475,"df_sale_price":7.475,"df_regular_price":14.95,"df_image_link":"https:\/\/www.speedcube.nl\/wp-content\/uploads\/2023\/06\/Productvisuals_Modelbouw-Ugears-Vintage-wekker-1-285x300.jpg","_links":{"self":[{"href":"https:\/\/www.speedcube.nl\/de\/wp-json\/wp\/v2\/product\/425691","targetHints":{"allow":["GET"]}}],"collection":[{"href":"https:\/\/www.speedcube.nl\/de\/wp-json\/wp\/v2\/product"}],"about":[{"href":"https:\/\/www.speedcube.nl\/de\/wp-json\/wp\/v2\/types\/product"}],"version-history":[{"count":0,"href":"https:\/\/www.speedcube.nl\/de\/wp-json\/wp\/v2\/product\/425691\/revisions"}],"wp:featuredmedia":[{"embeddable":true,"href":"https:\/\/www.speedcube.nl\/de\/wp-json\/wp\/v2\/media\/401291"}],"wp:attachment":[{"href":"https:\/\/www.speedcube.nl\/de\/wp-json\/wp\/v2\/media?parent=425691"}],"wp:term":[{"taxonomy":"product_brand","embeddable":true,"href":"https:\/\/www.speedcube.nl\/de\/wp-json\/wp\/v2\/product_brand?post=425691"},{"taxonomy":"product_cat","embeddable":true,"href":"https:\/\/www.speedcube.nl\/de\/wp-json\/wp\/v2\/product_cat?post=425691"},{"taxonomy":"product_tag","embeddable":true,"href":"https:\/\/www.speedcube.nl\/de\/wp-json\/wp\/v2\/product_tag?post=425691"}],"curies":[{"name":"wp","href":"https:\/\/api.w.org\/{rel}","templated":true}]}}