{"id":425678,"date":"2022-04-21T18:20:01","date_gmt":"2022-04-21T16:20:01","guid":{"rendered":"https:\/\/www.speedcube.nl\/unkategorisiert\/eureka-holzhirnpuzzle-junior\/"},"modified":"2026-05-02T05:00:41","modified_gmt":"2026-05-02T03:00:41","slug":"eureka-holzhirnpuzzle-junior","status":"publish","type":"product","link":"https:\/\/www.speedcube.nl\/de\/aanbieding-de\/eureka-holzhirnpuzzle-junior\/","title":{"rendered":"Eureka Holzhirnpuzzle Junior"},"content":{"rendered":"<p>Sind Sie ein R\u00e4tselexperte? Dann versuche, diese Holzr\u00e4tsel Junior zu l\u00f6sen. Das Paket enth\u00e4lt 4 knifflige Holzpuzzles: das Doppelkreuz, das Gratpuzzle, das Gl\u00fccksst\u00fcck und die Kanonenkugeln, die darauf warten, von dir gel\u00f6st zu werden. Trennen Sie die Teile des Puzzles und versuchen Sie dann, die Teile wieder zusammenzusetzen. Geeignet ab 6 Jahren.<\/p>\n","protected":false},"excerpt":{"rendered":"<p>EUREKA<\/p>\n","protected":false},"featured_media":401471,"template":"","meta":{"_improvement_type_select":"improve_an_existing","_thumb_yes_seoaic":false,"_frame_yes_seoaic":false,"seoaic_generate_description":"","seoaic_improve_instructions_prompt":"","seoaic_rollback_content_improvement":"","seoaic_idea_thumbnail_generator":"","thumbnail_generated":false,"thumbnail_generate_prompt":"","seoaic_article_description":"","product-afmeting-lengte-mm":"","product-afmeting-breedte-mm":"","product-afmeting-hoogte-mm":""},"product_brand":[],"product_cat":[1613,2558],"product_tag":[],"class_list":{"0":"post-425678","1":"product","2":"type-product","3":"status-publish","4":"has-post-thumbnail","6":"product_cat-ratsel-de","7":"product_cat-aanbieding-de","8":"pa_merken-eureka-de-2","10":"first","11":"instock","12":"sale","13":"taxable","14":"shipping-taxable","15":"purchasable","16":"product-type-simple"},"df_price":8.75,"df_sale_price":8.75,"df_regular_price":17.5,"df_image_link":"https:\/\/www.speedcube.nl\/wp-content\/uploads\/2023\/06\/Productvisuals_Breinbrekers-Eureka-Wooden-Puzzles-collection-JUNIOR-1-285x300.jpg","_links":{"self":[{"href":"https:\/\/www.speedcube.nl\/de\/wp-json\/wp\/v2\/product\/425678","targetHints":{"allow":["GET"]}}],"collection":[{"href":"https:\/\/www.speedcube.nl\/de\/wp-json\/wp\/v2\/product"}],"about":[{"href":"https:\/\/www.speedcube.nl\/de\/wp-json\/wp\/v2\/types\/product"}],"version-history":[{"count":0,"href":"https:\/\/www.speedcube.nl\/de\/wp-json\/wp\/v2\/product\/425678\/revisions"}],"wp:featuredmedia":[{"embeddable":true,"href":"https:\/\/www.speedcube.nl\/de\/wp-json\/wp\/v2\/media\/401471"}],"wp:attachment":[{"href":"https:\/\/www.speedcube.nl\/de\/wp-json\/wp\/v2\/media?parent=425678"}],"wp:term":[{"taxonomy":"product_brand","embeddable":true,"href":"https:\/\/www.speedcube.nl\/de\/wp-json\/wp\/v2\/product_brand?post=425678"},{"taxonomy":"product_cat","embeddable":true,"href":"https:\/\/www.speedcube.nl\/de\/wp-json\/wp\/v2\/product_cat?post=425678"},{"taxonomy":"product_tag","embeddable":true,"href":"https:\/\/www.speedcube.nl\/de\/wp-json\/wp\/v2\/product_tag?post=425678"}],"curies":[{"name":"wp","href":"https:\/\/api.w.org\/{rel}","templated":true}]}}