{"id":425670,"date":"2022-04-21T17:39:36","date_gmt":"2022-04-21T15:39:36","guid":{"rendered":"https:\/\/www.speedcube.nl\/unkategorisiert\/cobble-hill-puzzle-sorter-satz-von-6-tabletts\/"},"modified":"2026-05-09T05:01:45","modified_gmt":"2026-05-09T03:01:45","slug":"cobble-hill-puzzle-sorter-satz-von-6-tabletts","status":"publish","type":"product","link":"https:\/\/www.speedcube.nl\/de\/aanbieding-de\/cobble-hill-puzzle-sorter-satz-von-6-tabletts\/","title":{"rendered":"Cobble Hill Puzzle Sorter Satz von 6 Tabletts"},"content":{"rendered":"<p>Diese praktischen Sortierschalen helfen dir, deine Puzzleteile zu sortieren! Sortiere sie nach Farbe, Form oder Kante, um das R\u00e4tselraten zu erleichtern. Sie k\u00f6nnen die Tabletts einfach stapeln, wenn Sie eine Pause machen wollen. Au\u00dferdem haben die Schalen kleine L\u00f6cher, um \u00fcbersch\u00fcssigen Puzzlestaub zu vermeiden. Dieses Set besteht aus 6 Tabletts.<\/p>\n<p>&nbsp;<\/p>\n<p>&nbsp;<\/p>\n","protected":false},"excerpt":{"rendered":"<p>COBBLE HILL<\/p>\n","protected":false},"featured_media":401443,"template":"","meta":{"_improvement_type_select":"improve_an_existing","_thumb_yes_seoaic":false,"_frame_yes_seoaic":false,"seoaic_generate_description":"","seoaic_improve_instructions_prompt":"","seoaic_rollback_content_improvement":"","seoaic_idea_thumbnail_generator":"","thumbnail_generated":false,"thumbnail_generate_prompt":"","seoaic_article_description":"","product-afmeting-lengte-mm":"","product-afmeting-breedte-mm":"","product-afmeting-hoogte-mm":""},"product_brand":[],"product_cat":[1613,2558],"product_tag":[],"class_list":{"0":"post-425670","1":"product","2":"type-product","3":"status-publish","4":"has-post-thumbnail","6":"product_cat-ratsel-de","7":"product_cat-aanbieding-de","8":"pa_merken-cobble-hill-de","10":"first","11":"instock","12":"sale","13":"taxable","14":"shipping-taxable","15":"purchasable","16":"product-type-simple"},"df_price":10.77,"df_sale_price":10.77,"df_regular_price":17.95,"df_image_link":"https:\/\/www.speedcube.nl\/wp-content\/uploads\/2023\/06\/Productvisuals_Puzzels-Cobble-Hill-6-Puzzle-Sorting-Trays-1-285x300.jpg","_links":{"self":[{"href":"https:\/\/www.speedcube.nl\/de\/wp-json\/wp\/v2\/product\/425670","targetHints":{"allow":["GET"]}}],"collection":[{"href":"https:\/\/www.speedcube.nl\/de\/wp-json\/wp\/v2\/product"}],"about":[{"href":"https:\/\/www.speedcube.nl\/de\/wp-json\/wp\/v2\/types\/product"}],"version-history":[{"count":0,"href":"https:\/\/www.speedcube.nl\/de\/wp-json\/wp\/v2\/product\/425670\/revisions"}],"wp:featuredmedia":[{"embeddable":true,"href":"https:\/\/www.speedcube.nl\/de\/wp-json\/wp\/v2\/media\/401443"}],"wp:attachment":[{"href":"https:\/\/www.speedcube.nl\/de\/wp-json\/wp\/v2\/media?parent=425670"}],"wp:term":[{"taxonomy":"product_brand","embeddable":true,"href":"https:\/\/www.speedcube.nl\/de\/wp-json\/wp\/v2\/product_brand?post=425670"},{"taxonomy":"product_cat","embeddable":true,"href":"https:\/\/www.speedcube.nl\/de\/wp-json\/wp\/v2\/product_cat?post=425670"},{"taxonomy":"product_tag","embeddable":true,"href":"https:\/\/www.speedcube.nl\/de\/wp-json\/wp\/v2\/product_tag?post=425670"}],"curies":[{"name":"wp","href":"https:\/\/api.w.org\/{rel}","templated":true}]}}