{"id":425652,"date":"2022-05-06T12:00:57","date_gmt":"2022-05-06T10:00:57","guid":{"rendered":"https:\/\/www.speedcube.nl\/unkategorisiert\/teching-roboter-dm518\/"},"modified":"2026-05-02T05:00:51","modified_gmt":"2026-05-02T03:00:51","slug":"teching-roboter-dm518","status":"publish","type":"product","link":"https:\/\/www.speedcube.nl\/de\/aanbieding-de\/teching-roboter-dm518\/","title":{"rendered":"Teching Roboter DM518"},"content":{"rendered":"<p>Der ferngesteuerte Teching-Roboter ist ein &#8222;Panzer&#8220; mit einem Paar &#8222;Eisenplattenf\u00fc\u00dfen&#8220;, einem elektrischen System und einem coolen Scheinwerfer-Overlay. Er hat eine hervorragende Laufleistung, eine hohe Traktion und rutscht nicht so leicht ab, was dem Raupen-Kampfroboter mehr Kraft verleiht und kann auch als einzigartiges Bluetooth-Lautsprecher-Ornament verwendet werden. Das Teching-Team f\u00fcgt ein intelligentes, innovatives Hauptmodul hinzu, das es dem intelligenten Roboter erm\u00f6glicht, sich per App-Steuerung vorw\u00e4rts und r\u00fcckw\u00e4rts zu bewegen und um 360\u00b0 zu drehen.<\/p>\n<p>Gewicht: 652 Gramm<br \/>\nMaterial: rostfreier Stahl + Aluminiumlegierung<br \/>\nAlter: 10+<br \/>\nProdukt mm: 110 x 94 x 133<br \/>\nAnzahl der Teile: 160<br \/>\nMontagezeit: ca. 2 Stunden<br \/>\nSchwierigkeitsgrad: 2 Sterne<\/p>\n<p>Akkulaufzeit: \u00b1 30 Minuten bei voller Ladung<br \/>\nBluetooth APP-Fernbedienung Entfernung: 5 Meter<br \/>\nBluetooth-Lautsprecher: integrierte SD-Karte zum Speichern und Abspielen von Songs<br \/>\nBeleuchtung: Scheinwerfer mit Doppelaugen-Drehgelenk<\/p>\n","protected":false},"excerpt":{"rendered":"<p>TECHING<\/p>\n","protected":false},"featured_media":401535,"template":"","meta":{"_improvement_type_select":"improve_an_existing","_thumb_yes_seoaic":false,"_frame_yes_seoaic":false,"seoaic_generate_description":"","seoaic_improve_instructions_prompt":"","seoaic_rollback_content_improvement":"","seoaic_idea_thumbnail_generator":"","thumbnail_generated":false,"thumbnail_generate_prompt":"","seoaic_article_description":"","product-afmeting-lengte-mm":"","product-afmeting-breedte-mm":"","product-afmeting-hoogte-mm":""},"product_brand":[],"product_cat":[1499,2324,2558],"product_tag":[],"class_list":{"0":"post-425652","1":"product","2":"type-product","3":"status-publish","4":"has-post-thumbnail","6":"product_cat-modellbau","7":"product_cat-teching-de","8":"product_cat-aanbieding-de","9":"pa_merken-teching-de","11":"first","12":"instock","13":"sale","14":"taxable","15":"shipping-taxable","16":"purchasable","17":"product-type-simple"},"df_price":149.99,"df_sale_price":149.99,"df_regular_price":199.99,"df_image_link":"https:\/\/www.speedcube.nl\/wp-content\/uploads\/2023\/06\/Productvisuals_Modelbouw-Teching-Robot-dm518-1-285x300.jpg","_links":{"self":[{"href":"https:\/\/www.speedcube.nl\/de\/wp-json\/wp\/v2\/product\/425652","targetHints":{"allow":["GET"]}}],"collection":[{"href":"https:\/\/www.speedcube.nl\/de\/wp-json\/wp\/v2\/product"}],"about":[{"href":"https:\/\/www.speedcube.nl\/de\/wp-json\/wp\/v2\/types\/product"}],"version-history":[{"count":0,"href":"https:\/\/www.speedcube.nl\/de\/wp-json\/wp\/v2\/product\/425652\/revisions"}],"wp:featuredmedia":[{"embeddable":true,"href":"https:\/\/www.speedcube.nl\/de\/wp-json\/wp\/v2\/media\/401535"}],"wp:attachment":[{"href":"https:\/\/www.speedcube.nl\/de\/wp-json\/wp\/v2\/media?parent=425652"}],"wp:term":[{"taxonomy":"product_brand","embeddable":true,"href":"https:\/\/www.speedcube.nl\/de\/wp-json\/wp\/v2\/product_brand?post=425652"},{"taxonomy":"product_cat","embeddable":true,"href":"https:\/\/www.speedcube.nl\/de\/wp-json\/wp\/v2\/product_cat?post=425652"},{"taxonomy":"product_tag","embeddable":true,"href":"https:\/\/www.speedcube.nl\/de\/wp-json\/wp\/v2\/product_tag?post=425652"}],"curies":[{"name":"wp","href":"https:\/\/api.w.org\/{rel}","templated":true}]}}