{"id":425649,"date":"2022-05-30T09:36:51","date_gmt":"2022-05-30T07:36:51","guid":{"rendered":"https:\/\/www.speedcube.nl\/unkategorisiert\/eureka-raetselbuch-piraten\/"},"modified":"2026-04-29T05:04:11","modified_gmt":"2026-04-29T03:04:11","slug":"eureka-raetselbuch-piraten","status":"publish","type":"product","link":"https:\/\/www.speedcube.nl\/de\/aanbieding-de\/eureka-raetselbuch-piraten\/","title":{"rendered":"Eureka-R\u00e4tselbuch-Piraten"},"content":{"rendered":"<p>Sehen Sie sich die erstaunlichsten Bilder an und erfahren Sie allerlei Wissenswertes \u00fcber Piraten. Der Spa\u00df h\u00f6rt damit nicht auf! Jedes Buch enth\u00e4lt einen Stapel Ausmalbl\u00e4tter mit einem Thema f\u00fcr stundenlangen Ausmalspa\u00df. Ein Satz Buntstifte f\u00fcr den Anfang ist bereits enthalten. Und schlie\u00dflich! Das Buch enth\u00e4lt auch 3D-R\u00e4tsel, sonst w\u00e4re es ja kein &#8222;R\u00e4tselbuch&#8220;? F\u00e4rben Sie die Platten vor dem Zusammensetzen aus und machen Sie daraus Ihr eigenes Projekt!<\/p>\n<p>Gr\u00f6\u00dfe 35,5 x 15 x 2 cm<br \/>\nAlter: 8 &#8211; 12 Jahre<\/p>\n<p>&nbsp;<\/p>\n","protected":false},"excerpt":{"rendered":"<p>EUREKA<\/p>\n","protected":false},"featured_media":420656,"template":"","meta":{"_improvement_type_select":"improve_an_existing","_thumb_yes_seoaic":false,"_frame_yes_seoaic":false,"seoaic_generate_description":"","seoaic_improve_instructions_prompt":"","seoaic_rollback_content_improvement":"","seoaic_idea_thumbnail_generator":"","thumbnail_generated":false,"thumbnail_generate_prompt":"","seoaic_article_description":"","product-afmeting-lengte-mm":"","product-afmeting-breedte-mm":"","product-afmeting-hoogte-mm":""},"product_brand":[],"product_cat":[1613,2558],"product_tag":[],"class_list":{"0":"post-425649","1":"product","2":"type-product","3":"status-publish","4":"has-post-thumbnail","6":"product_cat-ratsel-de","7":"product_cat-aanbieding-de","8":"pa_merken-eureka-de-2","10":"first","11":"instock","12":"sale","13":"taxable","14":"shipping-taxable","15":"purchasable","16":"product-type-simple"},"df_price":9.98,"df_sale_price":9.98,"df_regular_price":19.95,"df_image_link":"https:\/\/www.speedcube.nl\/wp-content\/uploads\/2022\/05\/Productvisuals_Puzzels-Eureka-Puzzelboek-Piraten1-285x300.jpg","_links":{"self":[{"href":"https:\/\/www.speedcube.nl\/de\/wp-json\/wp\/v2\/product\/425649","targetHints":{"allow":["GET"]}}],"collection":[{"href":"https:\/\/www.speedcube.nl\/de\/wp-json\/wp\/v2\/product"}],"about":[{"href":"https:\/\/www.speedcube.nl\/de\/wp-json\/wp\/v2\/types\/product"}],"version-history":[{"count":0,"href":"https:\/\/www.speedcube.nl\/de\/wp-json\/wp\/v2\/product\/425649\/revisions"}],"wp:featuredmedia":[{"embeddable":true,"href":"https:\/\/www.speedcube.nl\/de\/wp-json\/wp\/v2\/media\/420656"}],"wp:attachment":[{"href":"https:\/\/www.speedcube.nl\/de\/wp-json\/wp\/v2\/media?parent=425649"}],"wp:term":[{"taxonomy":"product_brand","embeddable":true,"href":"https:\/\/www.speedcube.nl\/de\/wp-json\/wp\/v2\/product_brand?post=425649"},{"taxonomy":"product_cat","embeddable":true,"href":"https:\/\/www.speedcube.nl\/de\/wp-json\/wp\/v2\/product_cat?post=425649"},{"taxonomy":"product_tag","embeddable":true,"href":"https:\/\/www.speedcube.nl\/de\/wp-json\/wp\/v2\/product_tag?post=425649"}],"curies":[{"name":"wp","href":"https:\/\/api.w.org\/{rel}","templated":true}]}}