{"id":425624,"date":"2022-05-06T13:00:57","date_gmt":"2022-05-06T11:00:57","guid":{"rendered":"https:\/\/www.speedcube.nl\/unkategorisiert\/gan-speedcube-matte-gan12-zeichnung\/"},"modified":"2026-05-09T05:00:53","modified_gmt":"2026-05-09T03:00:53","slug":"gan-speedcube-matte-gan12-zeichnung","status":"publish","type":"product","link":"https:\/\/www.speedcube.nl\/de\/speedcube-de\/mats-de\/gan-speedcube-matte-gan12-zeichnung\/","title":{"rendered":"Gan Speedcube Matte Gan12 Zeichnung"},"content":{"rendered":"<p>Bist du ein echter Speedcuber und sind deine Speedcubes beim Spielen jemals besch\u00e4digt worden? Diese Matte hilft, die Landung zu d\u00e4mpfen, wenn dein Speedcube f\u00e4llt! Ideal also, um Ihre W\u00fcrfel sch\u00f6n zu halten. Abmessungen des Produkts: 320 x 250 x 3 mm<\/p>\n","protected":false},"excerpt":{"rendered":"<p>GAN<\/p>\n","protected":false},"featured_media":401581,"template":"","meta":{"_improvement_type_select":"improve_an_existing","_thumb_yes_seoaic":false,"_frame_yes_seoaic":false,"seoaic_generate_description":"","seoaic_improve_instructions_prompt":"","seoaic_rollback_content_improvement":"","seoaic_idea_thumbnail_generator":"","thumbnail_generated":false,"thumbnail_generate_prompt":"","seoaic_article_description":"","product-afmeting-lengte-mm":"","product-afmeting-breedte-mm":"","product-afmeting-hoogte-mm":""},"product_brand":[],"product_cat":[1270,2154,1211],"product_tag":[],"class_list":{"0":"post-425624","1":"product","2":"type-product","3":"status-publish","4":"has-post-thumbnail","6":"product_cat-gan-de","7":"product_cat-mats-de","8":"product_cat-speedcube-de","9":"pa_merken-gan-de","11":"first","12":"instock","13":"taxable","14":"shipping-taxable","15":"purchasable","16":"product-type-simple"},"df_price":9.99,"df_sale_price":"","df_regular_price":9.99,"df_image_link":"https:\/\/www.speedcube.nl\/wp-content\/uploads\/2023\/06\/Productvisuals_Speedcubes-GAN12-Drawing-Mat-1-285x300.jpg","_links":{"self":[{"href":"https:\/\/www.speedcube.nl\/de\/wp-json\/wp\/v2\/product\/425624","targetHints":{"allow":["GET"]}}],"collection":[{"href":"https:\/\/www.speedcube.nl\/de\/wp-json\/wp\/v2\/product"}],"about":[{"href":"https:\/\/www.speedcube.nl\/de\/wp-json\/wp\/v2\/types\/product"}],"version-history":[{"count":0,"href":"https:\/\/www.speedcube.nl\/de\/wp-json\/wp\/v2\/product\/425624\/revisions"}],"wp:featuredmedia":[{"embeddable":true,"href":"https:\/\/www.speedcube.nl\/de\/wp-json\/wp\/v2\/media\/401581"}],"wp:attachment":[{"href":"https:\/\/www.speedcube.nl\/de\/wp-json\/wp\/v2\/media?parent=425624"}],"wp:term":[{"taxonomy":"product_brand","embeddable":true,"href":"https:\/\/www.speedcube.nl\/de\/wp-json\/wp\/v2\/product_brand?post=425624"},{"taxonomy":"product_cat","embeddable":true,"href":"https:\/\/www.speedcube.nl\/de\/wp-json\/wp\/v2\/product_cat?post=425624"},{"taxonomy":"product_tag","embeddable":true,"href":"https:\/\/www.speedcube.nl\/de\/wp-json\/wp\/v2\/product_tag?post=425624"}],"curies":[{"name":"wp","href":"https:\/\/api.w.org\/{rel}","templated":true}]}}