{"id":425618,"date":"2022-06-01T08:50:25","date_gmt":"2022-06-01T06:50:25","guid":{"rendered":"https:\/\/www.speedcube.nl\/unkategorisiert\/qiyi-qizheng-s2-5x5\/"},"modified":"2026-05-12T05:01:07","modified_gmt":"2026-05-12T03:01:07","slug":"qiyi-qizheng-s2-5x5","status":"publish","type":"product","link":"https:\/\/www.speedcube.nl\/de\/speedcube-de\/5x5-de\/qiyi-qizheng-s2-5x5\/","title":{"rendered":"Qiyi Qizheng S2 5&#215;5"},"content":{"rendered":"<p>Der QiYi QiZheng S2 5&#215;5 reiht sich in die Reihe der guten, sch\u00f6nen und g\u00fcnstigen QiYi Speedcubes ein. Dieses nicht-magnetische 5&#215;5 ist ideal f\u00fcr Anf\u00e4nger, die lernen wollen, ein 5&#215;5 zu l\u00f6sen und an ihrer Geschwindigkeit zu arbeiten. Dies ist eine Version ohne Aufkleber und hat die Farbt\u00f6ne des QiYi-Kriegers. Das QiYi QiZheng S2 l\u00e4uft sehr fl\u00fcssig und ist gut abgestimmt.<\/p>\n","protected":false},"excerpt":{"rendered":"<p>QIYI<\/p>\n","protected":false},"featured_media":402217,"template":"","meta":{"_improvement_type_select":"improve_an_existing","_thumb_yes_seoaic":false,"_frame_yes_seoaic":false,"seoaic_generate_description":"","seoaic_improve_instructions_prompt":"","seoaic_rollback_content_improvement":"","seoaic_idea_thumbnail_generator":"","thumbnail_generated":false,"thumbnail_generate_prompt":"","seoaic_article_description":"","product-afmeting-lengte-mm":"","product-afmeting-breedte-mm":"","product-afmeting-hoogte-mm":""},"product_brand":[],"product_cat":[1872,1235,1211],"product_tag":[],"class_list":{"0":"post-425618","1":"product","2":"type-product","3":"status-publish","4":"has-post-thumbnail","6":"product_cat-5x5-de","7":"product_cat-qiyi-de","8":"product_cat-speedcube-de","9":"pa_merken-qiyi-de","11":"first","12":"instock","13":"taxable","14":"shipping-taxable","15":"purchasable","16":"product-type-simple"},"df_price":9.99,"df_sale_price":"","df_regular_price":9.99,"df_image_link":"https:\/\/www.speedcube.nl\/wp-content\/uploads\/2023\/06\/Productvisuals_Speedcubes-QiYi-QiZheng-S2-5x5-1-285x300.jpg","_links":{"self":[{"href":"https:\/\/www.speedcube.nl\/de\/wp-json\/wp\/v2\/product\/425618","targetHints":{"allow":["GET"]}}],"collection":[{"href":"https:\/\/www.speedcube.nl\/de\/wp-json\/wp\/v2\/product"}],"about":[{"href":"https:\/\/www.speedcube.nl\/de\/wp-json\/wp\/v2\/types\/product"}],"version-history":[{"count":0,"href":"https:\/\/www.speedcube.nl\/de\/wp-json\/wp\/v2\/product\/425618\/revisions"}],"wp:featuredmedia":[{"embeddable":true,"href":"https:\/\/www.speedcube.nl\/de\/wp-json\/wp\/v2\/media\/402217"}],"wp:attachment":[{"href":"https:\/\/www.speedcube.nl\/de\/wp-json\/wp\/v2\/media?parent=425618"}],"wp:term":[{"taxonomy":"product_brand","embeddable":true,"href":"https:\/\/www.speedcube.nl\/de\/wp-json\/wp\/v2\/product_brand?post=425618"},{"taxonomy":"product_cat","embeddable":true,"href":"https:\/\/www.speedcube.nl\/de\/wp-json\/wp\/v2\/product_cat?post=425618"},{"taxonomy":"product_tag","embeddable":true,"href":"https:\/\/www.speedcube.nl\/de\/wp-json\/wp\/v2\/product_tag?post=425618"}],"curies":[{"name":"wp","href":"https:\/\/api.w.org\/{rel}","templated":true}]}}