{"id":425576,"date":"2022-06-01T09:50:16","date_gmt":"2022-06-01T07:50:16","guid":{"rendered":"https:\/\/www.speedcube.nl\/unkategorisiert\/gan-spiegel-m\/"},"modified":"2026-05-01T05:04:17","modified_gmt":"2026-05-01T03:04:17","slug":"gan-spiegel-m","status":"publish","type":"product","link":"https:\/\/www.speedcube.nl\/de\/speedcube-de\/spiegel\/gan-spiegel-m\/","title":{"rendered":"Gan-Spiegel M"},"content":{"rendered":"<p>Der GAN Mirror M ist der neue Magnetspiegel von GAN! Mit seinem wundersch\u00f6nen lila Grundton und den glitzernden blau\/lila Aufklebern ist dieser W\u00fcrfel auch ein wundersch\u00f6nes Schmuckst\u00fcck! Dies ist ein Speedcube, bei dem Geschwindigkeit im Vordergrund steht. Es verf\u00fcgt \u00fcber 48 Magnete in den Teilen, ein Schraub-\/Federspannsystem, tolle Ecken und lila Kunststoff kombiniert mit lila\/blauen Metallic-Aufklebern. Wenn du ein 3&#215;3 l\u00f6sen kannst, kannst du auch den Spiegel l\u00f6sen. Probieren Sie es aus und sehen Sie, wie schnell Sie die Aufgaben l\u00f6sen k\u00f6nnen! Das GAN Mirror Magnetic gibt einem klassischen Puzzle eine moderne Wendung. Die UV-Version ist hochgl\u00e4nzend und bietet zus\u00e4tzlichen Halt.<\/p>\n<p>Was ist in der Schachtel? GAN Mirror M, eine Anleitung zur Fehlerbehebung, eine GAN-Aufbewahrungsbox und einen Schraubendreher.<\/p>\n","protected":false},"excerpt":{"rendered":"<p>GAN<\/p>\n","protected":false},"featured_media":402149,"template":"","meta":{"_improvement_type_select":"improve_an_existing","_thumb_yes_seoaic":false,"_frame_yes_seoaic":false,"seoaic_generate_description":"","seoaic_improve_instructions_prompt":"","seoaic_rollback_content_improvement":"","seoaic_idea_thumbnail_generator":"","thumbnail_generated":false,"thumbnail_generate_prompt":"","seoaic_article_description":"","product-afmeting-lengte-mm":"","product-afmeting-breedte-mm":"","product-afmeting-hoogte-mm":""},"product_brand":[],"product_cat":[1221,1270,2453,1211],"product_tag":[],"class_list":{"0":"post-425576","1":"product","2":"type-product","3":"status-publish","4":"has-post-thumbnail","6":"product_cat-3x3-de","7":"product_cat-gan-de","8":"product_cat-spiegel","9":"product_cat-speedcube-de","10":"pa_merken-gan-de","12":"first","13":"instock","14":"sale","15":"taxable","16":"shipping-taxable","17":"purchasable","18":"product-type-variable"},"df_price":13,"df_sale_price":"","df_regular_price":13,"df_image_link":"https:\/\/www.speedcube.nl\/wp-content\/uploads\/2023\/06\/Productvisuals_Speedcubes-GAN-Mirror-M-285x300.jpg","_links":{"self":[{"href":"https:\/\/www.speedcube.nl\/de\/wp-json\/wp\/v2\/product\/425576","targetHints":{"allow":["GET"]}}],"collection":[{"href":"https:\/\/www.speedcube.nl\/de\/wp-json\/wp\/v2\/product"}],"about":[{"href":"https:\/\/www.speedcube.nl\/de\/wp-json\/wp\/v2\/types\/product"}],"version-history":[{"count":0,"href":"https:\/\/www.speedcube.nl\/de\/wp-json\/wp\/v2\/product\/425576\/revisions"}],"wp:featuredmedia":[{"embeddable":true,"href":"https:\/\/www.speedcube.nl\/de\/wp-json\/wp\/v2\/media\/402149"}],"wp:attachment":[{"href":"https:\/\/www.speedcube.nl\/de\/wp-json\/wp\/v2\/media?parent=425576"}],"wp:term":[{"taxonomy":"product_brand","embeddable":true,"href":"https:\/\/www.speedcube.nl\/de\/wp-json\/wp\/v2\/product_brand?post=425576"},{"taxonomy":"product_cat","embeddable":true,"href":"https:\/\/www.speedcube.nl\/de\/wp-json\/wp\/v2\/product_cat?post=425576"},{"taxonomy":"product_tag","embeddable":true,"href":"https:\/\/www.speedcube.nl\/de\/wp-json\/wp\/v2\/product_tag?post=425576"}],"curies":[{"name":"wp","href":"https:\/\/api.w.org\/{rel}","templated":true}]}}