{"id":425569,"date":"2022-07-07T10:32:26","date_gmt":"2022-07-07T08:32:26","guid":{"rendered":"https:\/\/www.speedcube.nl\/unkategorisiert\/moyu-rs3-pyraminx-3x3\/"},"modified":"2026-05-02T05:04:43","modified_gmt":"2026-05-02T03:04:43","slug":"moyu-rs3-pyraminx-3x3","status":"publish","type":"product","link":"https:\/\/www.speedcube.nl\/de\/speedcube-de\/moyu-de\/moyu-rs3-pyraminx-3x3\/","title":{"rendered":"Moyu RS3M Pyraminx 3&#215;3"},"content":{"rendered":"<p>MoYu RS3 Pyraminx Magnetic ist die spannende Fortsetzung der beliebten Budget-Serie &#8222;RS&#8220; von MoYu. Diese Speedcubes laufen sehr ruhig und sind leicht. Die wichtigsten Merkmale sind das Federkompressionssystem (9 Positionen) und die mattierte Au\u00dfenseite, die einen besseren Halt bietet. Enthalten: Werkzeug zum Zusammendr\u00fccken der Feder, Schraubendreher und ein Ersatz-Druckst\u00fcck.<\/p>\n<p>Die <strong>Maglev-Version<\/strong> ist innen violett und verf\u00fcgt \u00fcber eine magnetische Absto\u00dfungstechnologie. Auch die Kernfedern wurden durch zwei R\u00fcckholmagnete auf jeder Seite ersetzt. Das sorgt f\u00fcr ein schnelleres Drehgef\u00fchl, die Schichten &#8222;gleiten&#8220; leichter.<\/p>\n","protected":false},"excerpt":{"rendered":"<p>MOYU<\/p>\n","protected":false},"featured_media":402685,"template":"","meta":{"_improvement_type_select":"improve_an_existing","_thumb_yes_seoaic":false,"_frame_yes_seoaic":false,"seoaic_generate_description":"","seoaic_improve_instructions_prompt":"","seoaic_rollback_content_improvement":"","seoaic_idea_thumbnail_generator":"","thumbnail_generated":false,"thumbnail_generate_prompt":"","seoaic_article_description":"","product-afmeting-lengte-mm":"","product-afmeting-breedte-mm":"","product-afmeting-hoogte-mm":""},"product_brand":[],"product_cat":[1332,1259,1211],"product_tag":[],"class_list":{"0":"post-425569","1":"product","2":"type-product","3":"status-publish","4":"has-post-thumbnail","6":"product_cat-moyu-de","7":"product_cat-pyraminx-de","8":"product_cat-speedcube-de","9":"pa_merken-moyu-de","11":"first","12":"instock","13":"taxable","14":"shipping-taxable","15":"purchasable","16":"product-type-variable"},"df_price":10.99,"df_sale_price":"","df_regular_price":10.99,"df_image_link":"https:\/\/www.speedcube.nl\/wp-content\/uploads\/2023\/06\/Productvisuals_Speedcubes-MoYu-RS3-Pyraminx-3x3-Magnetic-Maglev-285x300.jpg","_links":{"self":[{"href":"https:\/\/www.speedcube.nl\/de\/wp-json\/wp\/v2\/product\/425569","targetHints":{"allow":["GET"]}}],"collection":[{"href":"https:\/\/www.speedcube.nl\/de\/wp-json\/wp\/v2\/product"}],"about":[{"href":"https:\/\/www.speedcube.nl\/de\/wp-json\/wp\/v2\/types\/product"}],"version-history":[{"count":0,"href":"https:\/\/www.speedcube.nl\/de\/wp-json\/wp\/v2\/product\/425569\/revisions"}],"wp:featuredmedia":[{"embeddable":true,"href":"https:\/\/www.speedcube.nl\/de\/wp-json\/wp\/v2\/media\/402685"}],"wp:attachment":[{"href":"https:\/\/www.speedcube.nl\/de\/wp-json\/wp\/v2\/media?parent=425569"}],"wp:term":[{"taxonomy":"product_brand","embeddable":true,"href":"https:\/\/www.speedcube.nl\/de\/wp-json\/wp\/v2\/product_brand?post=425569"},{"taxonomy":"product_cat","embeddable":true,"href":"https:\/\/www.speedcube.nl\/de\/wp-json\/wp\/v2\/product_cat?post=425569"},{"taxonomy":"product_tag","embeddable":true,"href":"https:\/\/www.speedcube.nl\/de\/wp-json\/wp\/v2\/product_tag?post=425569"}],"curies":[{"name":"wp","href":"https:\/\/api.w.org\/{rel}","templated":true}]}}