{"id":425549,"date":"2022-07-14T09:10:36","date_gmt":"2022-07-14T07:10:36","guid":{"rendered":"https:\/\/www.speedcube.nl\/unkategorisiert\/magicyoyo-hertz-y03-sonderangebote\/"},"modified":"2025-08-04T05:56:04","modified_gmt":"2025-08-04T03:56:04","slug":"magicyoyo-hertz-y03-sonderangebote","status":"publish","type":"product","link":"https:\/\/www.speedcube.nl\/de\/yo-yos\/magicyoyo-de\/magicyoyo-hertz-y03-sonderangebote\/","title":{"rendered":"MagicYoYo Hertz Y03 &#8211; Sonderangebote"},"content":{"rendered":"<p>Dieser MAGICYOYO Hertz Y03 ist jetzt in 2 Sondereditionen erschienen! Das Y03 wurde von Xinyu Zhang entworfen, einem erfahrenen Yoyo-Spieler und offiziellen Mitglied des Team MAGICYOYO. Das Frontdesign unterstreicht die dreidimensionale Wirkung durch einige sehr klare Linien. Das stromlinienf\u00f6rmige &#8222;V&#8220;-Design an der Seite kann die Reibung zwischen der Schnur und dem Yo-Yo minimieren und die Geschmeidigkeit des Wurfs verbessern. Mit dem vergr\u00f6\u00dferten Raum er\u00f6ffnet sich jede Menge Platz f\u00fcr komplizierte Saitentricks.<\/p>\n<p>Fortgeschrittene Spieler k\u00f6nnen dieses Yoyo gut nutzen, um ihre Geschwindigkeit und Flexibilit\u00e4t zu erh\u00f6hen und ihre Bewegungen wirklich zu beherrschen. Gleichzeitig kann dieses Yo-Yo einen Anf\u00e4nger dazu ermutigen, schnell und sicher die ersten F\u00e4higkeiten zu erlernen!<\/p>\n<p>Lager: Konkav<br \/>\nGewicht: 63,5 Gramm<br \/>\nDurchmesser: 56 mm<br \/>\nBreite: 44,5 mm<br \/>\n(Un)ansprechbar<\/p>\n<p>&nbsp;<\/p>\n","protected":false},"excerpt":{"rendered":"<p>MAGICYOYO<\/p>\n","protected":false},"featured_media":402871,"template":"","meta":{"_improvement_type_select":"improve_an_existing","_thumb_yes_seoaic":false,"_frame_yes_seoaic":false,"seoaic_generate_description":"","seoaic_improve_instructions_prompt":"","seoaic_rollback_content_improvement":"","seoaic_idea_thumbnail_generator":"","thumbnail_generated":false,"thumbnail_generate_prompt":"","seoaic_article_description":"","product-afmeting-lengte-mm":"","product-afmeting-breedte-mm":"","product-afmeting-hoogte-mm":""},"product_brand":[],"product_cat":[1572,1705,1255,1238],"product_tag":[],"class_list":{"0":"post-425549","1":"product","2":"type-product","3":"status-publish","4":"has-post-thumbnail","6":"product_cat-aluminium-de","7":"product_cat-magicyoyo-de","8":"product_cat-nicht-ansprechbar","9":"product_cat-yo-yos","10":"pa_merken-magicyoyo-de","12":"first","13":"outofstock","14":"taxable","15":"shipping-taxable","16":"purchasable","17":"product-type-variable"},"df_price":19.99,"df_sale_price":"","df_regular_price":19.99,"df_image_link":"https:\/\/www.speedcube.nl\/wp-content\/uploads\/2023\/06\/Productvisuals_yoyo-MAGICYOYO-hertz-y03-Specials-285x300.jpg","_links":{"self":[{"href":"https:\/\/www.speedcube.nl\/de\/wp-json\/wp\/v2\/product\/425549","targetHints":{"allow":["GET"]}}],"collection":[{"href":"https:\/\/www.speedcube.nl\/de\/wp-json\/wp\/v2\/product"}],"about":[{"href":"https:\/\/www.speedcube.nl\/de\/wp-json\/wp\/v2\/types\/product"}],"version-history":[{"count":0,"href":"https:\/\/www.speedcube.nl\/de\/wp-json\/wp\/v2\/product\/425549\/revisions"}],"wp:featuredmedia":[{"embeddable":true,"href":"https:\/\/www.speedcube.nl\/de\/wp-json\/wp\/v2\/media\/402871"}],"wp:attachment":[{"href":"https:\/\/www.speedcube.nl\/de\/wp-json\/wp\/v2\/media?parent=425549"}],"wp:term":[{"taxonomy":"product_brand","embeddable":true,"href":"https:\/\/www.speedcube.nl\/de\/wp-json\/wp\/v2\/product_brand?post=425549"},{"taxonomy":"product_cat","embeddable":true,"href":"https:\/\/www.speedcube.nl\/de\/wp-json\/wp\/v2\/product_cat?post=425549"},{"taxonomy":"product_tag","embeddable":true,"href":"https:\/\/www.speedcube.nl\/de\/wp-json\/wp\/v2\/product_tag?post=425549"}],"curies":[{"name":"wp","href":"https:\/\/api.w.org\/{rel}","templated":true}]}}