{"id":425537,"date":"2022-06-23T11:40:24","date_gmt":"2022-06-23T09:40:24","guid":{"rendered":"https:\/\/www.speedcube.nl\/unkategorisiert\/dayan-nezha-5x5-magnetisch\/"},"modified":"2026-04-26T05:19:07","modified_gmt":"2026-04-26T03:19:07","slug":"dayan-nezha-5x5-magnetisch","status":"publish","type":"product","link":"https:\/\/www.speedcube.nl\/de\/speedcube-de\/dayan-de\/dayan-nezha-5x5-magnetisch\/","title":{"rendered":"Dayan Nezha 5&#215;5 Magnetisch"},"content":{"rendered":"<p>Der langj\u00e4hrige Hersteller DaYan kehrt mit einem brandneuen NezHa 5&#215;5 Speedcube zur\u00fcck. Dieser W\u00fcrfel hat prim\u00e4re Innenteile, ist frei von Aufklebern, verf\u00fcgt \u00fcber helle Farbt\u00f6ne und l\u00e4uft leise. Dieses 5&#215;5 ist eine &#8218;Medium Magnetic Version&#8216;. Zum Lieferumfang des W\u00fcrfels geh\u00f6ren DaYans charakteristische W\u00fcrfeltasche, Schraubendreher, Ersatzfedern und eine sch\u00f6ne Aufbewahrungsbox.<\/p>\n","protected":false},"excerpt":{"rendered":"<p>DAYAN<\/p>\n","protected":false},"featured_media":402437,"template":"","meta":{"_improvement_type_select":"improve_an_existing","_thumb_yes_seoaic":false,"_frame_yes_seoaic":false,"seoaic_generate_description":"","seoaic_improve_instructions_prompt":"","seoaic_rollback_content_improvement":"","seoaic_idea_thumbnail_generator":"","thumbnail_generated":false,"thumbnail_generate_prompt":"","seoaic_article_description":"","product-afmeting-lengte-mm":"","product-afmeting-breedte-mm":"","product-afmeting-hoogte-mm":""},"product_brand":[],"product_cat":[1872,2392,1211],"product_tag":[],"class_list":{"0":"post-425537","1":"product","2":"type-product","3":"status-publish","4":"has-post-thumbnail","6":"product_cat-5x5-de","7":"product_cat-dayan-de","8":"product_cat-speedcube-de","9":"pa_merken-dayan-de","11":"first","12":"instock","13":"taxable","14":"shipping-taxable","15":"purchasable","16":"product-type-simple"},"df_price":35.99,"df_sale_price":"","df_regular_price":35.99,"df_image_link":"https:\/\/www.speedcube.nl\/wp-content\/uploads\/2023\/06\/Productvisuals_Speedcubes-DaYan-NeZha-5M-5x5-1-285x300.jpg","_links":{"self":[{"href":"https:\/\/www.speedcube.nl\/de\/wp-json\/wp\/v2\/product\/425537","targetHints":{"allow":["GET"]}}],"collection":[{"href":"https:\/\/www.speedcube.nl\/de\/wp-json\/wp\/v2\/product"}],"about":[{"href":"https:\/\/www.speedcube.nl\/de\/wp-json\/wp\/v2\/types\/product"}],"version-history":[{"count":0,"href":"https:\/\/www.speedcube.nl\/de\/wp-json\/wp\/v2\/product\/425537\/revisions"}],"wp:featuredmedia":[{"embeddable":true,"href":"https:\/\/www.speedcube.nl\/de\/wp-json\/wp\/v2\/media\/402437"}],"wp:attachment":[{"href":"https:\/\/www.speedcube.nl\/de\/wp-json\/wp\/v2\/media?parent=425537"}],"wp:term":[{"taxonomy":"product_brand","embeddable":true,"href":"https:\/\/www.speedcube.nl\/de\/wp-json\/wp\/v2\/product_brand?post=425537"},{"taxonomy":"product_cat","embeddable":true,"href":"https:\/\/www.speedcube.nl\/de\/wp-json\/wp\/v2\/product_cat?post=425537"},{"taxonomy":"product_tag","embeddable":true,"href":"https:\/\/www.speedcube.nl\/de\/wp-json\/wp\/v2\/product_tag?post=425537"}],"curies":[{"name":"wp","href":"https:\/\/api.w.org\/{rel}","templated":true}]}}