{"id":425524,"date":"2022-06-22T12:36:40","date_gmt":"2022-06-22T10:36:40","guid":{"rendered":"https:\/\/www.speedcube.nl\/unkategorisiert\/teching-5-zylinder-radialmotor-dm116\/"},"modified":"2026-05-01T05:02:28","modified_gmt":"2026-05-01T03:02:28","slug":"teching-5-zylinder-radialmotor-dm116","status":"publish","type":"product","link":"https:\/\/www.speedcube.nl\/de\/modellbau\/teching-de\/teching-5-zylinder-radialmotor-dm116\/","title":{"rendered":"Teching 5-Zylinder-Radialmotor DM116"},"content":{"rendered":"<p>Ein Radialmotor ist ein Hubkolben-Verbrennungsmotor mit Zylindern um die Kurbelwelle. Vor dem Aufkommen des Turbinentriebwerks waren die meisten gro\u00dfen Flugzeugtriebwerke radial aufgebaut. Ein Sternmotor hat eine hohe Zuverl\u00e4ssigkeit, ein geringes Gewicht, ein gro\u00dfes Potenzial zur Leistungssteigerung sowie eine gute Wartbarkeit und \u00dcberlebensf\u00e4higkeit. Im Allgemeinen ist die Anzahl der Zylindergruppen eines Sternmotors ungerade und umfasst 5, 7 und 9 Zylinder. Um die Leistung zu erh\u00f6hen, k\u00f6nnen mehrere Reihen \u00fcbereinander gelegt werden. Platzieren Sie mehrere Zylinderb\u00e4nke in mehreren Reihen, bis zu einem Maximum von 4 Reihen \u00d7 7 Zylindern. Radialmotoren verwenden in der Regel weniger Nockenwellen als andere Motoren. Wie bei den meisten Viertaktern ben\u00f6tigt die Kurbelwelle zwei Umdrehungen, um die vier Takte jedes Kolbens (Einlass, Verdichtung, Verbrennung, Auslass) zu vollenden.<\/p>\n<p>Ma\u00dfstab: 1\/6<br \/>\nProduktgewicht: 1900 Gramm<br \/>\nGewicht der Verpackung: 2500 Gramm<br \/>\nMaterial: rostfreier Stahl + Aluminiumlegierung<br \/>\nAlter: 12 Jahre und \u00e4lter<br \/>\nAbmessungen der Verpackung: 34 x 24 x 14,5 cm<br \/>\nAnzahl der Teile: 230+<br \/>\nMontagezeit: ca. 4 Stunden<br \/>\nSchwierigkeit der Montage: 4 Sterne<\/p>\n<p>Lithium-Batterie: 3.7V 800mAh<br \/>\nLadespannung: DC 5V<br \/>\nAufladezeit: 2 Stunden<br \/>\nFunktion: Automatische Abschaltung bei externem Widerstand<br \/>\nVerpackung: hochwertige Metall-Geschenkbox<\/p>\n","protected":false},"excerpt":{"rendered":"<p>TECHING<\/p>\n","protected":false},"featured_media":402573,"template":"","meta":{"_improvement_type_select":"improve_an_existing","_thumb_yes_seoaic":false,"_frame_yes_seoaic":false,"seoaic_generate_description":"","seoaic_improve_instructions_prompt":"","seoaic_rollback_content_improvement":"","seoaic_idea_thumbnail_generator":"","thumbnail_generated":false,"thumbnail_generate_prompt":"","seoaic_article_description":"","product-afmeting-lengte-mm":"","product-afmeting-breedte-mm":"","product-afmeting-hoogte-mm":""},"product_brand":[],"product_cat":[1500,1720,1499,1501,2324],"product_tag":[],"class_list":{"0":"post-425524","1":"product","2":"type-product","3":"status-publish","4":"has-post-thumbnail","6":"product_cat-baukasten-fur-erwachsene","7":"product_cat-metallbaukasten","8":"product_cat-modellbau","9":"product_cat-modellmotoren","10":"product_cat-teching-de","11":"pa_merken-teching-de","13":"first","14":"instock","15":"taxable","16":"shipping-taxable","17":"purchasable","18":"product-type-simple"},"df_price":449.99,"df_sale_price":"","df_regular_price":449.99,"df_image_link":"https:\/\/www.speedcube.nl\/wp-content\/uploads\/2023\/06\/Productvisuals_Modelbouw-Teching-5-cylinder-Radial-Engine-DM116-285x300.jpg","_links":{"self":[{"href":"https:\/\/www.speedcube.nl\/de\/wp-json\/wp\/v2\/product\/425524","targetHints":{"allow":["GET"]}}],"collection":[{"href":"https:\/\/www.speedcube.nl\/de\/wp-json\/wp\/v2\/product"}],"about":[{"href":"https:\/\/www.speedcube.nl\/de\/wp-json\/wp\/v2\/types\/product"}],"version-history":[{"count":0,"href":"https:\/\/www.speedcube.nl\/de\/wp-json\/wp\/v2\/product\/425524\/revisions"}],"wp:featuredmedia":[{"embeddable":true,"href":"https:\/\/www.speedcube.nl\/de\/wp-json\/wp\/v2\/media\/402573"}],"wp:attachment":[{"href":"https:\/\/www.speedcube.nl\/de\/wp-json\/wp\/v2\/media?parent=425524"}],"wp:term":[{"taxonomy":"product_brand","embeddable":true,"href":"https:\/\/www.speedcube.nl\/de\/wp-json\/wp\/v2\/product_brand?post=425524"},{"taxonomy":"product_cat","embeddable":true,"href":"https:\/\/www.speedcube.nl\/de\/wp-json\/wp\/v2\/product_cat?post=425524"},{"taxonomy":"product_tag","embeddable":true,"href":"https:\/\/www.speedcube.nl\/de\/wp-json\/wp\/v2\/product_tag?post=425524"}],"curies":[{"name":"wp","href":"https:\/\/api.w.org\/{rel}","templated":true}]}}