{"id":425503,"date":"2022-07-14T08:06:19","date_gmt":"2022-07-14T06:06:19","guid":{"rendered":"https:\/\/www.speedcube.nl\/unkategorisiert\/magicyoyo-d5-yostarlight\/"},"modified":"2026-05-13T05:14:03","modified_gmt":"2026-05-13T03:14:03","slug":"magicyoyo-d5-yostarlight","status":"publish","type":"product","link":"https:\/\/www.speedcube.nl\/de\/yo-yos\/magicyoyo-de\/magicyoyo-d5-yostarlight\/","title":{"rendered":"MagicYoYo D5 Yostarlight"},"content":{"rendered":"<p>Das MagicYoyo D5 YoStarlight kann eine superhelle Lichtshow mit LED-Lichtern erzeugen, wenn du spielst. Dieses Jojo besteht aus Kunststoff, hat einen durchsichtigen K\u00f6rper und drei verschiedene Farben von LED-Lichtern. Die eingebaute Lampenplatine und die Batterien k\u00f6nnen herausgenommen werden, wenn Sie das Gewicht bei l\u00e4ngerem Gebrauch als zu schwer empfinden.<\/p>\n<p>Das D5 YoStarlight ist ein hochwertiges, reaktionsschnelles Yo-Yo, das speziell f\u00fcr Kinder und Anf\u00e4nger entwickelt wurde. Es hat alles, was man von einem Einsteiger-YoYo erwartet. Das Starburst-Response-System erfordert nur minimale Wartung und bietet extrem gleichm\u00e4\u00dfige Ansprechwerte. Sie k\u00f6nnen fortgeschrittene F\u00e4higkeiten und Looping-Tricks erlernen.<\/p>\n<p>Gewicht: 60,2 Gramm<br \/>\nDurchmesser: 59 mm<br \/>\nBreite: 36 mm<br \/>\n(Un)ansprechbar<\/p>\n<p>&nbsp;<\/p>\n","protected":false},"excerpt":{"rendered":"<p>MAGICYOYO<\/p>\n","protected":false},"featured_media":402791,"template":"","meta":{"_improvement_type_select":"improve_an_existing","_thumb_yes_seoaic":false,"_frame_yes_seoaic":false,"seoaic_generate_description":"","seoaic_improve_instructions_prompt":"","seoaic_rollback_content_improvement":"","seoaic_idea_thumbnail_generator":"","thumbnail_generated":false,"thumbnail_generate_prompt":"","seoaic_article_description":"","product-afmeting-lengte-mm":"","product-afmeting-breedte-mm":"","product-afmeting-hoogte-mm":""},"product_brand":[],"product_cat":[1419,1418,1705,1238],"product_tag":[],"class_list":{"0":"post-425503","1":"product","2":"type-product","3":"status-publish","4":"has-post-thumbnail","6":"product_cat-ansprechbar","7":"product_cat-kunststoff","8":"product_cat-magicyoyo-de","9":"product_cat-yo-yos","10":"pa_merken-magicyoyo-de","12":"first","13":"outofstock","14":"taxable","15":"shipping-taxable","16":"purchasable","17":"product-type-variable"},"df_price":14.99,"df_sale_price":"","df_regular_price":14.99,"df_image_link":"https:\/\/www.speedcube.nl\/wp-content\/uploads\/2023\/06\/Productvisuals_yoyo-MAGICYOYO-D5-YoStarlight-6-1-285x300.jpg","_links":{"self":[{"href":"https:\/\/www.speedcube.nl\/de\/wp-json\/wp\/v2\/product\/425503","targetHints":{"allow":["GET"]}}],"collection":[{"href":"https:\/\/www.speedcube.nl\/de\/wp-json\/wp\/v2\/product"}],"about":[{"href":"https:\/\/www.speedcube.nl\/de\/wp-json\/wp\/v2\/types\/product"}],"version-history":[{"count":0,"href":"https:\/\/www.speedcube.nl\/de\/wp-json\/wp\/v2\/product\/425503\/revisions"}],"wp:featuredmedia":[{"embeddable":true,"href":"https:\/\/www.speedcube.nl\/de\/wp-json\/wp\/v2\/media\/402791"}],"wp:attachment":[{"href":"https:\/\/www.speedcube.nl\/de\/wp-json\/wp\/v2\/media?parent=425503"}],"wp:term":[{"taxonomy":"product_brand","embeddable":true,"href":"https:\/\/www.speedcube.nl\/de\/wp-json\/wp\/v2\/product_brand?post=425503"},{"taxonomy":"product_cat","embeddable":true,"href":"https:\/\/www.speedcube.nl\/de\/wp-json\/wp\/v2\/product_cat?post=425503"},{"taxonomy":"product_tag","embeddable":true,"href":"https:\/\/www.speedcube.nl\/de\/wp-json\/wp\/v2\/product_tag?post=425503"}],"curies":[{"name":"wp","href":"https:\/\/api.w.org\/{rel}","templated":true}]}}