{"id":425499,"date":"2022-06-22T09:40:01","date_gmt":"2022-06-22T07:40:01","guid":{"rendered":"https:\/\/www.speedcube.nl\/unkategorisiert\/diansheng-solar-magnetisch\/"},"modified":"2026-05-03T05:29:34","modified_gmt":"2026-05-03T03:29:34","slug":"diansheng-solar-magnetisch","status":"publish","type":"product","link":"https:\/\/www.speedcube.nl\/de\/aanbieding-de\/diansheng-solar-magnetisch\/","title":{"rendered":"Diansheng Solar Magnetisch"},"content":{"rendered":"<p>DianSheng ist eine neue Marke in der Welt der W\u00fcrfel, was bedeutet, dass bei der Entwicklung ihrer ersten Serie &#8222;Solar&#8220; viel auf dem Spiel stand. Ein gemeinsamer Nenner f\u00fcr alle W\u00fcrfel der Serie ist der Fokus auf kosteng\u00fcnstige, hochwertige W\u00fcrfel. Die Produkte machen Spa\u00df, aber das Verlockendste an den Speedcubes ist ihr unglaubliches Magnetsystem. Die Magnete haben eine sehr gute Stabilit\u00e4t, so dass es super einfach ist, die Seiten des W\u00fcrfels beim Drehen perfekt auszurichten.<\/p>\n<p>Dieser W\u00fcrfel hat eine austauschbare Mittelkappe und ein Federsystem, so dass Sie das Aussehen und die Haptik individuell gestalten k\u00f6nnen, dies gilt nur f\u00fcr den 3&#215;3!<\/p>\n","protected":false},"excerpt":{"rendered":"<p>DIANSHENG<\/p>\n","protected":false},"featured_media":402373,"template":"","meta":{"_improvement_type_select":"improve_an_existing","_thumb_yes_seoaic":false,"_frame_yes_seoaic":false,"seoaic_generate_description":"","seoaic_improve_instructions_prompt":"","seoaic_rollback_content_improvement":"","seoaic_idea_thumbnail_generator":"","thumbnail_generated":false,"thumbnail_generate_prompt":"","seoaic_article_description":"","product-afmeting-lengte-mm":"","product-afmeting-breedte-mm":"","product-afmeting-hoogte-mm":""},"product_brand":[],"product_cat":[1267,1221,1229,1328,1211,2558],"product_tag":[],"class_list":{"0":"post-425499","1":"product","2":"type-product","3":"status-publish","4":"has-post-thumbnail","6":"product_cat-2x2-de","7":"product_cat-3x3-de","8":"product_cat-4x4-de","9":"product_cat-diansheng-de","10":"product_cat-speedcube-de","11":"product_cat-aanbieding-de","12":"pa_merken-diansheng-de","14":"first","15":"instock","16":"sale","17":"taxable","18":"shipping-taxable","19":"purchasable","20":"product-type-variable"},"df_price":9.5,"df_sale_price":"","df_regular_price":9.5,"df_image_link":"https:\/\/www.speedcube.nl\/wp-content\/uploads\/2023\/06\/Productvisuals_Speedcubes-DianSheng-Solar-Magnetic-285x300.jpg","_links":{"self":[{"href":"https:\/\/www.speedcube.nl\/de\/wp-json\/wp\/v2\/product\/425499","targetHints":{"allow":["GET"]}}],"collection":[{"href":"https:\/\/www.speedcube.nl\/de\/wp-json\/wp\/v2\/product"}],"about":[{"href":"https:\/\/www.speedcube.nl\/de\/wp-json\/wp\/v2\/types\/product"}],"version-history":[{"count":0,"href":"https:\/\/www.speedcube.nl\/de\/wp-json\/wp\/v2\/product\/425499\/revisions"}],"wp:featuredmedia":[{"embeddable":true,"href":"https:\/\/www.speedcube.nl\/de\/wp-json\/wp\/v2\/media\/402373"}],"wp:attachment":[{"href":"https:\/\/www.speedcube.nl\/de\/wp-json\/wp\/v2\/media?parent=425499"}],"wp:term":[{"taxonomy":"product_brand","embeddable":true,"href":"https:\/\/www.speedcube.nl\/de\/wp-json\/wp\/v2\/product_brand?post=425499"},{"taxonomy":"product_cat","embeddable":true,"href":"https:\/\/www.speedcube.nl\/de\/wp-json\/wp\/v2\/product_cat?post=425499"},{"taxonomy":"product_tag","embeddable":true,"href":"https:\/\/www.speedcube.nl\/de\/wp-json\/wp\/v2\/product_tag?post=425499"}],"curies":[{"name":"wp","href":"https:\/\/api.w.org\/{rel}","templated":true}]}}