{"id":425498,"date":"2022-06-22T11:17:07","date_gmt":"2022-06-22T09:17:07","guid":{"rendered":"https:\/\/www.speedcube.nl\/unkategorisiert\/gan-oel-nr-3-beherrschung\/"},"modified":"2026-05-02T05:00:56","modified_gmt":"2026-05-02T03:00:56","slug":"gan-oel-nr-3-beherrschung","status":"publish","type":"product","link":"https:\/\/www.speedcube.nl\/de\/speedcube-de\/schmierstoffe\/gan-oel-nr-3-beherrschung\/","title":{"rendered":"Gan-\u00d6l Nr. 3 &#8211; Beherrschung"},"content":{"rendered":"<p>GAN Oil No. 3 &#8211; Mastery ist ein schwereres Schmiermittel auf Silikonbasis, das Ihrem Speedcube mehr Stabilit\u00e4t und Geschmeidigkeit verleiht. Dadurch haben Sie mehr Kontrolle \u00fcber Ihren W\u00fcrfel. Wie? Geben Sie 1-2 Tropfen in die Mitte des W\u00fcrfels, wirbeln Sie den W\u00fcrfel gut durch und lassen Sie ihn dann eine Weile stehen. Wenn Sie es danach wieder verwenden, werden Sie feststellen, was dieses \u00d6l bewirkt hat.<\/p>\n","protected":false},"excerpt":{"rendered":"<p>GAN<\/p>\n","protected":false},"featured_media":402479,"template":"","meta":{"_improvement_type_select":"improve_an_existing","_thumb_yes_seoaic":false,"_frame_yes_seoaic":false,"seoaic_generate_description":"","seoaic_improve_instructions_prompt":"","seoaic_rollback_content_improvement":"","seoaic_idea_thumbnail_generator":"","thumbnail_generated":false,"thumbnail_generate_prompt":"","seoaic_article_description":"","product-afmeting-lengte-mm":"","product-afmeting-breedte-mm":"","product-afmeting-hoogte-mm":""},"product_brand":[],"product_cat":[1270,2564,1211],"product_tag":[],"class_list":{"0":"post-425498","1":"product","2":"type-product","3":"status-publish","4":"has-post-thumbnail","6":"product_cat-gan-de","7":"product_cat-schmierstoffe","8":"product_cat-speedcube-de","9":"pa_merken-gan-de","11":"first","12":"instock","13":"taxable","14":"shipping-taxable","15":"purchasable","16":"product-type-simple"},"df_price":6.99,"df_sale_price":"","df_regular_price":6.99,"df_image_link":"https:\/\/www.speedcube.nl\/wp-content\/uploads\/2023\/06\/Productvisuals_Speedcubes-GAN-Olie-3-1-285x300.jpg","_links":{"self":[{"href":"https:\/\/www.speedcube.nl\/de\/wp-json\/wp\/v2\/product\/425498","targetHints":{"allow":["GET"]}}],"collection":[{"href":"https:\/\/www.speedcube.nl\/de\/wp-json\/wp\/v2\/product"}],"about":[{"href":"https:\/\/www.speedcube.nl\/de\/wp-json\/wp\/v2\/types\/product"}],"version-history":[{"count":0,"href":"https:\/\/www.speedcube.nl\/de\/wp-json\/wp\/v2\/product\/425498\/revisions"}],"wp:featuredmedia":[{"embeddable":true,"href":"https:\/\/www.speedcube.nl\/de\/wp-json\/wp\/v2\/media\/402479"}],"wp:attachment":[{"href":"https:\/\/www.speedcube.nl\/de\/wp-json\/wp\/v2\/media?parent=425498"}],"wp:term":[{"taxonomy":"product_brand","embeddable":true,"href":"https:\/\/www.speedcube.nl\/de\/wp-json\/wp\/v2\/product_brand?post=425498"},{"taxonomy":"product_cat","embeddable":true,"href":"https:\/\/www.speedcube.nl\/de\/wp-json\/wp\/v2\/product_cat?post=425498"},{"taxonomy":"product_tag","embeddable":true,"href":"https:\/\/www.speedcube.nl\/de\/wp-json\/wp\/v2\/product_tag?post=425498"}],"curies":[{"name":"wp","href":"https:\/\/api.w.org\/{rel}","templated":true}]}}