{"id":425497,"date":"2022-08-10T09:27:15","date_gmt":"2022-08-10T07:27:15","guid":{"rendered":"https:\/\/www.speedcube.nl\/unkategorisiert\/yj-mgc-elite-m-3x3-v2\/"},"modified":"2026-05-09T05:00:25","modified_gmt":"2026-05-09T03:00:25","slug":"yj-mgc-elite-m-3x3-v2","status":"publish","type":"product","link":"https:\/\/www.speedcube.nl\/de\/aanbieding-de\/yj-mgc-elite-m-3x3-v2\/","title":{"rendered":"YJ MGC Elite M 3&#215;3 V2"},"content":{"rendered":"<p>Der YJ MGC Elite 3&#215;3 V2 Magnetic ist ein gro\u00dfer Fortschritt in der MGC Linie von erschwinglichen Speedcubes! Das Hinzuf\u00fcgen von Funktionen wie dem Federkompressionssystem und den einstellbaren Magneten zu einem Speedcube f\u00fcr weniger als 25 \u20ac ist ziemlich beeindruckend! F\u00fcr den Preis ist es schwer, mit dem MGC Elite etwas falsch zu machen.<\/p>\n<p>Warum wir es lieben. Einstellbares Federkompressionssystem (6 Positionen), einstellbare Magnetst\u00e4rke, superstarke Magnete, leuchtende Farben, dreht sich gleichm\u00e4\u00dfig und schnell.<\/p>\n","protected":false},"excerpt":{"rendered":"<p>YJ<\/p>\n","protected":false},"featured_media":402964,"template":"","meta":{"_improvement_type_select":"improve_an_existing","_thumb_yes_seoaic":false,"_frame_yes_seoaic":false,"seoaic_generate_description":"","seoaic_improve_instructions_prompt":"","seoaic_rollback_content_improvement":"","seoaic_idea_thumbnail_generator":"","thumbnail_generated":false,"thumbnail_generate_prompt":"","seoaic_article_description":"","product-afmeting-lengte-mm":"","product-afmeting-breedte-mm":"","product-afmeting-hoogte-mm":""},"product_brand":[],"product_cat":[2174,1211,2558],"product_tag":[],"class_list":{"0":"post-425497","1":"product","2":"type-product","3":"status-publish","4":"has-post-thumbnail","6":"product_cat-yj-de","7":"product_cat-speedcube-de","8":"product_cat-aanbieding-de","9":"pa_merken-yj-de","11":"first","12":"instock","13":"sale","14":"taxable","15":"shipping-taxable","16":"purchasable","17":"product-type-simple"},"df_price":11.19,"df_sale_price":11.19,"df_regular_price":19.99,"df_image_link":"https:\/\/www.speedcube.nl\/wp-content\/uploads\/2023\/06\/Productvisuals_Speedcubes-YJ-MGC-Elite-M-3x3-V2-285x300.jpg","_links":{"self":[{"href":"https:\/\/www.speedcube.nl\/de\/wp-json\/wp\/v2\/product\/425497","targetHints":{"allow":["GET"]}}],"collection":[{"href":"https:\/\/www.speedcube.nl\/de\/wp-json\/wp\/v2\/product"}],"about":[{"href":"https:\/\/www.speedcube.nl\/de\/wp-json\/wp\/v2\/types\/product"}],"version-history":[{"count":0,"href":"https:\/\/www.speedcube.nl\/de\/wp-json\/wp\/v2\/product\/425497\/revisions"}],"wp:featuredmedia":[{"embeddable":true,"href":"https:\/\/www.speedcube.nl\/de\/wp-json\/wp\/v2\/media\/402964"}],"wp:attachment":[{"href":"https:\/\/www.speedcube.nl\/de\/wp-json\/wp\/v2\/media?parent=425497"}],"wp:term":[{"taxonomy":"product_brand","embeddable":true,"href":"https:\/\/www.speedcube.nl\/de\/wp-json\/wp\/v2\/product_brand?post=425497"},{"taxonomy":"product_cat","embeddable":true,"href":"https:\/\/www.speedcube.nl\/de\/wp-json\/wp\/v2\/product_cat?post=425497"},{"taxonomy":"product_tag","embeddable":true,"href":"https:\/\/www.speedcube.nl\/de\/wp-json\/wp\/v2\/product_tag?post=425497"}],"curies":[{"name":"wp","href":"https:\/\/api.w.org\/{rel}","templated":true}]}}