{"id":425485,"date":"2022-08-16T10:40:43","date_gmt":"2022-08-16T08:40:43","guid":{"rendered":"https:\/\/www.speedcube.nl\/unkategorisiert\/moyu-rs-skewb\/"},"modified":"2026-05-09T05:04:07","modified_gmt":"2026-05-09T03:04:07","slug":"moyu-rs-skewb","status":"publish","type":"product","link":"https:\/\/www.speedcube.nl\/de\/speedcube-de\/skewb-de\/moyu-rs-skewb\/","title":{"rendered":"MoYu RS Skewb"},"content":{"rendered":"<p>Das MoYu RS Magnetic Skewb ist ein preisg\u00fcnstiges magnetisches Skweb-Puzzle mit vielen M\u00f6glichkeiten. Er hat einen neuen Anti-Pop-Mechanismus und abgerundete Ecken. Der Spie\u00df hat au\u00dferdem eine mattierte Au\u00dfenseite f\u00fcr besseren Halt. Dieses Puzzle ist mit einem doppelten Verstellsystem ausgestattet, das Ihnen 9 verschiedene Elastizit\u00e4tsstufen zur Auswahl bietet!<\/p>\n<p>Neben dem regul\u00e4ren RS Skewb hat MoYu nun den RS Skewb mit Magnetschwebetechnologie auf den Markt gebracht. Wie sein kleiner Bruder ist auch dieser Spie\u00df mit dem neuen Anti-Pop-System der RS-Linie ausgestattet, und die abgerundeten Ecken sorgen f\u00fcr einen guten Kantenschnitt. Sofort nach dem Auspacken f\u00fchlt sich das R\u00e4tsel schnell und reibungslos an. Die Maglev-Technologie macht ihn zu einem leisen W\u00fcrfel, der sehr ruhig l\u00e4uft.<\/p>\n<p>Enth\u00e4lt: Werkzeug zum Zusammendr\u00fccken der Feder, Schraubendreher und ein Ersatz-Druckst\u00fcck. Produktgr\u00f6\u00dfe 55 x 55 mm.<\/p>\n","protected":false},"excerpt":{"rendered":"<p>MOYU<\/p>\n","protected":false},"featured_media":402944,"template":"","meta":{"_improvement_type_select":"improve_an_existing","_thumb_yes_seoaic":false,"_frame_yes_seoaic":false,"seoaic_generate_description":"","seoaic_improve_instructions_prompt":"","seoaic_rollback_content_improvement":"","seoaic_idea_thumbnail_generator":"","thumbnail_generated":false,"thumbnail_generate_prompt":"","seoaic_article_description":"","product-afmeting-lengte-mm":"","product-afmeting-breedte-mm":"","product-afmeting-hoogte-mm":""},"product_brand":[],"product_cat":[1332,1339,1211],"product_tag":[],"class_list":{"0":"post-425485","1":"product","2":"type-product","3":"status-publish","4":"has-post-thumbnail","6":"product_cat-moyu-de","7":"product_cat-skewb-de","8":"product_cat-speedcube-de","9":"pa_merken-moyu-de","11":"first","12":"instock","13":"taxable","14":"shipping-taxable","15":"purchasable","16":"product-type-variable"},"df_price":10.99,"df_sale_price":"","df_regular_price":10.99,"df_image_link":"https:\/\/www.speedcube.nl\/wp-content\/uploads\/2023\/06\/Productvisuals_Speedcubes-MoYu-RS-Magnetic-Skewb-285x300.jpg","_links":{"self":[{"href":"https:\/\/www.speedcube.nl\/de\/wp-json\/wp\/v2\/product\/425485","targetHints":{"allow":["GET"]}}],"collection":[{"href":"https:\/\/www.speedcube.nl\/de\/wp-json\/wp\/v2\/product"}],"about":[{"href":"https:\/\/www.speedcube.nl\/de\/wp-json\/wp\/v2\/types\/product"}],"version-history":[{"count":0,"href":"https:\/\/www.speedcube.nl\/de\/wp-json\/wp\/v2\/product\/425485\/revisions"}],"wp:featuredmedia":[{"embeddable":true,"href":"https:\/\/www.speedcube.nl\/de\/wp-json\/wp\/v2\/media\/402944"}],"wp:attachment":[{"href":"https:\/\/www.speedcube.nl\/de\/wp-json\/wp\/v2\/media?parent=425485"}],"wp:term":[{"taxonomy":"product_brand","embeddable":true,"href":"https:\/\/www.speedcube.nl\/de\/wp-json\/wp\/v2\/product_brand?post=425485"},{"taxonomy":"product_cat","embeddable":true,"href":"https:\/\/www.speedcube.nl\/de\/wp-json\/wp\/v2\/product_cat?post=425485"},{"taxonomy":"product_tag","embeddable":true,"href":"https:\/\/www.speedcube.nl\/de\/wp-json\/wp\/v2\/product_tag?post=425485"}],"curies":[{"name":"wp","href":"https:\/\/api.w.org\/{rel}","templated":true}]}}