{"id":425456,"date":"2022-09-01T11:46:00","date_gmt":"2022-09-01T09:46:00","guid":{"rendered":"https:\/\/www.speedcube.nl\/unkategorisiert\/intelligentes-neon-rosa\/"},"modified":"2026-05-01T05:04:23","modified_gmt":"2026-05-01T03:04:23","slug":"intelligentes-neon-rosa","status":"publish","type":"product","link":"https:\/\/www.speedcube.nl\/de\/kitt\/intelligent-de\/intelligentes-neon-rosa\/","title":{"rendered":"Intelligentes Neon-Rosa"},"content":{"rendered":"<p>Neonpink l\u00e4sst nicht nur M\u00e4dchenherzen h\u00f6her schlagen. Dieser kuschelige farbige Knetschleim sorgt f\u00fcr gute Laune. Mit seinem kr\u00e4ftigen Rosa und seiner leuchtenden Wirkung bleibt keine Zeit f\u00fcr Langeweile. Die intelligente Knete dehnt sich wie ein Kaugummi, springt wie ein Ball und rei\u00dft so leicht wie Papier. Diese Spachtelmasse ist in einer attraktiven Metalldose verpackt.<\/p>\n<p>SMALL: Abmessungen: 50 x 50 x 15 mm, Gewicht: 18 Gramm<br \/>\nMEDIUM: Abmessungen: 75 x 75 x 23 mm, Gewicht: 40 Gramm<\/p>\n<p><em>Merkmale:<\/em><br \/>\n+ Feste Konsistenz<br \/>\n+ Nicht klebrig<br \/>\n+ Verschmutzt die H\u00e4nde nicht<br \/>\n+ Geruchlos<br \/>\n+ Trocknet nicht aus!<br \/>\n+ BPA-frei<\/p>\n","protected":false},"excerpt":{"rendered":"<p>INTELLIGENT<\/p>\n","protected":false},"featured_media":403416,"template":"","meta":{"_improvement_type_select":"improve_an_existing","_thumb_yes_seoaic":false,"_frame_yes_seoaic":false,"seoaic_generate_description":"","seoaic_improve_instructions_prompt":"","seoaic_rollback_content_improvement":"","seoaic_idea_thumbnail_generator":"","thumbnail_generated":false,"thumbnail_generate_prompt":"","seoaic_article_description":"","product-afmeting-lengte-mm":"","product-afmeting-breedte-mm":"","product-afmeting-hoogte-mm":""},"product_brand":[],"product_cat":[1566,1560,1552],"product_tag":[],"class_list":{"0":"post-425456","1":"product","2":"type-product","3":"status-publish","4":"has-post-thumbnail","6":"product_cat-intelligent-de","7":"product_cat-kitt-de","8":"product_cat-kitt","9":"pa_merken-intelligent-de","11":"first","12":"outofstock","13":"taxable","14":"shipping-taxable","15":"purchasable","16":"product-type-variable"},"df_price":4.95,"df_sale_price":"","df_regular_price":4.95,"df_image_link":"https:\/\/www.speedcube.nl\/wp-content\/uploads\/2023\/06\/Productvisuals_putty-Intelligente-Neon-Roze-285x300.jpg","_links":{"self":[{"href":"https:\/\/www.speedcube.nl\/de\/wp-json\/wp\/v2\/product\/425456","targetHints":{"allow":["GET"]}}],"collection":[{"href":"https:\/\/www.speedcube.nl\/de\/wp-json\/wp\/v2\/product"}],"about":[{"href":"https:\/\/www.speedcube.nl\/de\/wp-json\/wp\/v2\/types\/product"}],"version-history":[{"count":0,"href":"https:\/\/www.speedcube.nl\/de\/wp-json\/wp\/v2\/product\/425456\/revisions"}],"wp:featuredmedia":[{"embeddable":true,"href":"https:\/\/www.speedcube.nl\/de\/wp-json\/wp\/v2\/media\/403416"}],"wp:attachment":[{"href":"https:\/\/www.speedcube.nl\/de\/wp-json\/wp\/v2\/media?parent=425456"}],"wp:term":[{"taxonomy":"product_brand","embeddable":true,"href":"https:\/\/www.speedcube.nl\/de\/wp-json\/wp\/v2\/product_brand?post=425456"},{"taxonomy":"product_cat","embeddable":true,"href":"https:\/\/www.speedcube.nl\/de\/wp-json\/wp\/v2\/product_cat?post=425456"},{"taxonomy":"product_tag","embeddable":true,"href":"https:\/\/www.speedcube.nl\/de\/wp-json\/wp\/v2\/product_tag?post=425456"}],"curies":[{"name":"wp","href":"https:\/\/api.w.org\/{rel}","templated":true}]}}