{"id":425450,"date":"2022-08-16T10:30:27","date_gmt":"2022-08-16T08:30:27","guid":{"rendered":"https:\/\/www.speedcube.nl\/unkategorisiert\/yoyofactory-knoten-badeschnuere-100-stueck\/"},"modified":"2026-05-10T05:04:14","modified_gmt":"2026-05-10T03:04:14","slug":"yoyofactory-knoten-badeschnuere-100-stueck","status":"publish","type":"product","link":"https:\/\/www.speedcube.nl\/de\/yo-yos\/draht\/yoyofactory-knoten-badeschnuere-100-stueck\/","title":{"rendered":"YoYoFactory Knoten Badeschn\u00fcre (100 St\u00fcck)"},"content":{"rendered":"<p>Die &#8218;Knot Bad&#8216;-Saiten sind gar nicht schlecht! YoYoFactory hat an einem neuen Seil zum Lenken gearbeitet und der Name ist Programm: kein schlechtes Seil! Sie f\u00fchlen sich weich an, sind leicht federnd und haben genau die richtige Dicke f\u00fcr enge Bindungen. Es gibt nur eine Art&#8230; Und es hei\u00dft &#8218;Knot Bad&#8216;. Hergestellt aus 100% Polyester. Erh\u00e4ltlich in einem B\u00fcndel von 100 St\u00fcck. L\u00e4nge 110 cm mit einer vorgebundenen Fingerschlaufe.<\/p>\n","protected":false},"excerpt":{"rendered":"<p>YOYOFACTORY<\/p>\n","protected":false},"featured_media":403112,"template":"","meta":{"_improvement_type_select":"improve_an_existing","_thumb_yes_seoaic":false,"_frame_yes_seoaic":false,"seoaic_generate_description":"","seoaic_improve_instructions_prompt":"","seoaic_rollback_content_improvement":"","seoaic_idea_thumbnail_generator":"","thumbnail_generated":false,"thumbnail_generate_prompt":"","seoaic_article_description":"","product-afmeting-lengte-mm":"","product-afmeting-breedte-mm":"","product-afmeting-hoogte-mm":""},"product_brand":[],"product_cat":[2561,1238,1462],"product_tag":[],"class_list":{"0":"post-425450","1":"product","2":"type-product","3":"status-publish","4":"has-post-thumbnail","6":"product_cat-draht","7":"product_cat-yo-yos","8":"product_cat-yoyofactory-de","9":"pa_merken-yoyofactory-de","11":"first","12":"instock","13":"taxable","14":"shipping-taxable","15":"purchasable","16":"product-type-simple"},"df_price":19.99,"df_sale_price":"","df_regular_price":19.99,"df_image_link":"https:\/\/www.speedcube.nl\/wp-content\/uploads\/2023\/06\/Productvisuals_yoyo-YoyoFactory-Knot-Bad-touwtjes-285x300.jpg","_links":{"self":[{"href":"https:\/\/www.speedcube.nl\/de\/wp-json\/wp\/v2\/product\/425450","targetHints":{"allow":["GET"]}}],"collection":[{"href":"https:\/\/www.speedcube.nl\/de\/wp-json\/wp\/v2\/product"}],"about":[{"href":"https:\/\/www.speedcube.nl\/de\/wp-json\/wp\/v2\/types\/product"}],"version-history":[{"count":0,"href":"https:\/\/www.speedcube.nl\/de\/wp-json\/wp\/v2\/product\/425450\/revisions"}],"wp:featuredmedia":[{"embeddable":true,"href":"https:\/\/www.speedcube.nl\/de\/wp-json\/wp\/v2\/media\/403112"}],"wp:attachment":[{"href":"https:\/\/www.speedcube.nl\/de\/wp-json\/wp\/v2\/media?parent=425450"}],"wp:term":[{"taxonomy":"product_brand","embeddable":true,"href":"https:\/\/www.speedcube.nl\/de\/wp-json\/wp\/v2\/product_brand?post=425450"},{"taxonomy":"product_cat","embeddable":true,"href":"https:\/\/www.speedcube.nl\/de\/wp-json\/wp\/v2\/product_cat?post=425450"},{"taxonomy":"product_tag","embeddable":true,"href":"https:\/\/www.speedcube.nl\/de\/wp-json\/wp\/v2\/product_tag?post=425450"}],"curies":[{"name":"wp","href":"https:\/\/api.w.org\/{rel}","templated":true}]}}