{"id":425420,"date":"2022-09-01T11:20:39","date_gmt":"2022-09-01T09:20:39","guid":{"rendered":"https:\/\/www.speedcube.nl\/unkategorisiert\/intelligenter-smaragd-klein\/"},"modified":"2026-05-02T05:00:31","modified_gmt":"2026-05-02T03:00:31","slug":"intelligenter-smaragd-klein","status":"publish","type":"product","link":"https:\/\/www.speedcube.nl\/de\/aanbieding-de\/intelligenter-smaragd-klein\/","title":{"rendered":"Intelligenter Smaragd &#8211; Klein"},"content":{"rendered":"<p>Dieser wundersch\u00f6ne smaragdgr\u00fcne Kitt schimmert und funkelt wie ein kostbarer Schatz. Dank der intensiven gr\u00fcnen Farbe und den feinen Glitzerpartikeln kommen auch Schmuckliebhaber auf ihre Kosten. Die intelligente Knete dehnt sich wie ein Kaugummi, springt wie ein Ball und rei\u00dft so leicht wie Papier. Diese Spachtelmasse ist in einer attraktiven Metalldose verpackt.<\/p>\n<p>Abmessungen: 50 x 50 x 15 mm<br \/>\nGewicht: 18 Gramm<\/p>\n<p><em>Merkmale:<\/em><br \/>\n+ Feste Konsistenz<br \/>\n+ Nicht klebrig<br \/>\n+ Verschmutzt die H\u00e4nde nicht<br \/>\n+ Geruchlos<br \/>\n+ Trocknet nicht aus!<br \/>\n+ BPA-frei<\/p>\n","protected":false},"excerpt":{"rendered":"<p>INTELLIGENT<\/p>\n","protected":false},"featured_media":403360,"template":"","meta":{"_improvement_type_select":"improve_an_existing","_thumb_yes_seoaic":false,"_frame_yes_seoaic":false,"seoaic_generate_description":"","seoaic_improve_instructions_prompt":"","seoaic_rollback_content_improvement":"","seoaic_idea_thumbnail_generator":"","thumbnail_generated":false,"thumbnail_generate_prompt":"","seoaic_article_description":"","product-afmeting-lengte-mm":"","product-afmeting-breedte-mm":"","product-afmeting-hoogte-mm":""},"product_brand":[],"product_cat":[1566,1552,2558],"product_tag":[],"class_list":{"0":"post-425420","1":"product","2":"type-product","3":"status-publish","4":"has-post-thumbnail","6":"product_cat-intelligent-de","7":"product_cat-kitt","8":"product_cat-aanbieding-de","9":"pa_merken-intelligent-de","11":"first","12":"instock","13":"sale","14":"taxable","15":"shipping-taxable","16":"purchasable","17":"product-type-simple"},"df_price":3.71,"df_sale_price":3.71,"df_regular_price":4.95,"df_image_link":"https:\/\/www.speedcube.nl\/wp-content\/uploads\/2023\/06\/Productvisuals_putty-Intelligente-Smaragd-285x300.jpg","_links":{"self":[{"href":"https:\/\/www.speedcube.nl\/de\/wp-json\/wp\/v2\/product\/425420","targetHints":{"allow":["GET"]}}],"collection":[{"href":"https:\/\/www.speedcube.nl\/de\/wp-json\/wp\/v2\/product"}],"about":[{"href":"https:\/\/www.speedcube.nl\/de\/wp-json\/wp\/v2\/types\/product"}],"version-history":[{"count":0,"href":"https:\/\/www.speedcube.nl\/de\/wp-json\/wp\/v2\/product\/425420\/revisions"}],"wp:featuredmedia":[{"embeddable":true,"href":"https:\/\/www.speedcube.nl\/de\/wp-json\/wp\/v2\/media\/403360"}],"wp:attachment":[{"href":"https:\/\/www.speedcube.nl\/de\/wp-json\/wp\/v2\/media?parent=425420"}],"wp:term":[{"taxonomy":"product_brand","embeddable":true,"href":"https:\/\/www.speedcube.nl\/de\/wp-json\/wp\/v2\/product_brand?post=425420"},{"taxonomy":"product_cat","embeddable":true,"href":"https:\/\/www.speedcube.nl\/de\/wp-json\/wp\/v2\/product_cat?post=425420"},{"taxonomy":"product_tag","embeddable":true,"href":"https:\/\/www.speedcube.nl\/de\/wp-json\/wp\/v2\/product_tag?post=425420"}],"curies":[{"name":"wp","href":"https:\/\/api.w.org\/{rel}","templated":true}]}}