{"id":425413,"date":"2022-08-16T10:30:42","date_gmt":"2022-08-16T08:30:42","guid":{"rendered":"https:\/\/www.speedcube.nl\/unkategorisiert\/yoyofactory-shutter-weitwinkel\/"},"modified":"2026-05-13T05:13:53","modified_gmt":"2026-05-13T03:13:53","slug":"yoyofactory-shutter-weitwinkel","status":"publish","type":"product","link":"https:\/\/www.speedcube.nl\/de\/yo-yos\/aluminium-de\/yoyofactory-shutter-weitwinkel\/","title":{"rendered":"YoYoFactory Shutter Weitwinkel Champions Kollektion"},"content":{"rendered":"<p>Wie der Name schon sagt, ist er etwas breiter als der urspr\u00fcngliche Shutter, so dass man die Saite leichter treffen kann. Der Shutter Wide Angle wurde von Grund auf neu entwickelt und hat einen Innenschuh, der f\u00fcr eine Gewichtsverteilung sorgt, die Power\/Speed und Kontrolle bei langen technischen Kombinationen und auff\u00e4lliger Performance bietet. Sie bietet au\u00dferdem einzigartige M\u00f6glichkeiten zum Fingerschleifen auf beiden Innenfl\u00e4chen sowie zum Schleifen von Mittel- und Au\u00dfenringen. Es braucht mehr als ein gro\u00dfartiges Yo-Yo, um ein Champion zu werden, aber ein gro\u00dfartiges Yo-Yo ist etwas, das jeder Champion braucht. Lager: Gr\u00f6\u00dfe C Gewicht: 66.9 Gramm Durchmesser: 56.1 mm Breite: 48 mm (un)ansprechend: unansprechend<\/p>\n","protected":false},"excerpt":{"rendered":"<p>YOYOFACTORY<\/p>\n","protected":false},"featured_media":481180,"template":"","meta":{"_improvement_type_select":"improve_an_existing","_thumb_yes_seoaic":false,"_frame_yes_seoaic":false,"seoaic_generate_description":"","seoaic_improve_instructions_prompt":"","seoaic_rollback_content_improvement":"","seoaic_idea_thumbnail_generator":"","thumbnail_generated":false,"thumbnail_generate_prompt":"","seoaic_article_description":"","product-afmeting-lengte-mm":"","product-afmeting-breedte-mm":"","product-afmeting-hoogte-mm":""},"product_brand":[],"product_cat":[1572,1255,1238,1462],"product_tag":[],"class_list":{"0":"post-425413","1":"product","2":"type-product","3":"status-publish","4":"has-post-thumbnail","6":"product_cat-aluminium-de","7":"product_cat-nicht-ansprechbar","8":"product_cat-yo-yos","9":"product_cat-yoyofactory-de","10":"pa_merken-yoyofactory-de","12":"first","13":"outofstock","14":"sale","15":"taxable","16":"shipping-taxable","17":"purchasable","18":"product-type-variable"},"df_price":30,"df_sale_price":"","df_regular_price":30,"df_image_link":"https:\/\/www.speedcube.nl\/wp-content\/uploads\/2022\/08\/Productvisuals_yoyo-YoYoFactory-Shutter-Wide-Angle-Champions-Collection--285x300.jpg","_links":{"self":[{"href":"https:\/\/www.speedcube.nl\/de\/wp-json\/wp\/v2\/product\/425413","targetHints":{"allow":["GET"]}}],"collection":[{"href":"https:\/\/www.speedcube.nl\/de\/wp-json\/wp\/v2\/product"}],"about":[{"href":"https:\/\/www.speedcube.nl\/de\/wp-json\/wp\/v2\/types\/product"}],"version-history":[{"count":0,"href":"https:\/\/www.speedcube.nl\/de\/wp-json\/wp\/v2\/product\/425413\/revisions"}],"wp:featuredmedia":[{"embeddable":true,"href":"https:\/\/www.speedcube.nl\/de\/wp-json\/wp\/v2\/media\/481180"}],"wp:attachment":[{"href":"https:\/\/www.speedcube.nl\/de\/wp-json\/wp\/v2\/media?parent=425413"}],"wp:term":[{"taxonomy":"product_brand","embeddable":true,"href":"https:\/\/www.speedcube.nl\/de\/wp-json\/wp\/v2\/product_brand?post=425413"},{"taxonomy":"product_cat","embeddable":true,"href":"https:\/\/www.speedcube.nl\/de\/wp-json\/wp\/v2\/product_cat?post=425413"},{"taxonomy":"product_tag","embeddable":true,"href":"https:\/\/www.speedcube.nl\/de\/wp-json\/wp\/v2\/product_tag?post=425413"}],"curies":[{"name":"wp","href":"https:\/\/api.w.org\/{rel}","templated":true}]}}