{"id":425409,"date":"2022-09-06T17:08:06","date_gmt":"2022-09-06T15:08:06","guid":{"rendered":"https:\/\/www.speedcube.nl\/unkategorisiert\/godice-wurfbecher\/"},"modified":"2026-05-01T05:00:19","modified_gmt":"2026-05-01T03:00:19","slug":"godice-wurfbecher","status":"publish","type":"product","link":"https:\/\/www.speedcube.nl\/de\/aanbieding-de\/godice-wurfbecher\/","title":{"rendered":"GoDice Wurfbecher"},"content":{"rendered":"<p>Bringen Sie etwas Spannung in Ihr Spiel und sch\u00fctteln Sie die W\u00fcrfel mit dem professionellen GoDice-Wurfbecher. Der Becher ist erstaunlich stabil! Die Genugtuung, die Bewegung des GoDice im Inneren zu h\u00f6ren, wird deine Ohren gl\u00fccklich machen! Verbessern Sie Ihr Spiel: Dieser Becher ist aus ABS und wird unerm\u00fcdlich f\u00fcr Sie arbeiten, um die gew\u00fcnschten Gewinnzahlen erscheinen zu lassen. Die perfekte Erg\u00e4nzung zum GoDice-Set. Um das Set zu vervollst\u00e4ndigen, gibt es auch eine GoDice Throwing Box und ein GoDice USB-Ladeger\u00e4t.<\/p>\n<p>Ma\u00dfe W\u00fcrfelbecher: 6,1 x 6,1 x 7,4 cm<br \/>\nEXKLUSIV W\u00fcrfel<\/p>\n","protected":false},"excerpt":{"rendered":"<p>GODICE<\/p>\n","protected":false},"featured_media":403884,"template":"","meta":{"_improvement_type_select":"improve_an_existing","_thumb_yes_seoaic":false,"_frame_yes_seoaic":false,"seoaic_generate_description":"","seoaic_improve_instructions_prompt":"","seoaic_rollback_content_improvement":"","seoaic_idea_thumbnail_generator":"","thumbnail_generated":false,"thumbnail_generate_prompt":"","seoaic_article_description":"","product-afmeting-lengte-mm":"","product-afmeting-breedte-mm":"","product-afmeting-hoogte-mm":""},"product_brand":[],"product_cat":[2558],"product_tag":[],"class_list":{"0":"post-425409","1":"product","2":"type-product","3":"status-publish","4":"has-post-thumbnail","6":"product_cat-aanbieding-de","7":"pa_merken-gocube-de","8":"pa_merken-godice-de","10":"first","11":"instock","12":"sale","13":"taxable","14":"shipping-taxable","15":"purchasable","16":"product-type-simple"},"df_price":6.74,"df_sale_price":6.74,"df_regular_price":8.99,"df_image_link":"https:\/\/www.speedcube.nl\/wp-content\/uploads\/2023\/06\/Productvisuals_Speedcubes-GoDice-Werpbeker-285x300.jpg","_links":{"self":[{"href":"https:\/\/www.speedcube.nl\/de\/wp-json\/wp\/v2\/product\/425409","targetHints":{"allow":["GET"]}}],"collection":[{"href":"https:\/\/www.speedcube.nl\/de\/wp-json\/wp\/v2\/product"}],"about":[{"href":"https:\/\/www.speedcube.nl\/de\/wp-json\/wp\/v2\/types\/product"}],"version-history":[{"count":0,"href":"https:\/\/www.speedcube.nl\/de\/wp-json\/wp\/v2\/product\/425409\/revisions"}],"wp:featuredmedia":[{"embeddable":true,"href":"https:\/\/www.speedcube.nl\/de\/wp-json\/wp\/v2\/media\/403884"}],"wp:attachment":[{"href":"https:\/\/www.speedcube.nl\/de\/wp-json\/wp\/v2\/media?parent=425409"}],"wp:term":[{"taxonomy":"product_brand","embeddable":true,"href":"https:\/\/www.speedcube.nl\/de\/wp-json\/wp\/v2\/product_brand?post=425409"},{"taxonomy":"product_cat","embeddable":true,"href":"https:\/\/www.speedcube.nl\/de\/wp-json\/wp\/v2\/product_cat?post=425409"},{"taxonomy":"product_tag","embeddable":true,"href":"https:\/\/www.speedcube.nl\/de\/wp-json\/wp\/v2\/product_tag?post=425409"}],"curies":[{"name":"wp","href":"https:\/\/api.w.org\/{rel}","templated":true}]}}