{"id":425401,"date":"2022-09-06T11:50:31","date_gmt":"2022-09-06T09:50:31","guid":{"rendered":"https:\/\/www.speedcube.nl\/unkategorisiert\/moyu-aofu-wrm-7x7\/"},"modified":"2026-05-10T05:04:13","modified_gmt":"2026-05-10T03:04:13","slug":"moyu-aofu-wrm-7x7","status":"publish","type":"product","link":"https:\/\/www.speedcube.nl\/de\/speedcube-de\/7x7-de\/moyu-aofu-wrm-7x7\/","title":{"rendered":"MoYu AoFu WRM 7&#215;7"},"content":{"rendered":"<p>MoYu AoFu WR M 7&#215;7 Magnetic ist ein modernes Update des einst legend\u00e4ren &#8222;AoFu&#8220; 7&#215;7! Dieser 7\u00d77 Speed Cube ist ein schneller und stabiler 7\u00d77-W\u00fcrfel von MoYu. Der W\u00fcrfel zeichnet sich durch seine Gr\u00f6\u00dfe aus, die viel kleiner ist als die, die wir normalerweise bei 7\u00d77-W\u00fcrfeln sehen. Au\u00dferdem ist er leicht und liegt gut in der Hand. Nat\u00fcrlich ist der W\u00fcrfel auch magnetisch, d. h. kleine starke Magnete in den Teilen helfen Ihnen, die Schichten an ihrem Platz zu halten. Alles in allem ein 7\u00d77 Speedcube der Spitzenklasse!<\/p>\n","protected":false},"excerpt":{"rendered":"<p>MOYU<\/p>\n","protected":false},"featured_media":403756,"template":"","meta":{"_improvement_type_select":"improve_an_existing","_thumb_yes_seoaic":false,"_frame_yes_seoaic":false,"seoaic_generate_description":"","seoaic_improve_instructions_prompt":"","seoaic_rollback_content_improvement":"","seoaic_idea_thumbnail_generator":"","thumbnail_generated":false,"thumbnail_generate_prompt":"","seoaic_article_description":"","product-afmeting-lengte-mm":"","product-afmeting-breedte-mm":"","product-afmeting-hoogte-mm":""},"product_brand":[],"product_cat":[1897,1332,1211],"product_tag":[],"class_list":{"0":"post-425401","1":"product","2":"type-product","3":"status-publish","4":"has-post-thumbnail","6":"product_cat-7x7-de","7":"product_cat-moyu-de","8":"product_cat-speedcube-de","9":"pa_merken-moyu-de","11":"first","12":"instock","13":"taxable","14":"shipping-taxable","15":"purchasable","16":"product-type-simple"},"df_price":49.99,"df_sale_price":"","df_regular_price":49.99,"df_image_link":"https:\/\/www.speedcube.nl\/wp-content\/uploads\/2023\/06\/Productvisuals_Speedcubes-MoYu-AoFu-WRM-7x7-1-285x300.jpg","_links":{"self":[{"href":"https:\/\/www.speedcube.nl\/de\/wp-json\/wp\/v2\/product\/425401","targetHints":{"allow":["GET"]}}],"collection":[{"href":"https:\/\/www.speedcube.nl\/de\/wp-json\/wp\/v2\/product"}],"about":[{"href":"https:\/\/www.speedcube.nl\/de\/wp-json\/wp\/v2\/types\/product"}],"version-history":[{"count":0,"href":"https:\/\/www.speedcube.nl\/de\/wp-json\/wp\/v2\/product\/425401\/revisions"}],"wp:featuredmedia":[{"embeddable":true,"href":"https:\/\/www.speedcube.nl\/de\/wp-json\/wp\/v2\/media\/403756"}],"wp:attachment":[{"href":"https:\/\/www.speedcube.nl\/de\/wp-json\/wp\/v2\/media?parent=425401"}],"wp:term":[{"taxonomy":"product_brand","embeddable":true,"href":"https:\/\/www.speedcube.nl\/de\/wp-json\/wp\/v2\/product_brand?post=425401"},{"taxonomy":"product_cat","embeddable":true,"href":"https:\/\/www.speedcube.nl\/de\/wp-json\/wp\/v2\/product_cat?post=425401"},{"taxonomy":"product_tag","embeddable":true,"href":"https:\/\/www.speedcube.nl\/de\/wp-json\/wp\/v2\/product_tag?post=425401"}],"curies":[{"name":"wp","href":"https:\/\/api.w.org\/{rel}","templated":true}]}}