{"id":425389,"date":"2022-09-06T16:18:12","date_gmt":"2022-09-06T14:18:12","guid":{"rendered":"https:\/\/www.speedcube.nl\/unkategorisiert\/godice-usb-ladegeraet\/"},"modified":"2026-05-02T05:00:57","modified_gmt":"2026-05-02T03:00:57","slug":"godice-usb-ladegeraet","status":"publish","type":"product","link":"https:\/\/www.speedcube.nl\/de\/aanbieding-de\/godice-usb-ladegeraet\/","title":{"rendered":"GoDice USB-Ladeger\u00e4t"},"content":{"rendered":"<p>Sorgen Sie daf\u00fcr, dass Ihren W\u00fcrfeln nie die Batterie ausgeht! Individuelles USB-Ladeger\u00e4t. Das einzige Ladeger\u00e4t, das auf den GoDice passt. Jeder W\u00fcrfel wird f\u00fcr nur 10 Sekunden (!) aufgeladen und bietet stundenlangen Spielspa\u00df. Dies ist ein hochtechnisches und modisches Design. Um das Set zu vervollst\u00e4ndigen, gibt es auch ein GoDice Throwing Tray und einen GoDice Throwing Cup.<\/p>\n<p>Abmessungen des USB-Ladekabels: 20 cm<br \/>\nEXKLUSIV W\u00fcrfel<\/p>\n","protected":false},"excerpt":{"rendered":"<p>GODICE<\/p>\n","protected":false},"featured_media":403900,"template":"","meta":{"_improvement_type_select":"improve_an_existing","_thumb_yes_seoaic":false,"_frame_yes_seoaic":false,"seoaic_generate_description":"","seoaic_improve_instructions_prompt":"","seoaic_rollback_content_improvement":"","seoaic_idea_thumbnail_generator":"","thumbnail_generated":false,"thumbnail_generate_prompt":"","seoaic_article_description":"","product-afmeting-lengte-mm":"","product-afmeting-breedte-mm":"","product-afmeting-hoogte-mm":""},"product_brand":[],"product_cat":[2558],"product_tag":[],"class_list":{"0":"post-425389","1":"product","2":"type-product","3":"status-publish","4":"has-post-thumbnail","6":"product_cat-aanbieding-de","7":"pa_merken-gocube-de","8":"pa_merken-godice-de","10":"first","11":"instock","12":"sale","13":"taxable","14":"shipping-taxable","15":"purchasable","16":"product-type-simple"},"df_price":6,"df_sale_price":6,"df_regular_price":11.99,"df_image_link":"https:\/\/www.speedcube.nl\/wp-content\/uploads\/2023\/06\/Productvisuals_Speedcubes-GoDice-USB-Oplader-285x300.jpg","_links":{"self":[{"href":"https:\/\/www.speedcube.nl\/de\/wp-json\/wp\/v2\/product\/425389","targetHints":{"allow":["GET"]}}],"collection":[{"href":"https:\/\/www.speedcube.nl\/de\/wp-json\/wp\/v2\/product"}],"about":[{"href":"https:\/\/www.speedcube.nl\/de\/wp-json\/wp\/v2\/types\/product"}],"version-history":[{"count":0,"href":"https:\/\/www.speedcube.nl\/de\/wp-json\/wp\/v2\/product\/425389\/revisions"}],"wp:featuredmedia":[{"embeddable":true,"href":"https:\/\/www.speedcube.nl\/de\/wp-json\/wp\/v2\/media\/403900"}],"wp:attachment":[{"href":"https:\/\/www.speedcube.nl\/de\/wp-json\/wp\/v2\/media?parent=425389"}],"wp:term":[{"taxonomy":"product_brand","embeddable":true,"href":"https:\/\/www.speedcube.nl\/de\/wp-json\/wp\/v2\/product_brand?post=425389"},{"taxonomy":"product_cat","embeddable":true,"href":"https:\/\/www.speedcube.nl\/de\/wp-json\/wp\/v2\/product_cat?post=425389"},{"taxonomy":"product_tag","embeddable":true,"href":"https:\/\/www.speedcube.nl\/de\/wp-json\/wp\/v2\/product_tag?post=425389"}],"curies":[{"name":"wp","href":"https:\/\/api.w.org\/{rel}","templated":true}]}}