{"id":425378,"date":"2022-09-26T07:01:59","date_gmt":"2022-09-26T05:01:59","guid":{"rendered":"https:\/\/www.speedcube.nl\/unkategorisiert\/perplexus-portal-150-hindernisse\/"},"modified":"2026-05-09T05:00:47","modified_gmt":"2026-05-09T03:00:47","slug":"perplexus-portal-150-hindernisse","status":"publish","type":"product","link":"https:\/\/www.speedcube.nl\/de\/knobelaufgaben\/spinmaster-spiele\/perplexus-portal-150-hindernisse\/","title":{"rendered":"Perplexus Portal 150 Hindernisse"},"content":{"rendered":"<p>Perplexus ist zur\u00fcck mit dem neuen Portal mit satten 150 Hindernissen! Legen Sie die Murmel auf das Startfeld. Drehe und kippe den Perplexus hin und her und \u00f6ffne die Portale in diesem spannenden 3D-Labyrinth. Sind Sie gest\u00fcrzt? Versuchen Sie es noch einmal. Mit 3 verschiedenen Ausgangspunkten kannst du alle 3 Stufen \u00fcben, aber pass auf, dass du nicht s\u00fcchtig wirst!<\/p>\n<p>Alter: 12+<br \/>\nSchwierigkeitsgrad: 5 Sterne<\/p>\n","protected":false},"excerpt":{"rendered":"<p>PERPLEXUS<\/p>\n","protected":false},"featured_media":403988,"template":"","meta":{"_improvement_type_select":"improve_an_existing","_thumb_yes_seoaic":false,"_frame_yes_seoaic":false,"seoaic_generate_description":"","seoaic_improve_instructions_prompt":"","seoaic_rollback_content_improvement":"","seoaic_idea_thumbnail_generator":"","thumbnail_generated":false,"thumbnail_generate_prompt":"","seoaic_article_description":"","product-afmeting-lengte-mm":"","product-afmeting-breedte-mm":"","product-afmeting-hoogte-mm":""},"product_brand":[],"product_cat":[1490,1244,1227,1233,1237,2536,1241,2537],"product_tag":[],"class_list":{"0":"post-425378","1":"product","2":"type-product","3":"status-publish","4":"has-post-thumbnail","6":"product_cat-5-sterne-oder-mehr-experte","7":"product_cat-knobelaufgaben-de","8":"product_cat-knobelaufgaben","9":"product_cat-knobelaufgaben-fur-erwachsene","10":"product_cat-knobelaufgaben-fur-kinder","11":"product_cat-perplexus-de","12":"product_cat-plastik-ratsel","13":"product_cat-spinmaster-spiele","14":"pa_merken-spin-master-de","15":"pa_merken-perplexus-de","17":"first","18":"instock","19":"taxable","20":"shipping-taxable","21":"purchasable","22":"product-type-simple"},"df_price":43.99,"df_sale_price":"","df_regular_price":43.99,"df_image_link":"https:\/\/www.speedcube.nl\/wp-content\/uploads\/2023\/06\/Productvisuals_Breinbrekers-Perplexus-Portal-150-Hindernissen-285x300.jpg","_links":{"self":[{"href":"https:\/\/www.speedcube.nl\/de\/wp-json\/wp\/v2\/product\/425378","targetHints":{"allow":["GET"]}}],"collection":[{"href":"https:\/\/www.speedcube.nl\/de\/wp-json\/wp\/v2\/product"}],"about":[{"href":"https:\/\/www.speedcube.nl\/de\/wp-json\/wp\/v2\/types\/product"}],"version-history":[{"count":0,"href":"https:\/\/www.speedcube.nl\/de\/wp-json\/wp\/v2\/product\/425378\/revisions"}],"wp:featuredmedia":[{"embeddable":true,"href":"https:\/\/www.speedcube.nl\/de\/wp-json\/wp\/v2\/media\/403988"}],"wp:attachment":[{"href":"https:\/\/www.speedcube.nl\/de\/wp-json\/wp\/v2\/media?parent=425378"}],"wp:term":[{"taxonomy":"product_brand","embeddable":true,"href":"https:\/\/www.speedcube.nl\/de\/wp-json\/wp\/v2\/product_brand?post=425378"},{"taxonomy":"product_cat","embeddable":true,"href":"https:\/\/www.speedcube.nl\/de\/wp-json\/wp\/v2\/product_cat?post=425378"},{"taxonomy":"product_tag","embeddable":true,"href":"https:\/\/www.speedcube.nl\/de\/wp-json\/wp\/v2\/product_tag?post=425378"}],"curies":[{"name":"wp","href":"https:\/\/api.w.org\/{rel}","templated":true}]}}