{"id":425375,"date":"2022-09-26T08:14:38","date_gmt":"2022-09-26T06:14:38","guid":{"rendered":"https:\/\/www.speedcube.nl\/unkategorisiert\/heye-rote-mangrove-1000-stueck\/"},"modified":"2026-04-24T05:01:26","modified_gmt":"2026-04-24T03:01:26","slug":"heye-rote-mangrove-1000-stueck","status":"publish","type":"product","link":"https:\/\/www.speedcube.nl\/de\/aanbieding-de\/heye-rote-mangrove-1000-stueck\/","title":{"rendered":"Heye Rote Mangrove 1000 St\u00fcck"},"content":{"rendered":"<p>Heye Red Mangrove-Puzzle mit 1000 Teilen. Das Gebiet um die Inseln von Cayos Cochinos in Honduras ist eines der ges\u00fcndesten Meeresgew\u00e4sser \u00fcberhaupt. Daher f\u00fchlen sich die Mangroven hier besonders wohl. Das gibt sicher ein sch\u00f6nes Bild! Entspannen Sie sich und machen Sie dieses R\u00e4tsel.<\/p>\n<p>Anzahl der St\u00fccke: 1000<br \/>\nMaterial: Pappe<br \/>\nGr\u00f6\u00dfe des Puzzles: 50 x 70 cm<br \/>\nVerpackung: 37 x 27 x 5,5 cm<br \/>\nAlter: 6 &#8211; 99 Jahre<\/p>\n","protected":false},"excerpt":{"rendered":"<p>HEYE<\/p>\n","protected":false},"featured_media":403936,"template":"","meta":{"_improvement_type_select":"improve_an_existing","_thumb_yes_seoaic":false,"_frame_yes_seoaic":false,"seoaic_generate_description":"","seoaic_improve_instructions_prompt":"","seoaic_rollback_content_improvement":"","seoaic_idea_thumbnail_generator":"","thumbnail_generated":false,"thumbnail_generate_prompt":"","seoaic_article_description":"","product-afmeting-lengte-mm":"","product-afmeting-breedte-mm":"","product-afmeting-hoogte-mm":""},"product_brand":[],"product_cat":[2267,1613,2558],"product_tag":[],"class_list":{"0":"post-425375","1":"product","2":"type-product","3":"status-publish","4":"has-post-thumbnail","6":"product_cat-heye-de","7":"product_cat-ratsel-de","8":"product_cat-aanbieding-de","9":"pa_merken-heye-de","11":"first","12":"instock","13":"sale","14":"taxable","15":"shipping-taxable","16":"purchasable","17":"product-type-simple"},"df_price":9.495,"df_sale_price":9.495,"df_regular_price":18.99,"df_image_link":"https:\/\/www.speedcube.nl\/wp-content\/uploads\/2023\/06\/Productvisuals_Puzzels-Heye-Red-Mangrove-285x300.jpg","_links":{"self":[{"href":"https:\/\/www.speedcube.nl\/de\/wp-json\/wp\/v2\/product\/425375","targetHints":{"allow":["GET"]}}],"collection":[{"href":"https:\/\/www.speedcube.nl\/de\/wp-json\/wp\/v2\/product"}],"about":[{"href":"https:\/\/www.speedcube.nl\/de\/wp-json\/wp\/v2\/types\/product"}],"version-history":[{"count":0,"href":"https:\/\/www.speedcube.nl\/de\/wp-json\/wp\/v2\/product\/425375\/revisions"}],"wp:featuredmedia":[{"embeddable":true,"href":"https:\/\/www.speedcube.nl\/de\/wp-json\/wp\/v2\/media\/403936"}],"wp:attachment":[{"href":"https:\/\/www.speedcube.nl\/de\/wp-json\/wp\/v2\/media?parent=425375"}],"wp:term":[{"taxonomy":"product_brand","embeddable":true,"href":"https:\/\/www.speedcube.nl\/de\/wp-json\/wp\/v2\/product_brand?post=425375"},{"taxonomy":"product_cat","embeddable":true,"href":"https:\/\/www.speedcube.nl\/de\/wp-json\/wp\/v2\/product_cat?post=425375"},{"taxonomy":"product_tag","embeddable":true,"href":"https:\/\/www.speedcube.nl\/de\/wp-json\/wp\/v2\/product_tag?post=425375"}],"curies":[{"name":"wp","href":"https:\/\/api.w.org\/{rel}","templated":true}]}}