{"id":425366,"date":"2022-09-26T07:02:06","date_gmt":"2022-09-26T05:02:06","guid":{"rendered":"https:\/\/www.speedcube.nl\/unkategorisiert\/neueste-spielzeuge-hollow-pyraminx\/"},"modified":"2026-04-14T05:02:17","modified_gmt":"2026-04-14T03:02:17","slug":"neueste-spielzeuge-hollow-pyraminx","status":"publish","type":"product","link":"https:\/\/www.speedcube.nl\/de\/aanbieding-de\/neueste-spielzeuge-hollow-pyraminx\/","title":{"rendered":"Neueste Spielzeuge Hollow Pyraminx"},"content":{"rendered":"<p>Der Hollow Pyraminx ist ein Pyraminx ohne Innenleben &#8211; man kann direkt durch ihn hindurchsehen! Da er keinen Kern in der Mitte hat und die Bewegung der Segmente sichtbar ist, ist dieser W\u00fcrfel \u00fcberraschend einzigartig. Dies ist die neueste technische Innovation bei R\u00e4tseln.<\/p>\n<p>Schwierigkeitsgrad: 3,5 von 5 Sternen<br \/>\nAbmessungen der Verpackung: 90 x 170 x 90 mm<br \/>\nEmpfohlenes Alter: 12+<\/p>\n","protected":false},"excerpt":{"rendered":"<p>NEUES SPIELZEUG<\/p>\n","protected":false},"featured_media":404012,"template":"","meta":{"_improvement_type_select":"improve_an_existing","_thumb_yes_seoaic":false,"_frame_yes_seoaic":false,"seoaic_generate_description":"","seoaic_improve_instructions_prompt":"","seoaic_rollback_content_improvement":"","seoaic_idea_thumbnail_generator":"","thumbnail_generated":false,"thumbnail_generate_prompt":"","seoaic_article_description":"","product-afmeting-lengte-mm":"","product-afmeting-breedte-mm":"","product-afmeting-hoogte-mm":""},"product_brand":[],"product_cat":[1227,2053,2558],"product_tag":[],"class_list":{"0":"post-425366","1":"product","2":"type-product","3":"status-publish","4":"has-post-thumbnail","6":"product_cat-knobelaufgaben","7":"product_cat-neueste-spielzeuge","8":"product_cat-aanbieding-de","9":"pa_merken-neues-spielzeug","11":"first","12":"instock","13":"sale","14":"taxable","15":"shipping-taxable","16":"purchasable","17":"product-type-simple"},"df_price":9.995,"df_sale_price":9.995,"df_regular_price":19.99,"df_image_link":"https:\/\/www.speedcube.nl\/wp-content\/uploads\/2023\/06\/Productvisuals_Breinbrekers-Recent-Toys-Hollow-Pyraminx-285x300.jpg","_links":{"self":[{"href":"https:\/\/www.speedcube.nl\/de\/wp-json\/wp\/v2\/product\/425366","targetHints":{"allow":["GET"]}}],"collection":[{"href":"https:\/\/www.speedcube.nl\/de\/wp-json\/wp\/v2\/product"}],"about":[{"href":"https:\/\/www.speedcube.nl\/de\/wp-json\/wp\/v2\/types\/product"}],"version-history":[{"count":0,"href":"https:\/\/www.speedcube.nl\/de\/wp-json\/wp\/v2\/product\/425366\/revisions"}],"wp:featuredmedia":[{"embeddable":true,"href":"https:\/\/www.speedcube.nl\/de\/wp-json\/wp\/v2\/media\/404012"}],"wp:attachment":[{"href":"https:\/\/www.speedcube.nl\/de\/wp-json\/wp\/v2\/media?parent=425366"}],"wp:term":[{"taxonomy":"product_brand","embeddable":true,"href":"https:\/\/www.speedcube.nl\/de\/wp-json\/wp\/v2\/product_brand?post=425366"},{"taxonomy":"product_cat","embeddable":true,"href":"https:\/\/www.speedcube.nl\/de\/wp-json\/wp\/v2\/product_cat?post=425366"},{"taxonomy":"product_tag","embeddable":true,"href":"https:\/\/www.speedcube.nl\/de\/wp-json\/wp\/v2\/product_tag?post=425366"}],"curies":[{"name":"wp","href":"https:\/\/api.w.org\/{rel}","templated":true}]}}