{"id":425359,"date":"2022-09-02T06:51:07","date_gmt":"2022-09-02T04:51:07","guid":{"rendered":"https:\/\/www.speedcube.nl\/unkategorisiert\/intelligenter-ozean-medium\/"},"modified":"2026-05-10T05:03:50","modified_gmt":"2026-05-10T03:03:50","slug":"intelligenter-ozean-medium","status":"publish","type":"product","link":"https:\/\/www.speedcube.nl\/de\/aanbieding-de\/intelligenter-ozean-medium\/","title":{"rendered":"Intelligenter Ozean &#8211; Medium"},"content":{"rendered":"<p>Kostenloser Urlaub aus der Dose? Der Ocean putty nimmt dich mit auf eine Reise \u00fcber die glitzernden Ozeane der Welt. Sein bl\u00e4ulich schimmernder Look mit den glitzernden F\u00e4den im Inneren l\u00e4dt zum Tr\u00e4umen ein. Die intelligente Knete dehnt sich wie ein Kaugummi, springt wie ein Ball und rei\u00dft so leicht wie Papier. Diese Spachtelmasse ist in einer attraktiven Metalldose verpackt.<\/p>\n<p>Abmessungen: 75 x 75 x 23 mm<br \/>\nGewicht: 40 Gramm<\/p>\n<p><em>Merkmale:<\/em><br \/>\n+ Feste Konsistenz<br \/>\n+ Nicht klebrig<br \/>\n+ Verschmutzt die H\u00e4nde nicht<br \/>\n+ Geruchlos<br \/>\n+ Trocknet nicht aus!<br \/>\n+ BPA-frei<\/p>\n","protected":false},"excerpt":{"rendered":"<p>INTELLIGENT<\/p>\n","protected":false},"featured_media":403586,"template":"","meta":{"_improvement_type_select":"improve_an_existing","_thumb_yes_seoaic":false,"_frame_yes_seoaic":false,"seoaic_generate_description":"","seoaic_improve_instructions_prompt":"","seoaic_rollback_content_improvement":"","seoaic_idea_thumbnail_generator":"","thumbnail_generated":false,"thumbnail_generate_prompt":"","seoaic_article_description":"","product-afmeting-lengte-mm":"","product-afmeting-breedte-mm":"","product-afmeting-hoogte-mm":""},"product_brand":[],"product_cat":[1566,1552,2558],"product_tag":[],"class_list":{"0":"post-425359","1":"product","2":"type-product","3":"status-publish","4":"has-post-thumbnail","6":"product_cat-intelligent-de","7":"product_cat-kitt","8":"product_cat-aanbieding-de","9":"pa_merken-intelligent-de","11":"first","12":"instock","13":"sale","14":"taxable","15":"shipping-taxable","16":"purchasable","17":"product-type-simple"},"df_price":5.37,"df_sale_price":5.37,"df_regular_price":8.95,"df_image_link":"https:\/\/www.speedcube.nl\/wp-content\/uploads\/2023\/06\/Productvisuals_putty-Intelligente-Oceaan-M-285x300.jpg","_links":{"self":[{"href":"https:\/\/www.speedcube.nl\/de\/wp-json\/wp\/v2\/product\/425359","targetHints":{"allow":["GET"]}}],"collection":[{"href":"https:\/\/www.speedcube.nl\/de\/wp-json\/wp\/v2\/product"}],"about":[{"href":"https:\/\/www.speedcube.nl\/de\/wp-json\/wp\/v2\/types\/product"}],"version-history":[{"count":0,"href":"https:\/\/www.speedcube.nl\/de\/wp-json\/wp\/v2\/product\/425359\/revisions"}],"wp:featuredmedia":[{"embeddable":true,"href":"https:\/\/www.speedcube.nl\/de\/wp-json\/wp\/v2\/media\/403586"}],"wp:attachment":[{"href":"https:\/\/www.speedcube.nl\/de\/wp-json\/wp\/v2\/media?parent=425359"}],"wp:term":[{"taxonomy":"product_brand","embeddable":true,"href":"https:\/\/www.speedcube.nl\/de\/wp-json\/wp\/v2\/product_brand?post=425359"},{"taxonomy":"product_cat","embeddable":true,"href":"https:\/\/www.speedcube.nl\/de\/wp-json\/wp\/v2\/product_cat?post=425359"},{"taxonomy":"product_tag","embeddable":true,"href":"https:\/\/www.speedcube.nl\/de\/wp-json\/wp\/v2\/product_tag?post=425359"}],"curies":[{"name":"wp","href":"https:\/\/api.w.org\/{rel}","templated":true}]}}