{"id":425355,"date":"2022-09-29T13:07:28","date_gmt":"2022-09-29T11:07:28","guid":{"rendered":"https:\/\/www.speedcube.nl\/unkategorisiert\/gan-13-magnetschwebebahn\/"},"modified":"2026-05-03T05:29:38","modified_gmt":"2026-05-03T03:29:38","slug":"gan-13-magnetschwebebahn","status":"publish","type":"product","link":"https:\/\/www.speedcube.nl\/de\/aanbieding-de\/gan-13-magnetschwebebahn\/","title":{"rendered":"Gan 13 Magnetschwebebahn"},"content":{"rendered":"<p>GAN 13 3&#215;3 Magnetic (MagLev) ist die Zukunft des Speedcubing. Die 13 bietet zahlreiche neue Funktionen und Verbesserungen, die Ihr L\u00f6sungserlebnis definitiv verbessern werden! Die magnetische Absto\u00dfungstechnologie, die verbesserte automatische Kernpositionierung 3.0, die keine Federn ben\u00f6tigt, und all das sorgt f\u00fcr ein schnelleres Drehgef\u00fchl.<\/p>\n<p>Enthalten sind die: GAN-Box, Gan Bag, CFOP-Selbststudienhandbuch und ein Einstellwerkzeug.<\/p>\n<p>Wesentliche Merkmale:<br \/>\n+ Magnetschwebebahnsystem<br \/>\n+ Wiegt 71 Gramm<br \/>\n+ Bis zu 88 werkseitig installierte Magnete<br \/>\n+ Winkelmagneteinstellungen<br \/>\n+ Neues Design mit Kantenmagnet<br \/>\n+ Verbesserte Kernpositionierung 3.0<br \/>\n+ Numerisches GTN-Spannsystem (6 Positionen)<br \/>\n+ 216 m\u00f6gliche Konfigurationseinstellungen<br \/>\n+ Wabenf\u00f6rmiges Design f\u00fcr eine bessere Schmierstoffverteilung<\/p>\n","protected":false},"excerpt":{"rendered":"<p>GAN<\/p>\n","protected":false},"featured_media":404252,"template":"","meta":{"_improvement_type_select":"improve_an_existing","_thumb_yes_seoaic":false,"_frame_yes_seoaic":false,"seoaic_generate_description":"","seoaic_improve_instructions_prompt":"","seoaic_rollback_content_improvement":"","seoaic_idea_thumbnail_generator":"","thumbnail_generated":false,"thumbnail_generate_prompt":"","seoaic_article_description":"","product-afmeting-lengte-mm":"","product-afmeting-breedte-mm":"","product-afmeting-hoogte-mm":""},"product_brand":[],"product_cat":[1221,1270,1211,2558],"product_tag":[],"class_list":{"0":"post-425355","1":"product","2":"type-product","3":"status-publish","4":"has-post-thumbnail","6":"product_cat-3x3-de","7":"product_cat-gan-de","8":"product_cat-speedcube-de","9":"product_cat-aanbieding-de","10":"pa_merken-gan-de","12":"first","13":"instock","14":"sale","15":"taxable","16":"shipping-taxable","17":"purchasable","18":"product-type-variable"},"df_price":74.99,"df_sale_price":"","df_regular_price":74.99,"df_image_link":"https:\/\/www.speedcube.nl\/wp-content\/uploads\/2023\/06\/Productvisuals_Speedcubes-GAN-13-maglev-285x300.jpg","_links":{"self":[{"href":"https:\/\/www.speedcube.nl\/de\/wp-json\/wp\/v2\/product\/425355","targetHints":{"allow":["GET"]}}],"collection":[{"href":"https:\/\/www.speedcube.nl\/de\/wp-json\/wp\/v2\/product"}],"about":[{"href":"https:\/\/www.speedcube.nl\/de\/wp-json\/wp\/v2\/types\/product"}],"version-history":[{"count":0,"href":"https:\/\/www.speedcube.nl\/de\/wp-json\/wp\/v2\/product\/425355\/revisions"}],"wp:featuredmedia":[{"embeddable":true,"href":"https:\/\/www.speedcube.nl\/de\/wp-json\/wp\/v2\/media\/404252"}],"wp:attachment":[{"href":"https:\/\/www.speedcube.nl\/de\/wp-json\/wp\/v2\/media?parent=425355"}],"wp:term":[{"taxonomy":"product_brand","embeddable":true,"href":"https:\/\/www.speedcube.nl\/de\/wp-json\/wp\/v2\/product_brand?post=425355"},{"taxonomy":"product_cat","embeddable":true,"href":"https:\/\/www.speedcube.nl\/de\/wp-json\/wp\/v2\/product_cat?post=425355"},{"taxonomy":"product_tag","embeddable":true,"href":"https:\/\/www.speedcube.nl\/de\/wp-json\/wp\/v2\/product_tag?post=425355"}],"curies":[{"name":"wp","href":"https:\/\/api.w.org\/{rel}","templated":true}]}}