{"id":425351,"date":"2022-10-10T08:49:05","date_gmt":"2022-10-10T06:49:05","guid":{"rendered":"https:\/\/www.speedcube.nl\/unkategorisiert\/metal-time-sailors-companion\/"},"modified":"2026-05-03T05:25:42","modified_gmt":"2026-05-03T03:25:42","slug":"metal-time-sailors-companion","status":"publish","type":"product","link":"https:\/\/www.speedcube.nl\/de\/aanbieding-de\/metal-time-sailors-companion\/","title":{"rendered":"Metal Time Sailors Companion"},"content":{"rendered":"<p>Ein Teil der bretonischen K\u00fcste war den Seefahrern schon immer als zerkl\u00fcftetes und gef\u00e4hrliches Gebiet bekannt. Das Seegebiet hier war wichtig und wurde viel befahren, hatte aber auch w\u00e4hrend eines Gro\u00dfteils des Jahres mit schwerem Wetter zu k\u00e4mpfen. Der Leuchtturm war zu einem unverzichtbaren Bestandteil der K\u00fcstenlinie geworden, um die Schifffahrt zu sichern. Leuchtt\u00fcrme waren schon immer ein &#8222;Muss&#8220; f\u00fcr kreative Menschen. Das Leuchtturm-Modell ist immer ein sehr lohnendes Geschenk.<\/p>\n<p>Die Konstrukteure von Metal Time waren daher hoch motiviert, das Leuchtturm-Modell zu entwerfen. Neben der dekorativen Funktion verf\u00fcgt das Modell &#8222;Sailor&#8217;s Companion&#8220; \u00fcber eine Lichtquelle, so dass der Leuchtturm auch als Nachtlicht neben dem Bett dienen kann. Komm und nimm das Abenteuer auf dich, indem du diesen Leuchtturm baust.<\/p>\n<p>Anzahl der Teile: 160<br \/>\nAbmessungen in cm: 25 x 11 x 11<br \/>\nAlter: 14+<br \/>\nMaterial: Hochglanz-Edelstahl<br \/>\nMontagezeit: \u00b1 5 Stunden<\/p>\n","protected":false},"excerpt":{"rendered":"<p>METALLZEIT<\/p>\n","protected":false},"featured_media":404534,"template":"","meta":{"_improvement_type_select":"improve_an_existing","_thumb_yes_seoaic":false,"_frame_yes_seoaic":false,"seoaic_generate_description":"","seoaic_improve_instructions_prompt":"","seoaic_rollback_content_improvement":"","seoaic_idea_thumbnail_generator":"","thumbnail_generated":false,"thumbnail_generate_prompt":"","seoaic_article_description":"","product-afmeting-lengte-mm":"","product-afmeting-breedte-mm":"","product-afmeting-hoogte-mm":""},"product_brand":[],"product_cat":[2506,1499,2558],"product_tag":[],"class_list":{"0":"post-425351","1":"product","2":"type-product","3":"status-publish","4":"has-post-thumbnail","6":"product_cat-metall-zeit","7":"product_cat-modellbau","8":"product_cat-aanbieding-de","9":"pa_merken-metallzeit","11":"first","12":"instock","13":"sale","14":"taxable","15":"shipping-taxable","16":"purchasable","17":"product-type-simple"},"df_price":50,"df_sale_price":50,"df_regular_price":99.99,"df_image_link":"https:\/\/www.speedcube.nl\/wp-content\/uploads\/2023\/06\/Productvisuals_Modelbouw-Metal-Time-Sailors-Companion-285x300.jpg","_links":{"self":[{"href":"https:\/\/www.speedcube.nl\/de\/wp-json\/wp\/v2\/product\/425351","targetHints":{"allow":["GET"]}}],"collection":[{"href":"https:\/\/www.speedcube.nl\/de\/wp-json\/wp\/v2\/product"}],"about":[{"href":"https:\/\/www.speedcube.nl\/de\/wp-json\/wp\/v2\/types\/product"}],"version-history":[{"count":0,"href":"https:\/\/www.speedcube.nl\/de\/wp-json\/wp\/v2\/product\/425351\/revisions"}],"wp:featuredmedia":[{"embeddable":true,"href":"https:\/\/www.speedcube.nl\/de\/wp-json\/wp\/v2\/media\/404534"}],"wp:attachment":[{"href":"https:\/\/www.speedcube.nl\/de\/wp-json\/wp\/v2\/media?parent=425351"}],"wp:term":[{"taxonomy":"product_brand","embeddable":true,"href":"https:\/\/www.speedcube.nl\/de\/wp-json\/wp\/v2\/product_brand?post=425351"},{"taxonomy":"product_cat","embeddable":true,"href":"https:\/\/www.speedcube.nl\/de\/wp-json\/wp\/v2\/product_cat?post=425351"},{"taxonomy":"product_tag","embeddable":true,"href":"https:\/\/www.speedcube.nl\/de\/wp-json\/wp\/v2\/product_tag?post=425351"}],"curies":[{"name":"wp","href":"https:\/\/api.w.org\/{rel}","templated":true}]}}