{"id":425337,"date":"2022-10-10T09:41:27","date_gmt":"2022-10-10T07:41:27","guid":{"rendered":"https:\/\/www.speedcube.nl\/unkategorisiert\/metal-time-astronauts-lodge\/"},"modified":"2026-05-17T05:00:13","modified_gmt":"2026-05-17T03:00:13","slug":"metal-time-astronauts-lodge","status":"publish","type":"product","link":"https:\/\/www.speedcube.nl\/de\/aanbieding-de\/metal-time-astronauts-lodge\/","title":{"rendered":"Metal Time Astronauts Lodge"},"content":{"rendered":"<p>Die Internationale Raumstation (ISS) ist eine modulare Raumstation, die in einer niedrigen Erdumlaufbahn rotiert. Die Station dient als Forschungslabor, in dem wissenschaftliche Forschungen in den Bereichen Astrobiologie, Astronomie, Meteorologie, Physik und anderen Bereichen durchgef\u00fchrt werden. Im November 1998 begann der Aufbau der ISS, ein bedeutendes Unterfangen in der Raumfahrtentwicklung. Russische Module wurden gestartet und mit unbemannten Raketen verbunden. Alle anderen Module amerikanischen Ursprungs wurden vom Space Shuttle geliefert. Eine Hommage an das technische Genie der ISS-Erfinder.<\/p>\n<p>Die Designer von Metal Time haben ein vorgefertigtes Modell der &#8222;Astronautenunterkunft&#8220; auf der Raumstation ISS entworfen. Viele realistische Details. Ein ausgekl\u00fcgeltes Zahnradsystem erm\u00f6glicht es der Raumstation, sich \u00fcber einen Elektromotor in verschiedenen Winkeln zu drehen.<\/p>\n<p>Anzahl der Teile: 193<br \/>\nAbmessungen in cm: 19,8 x 23,4 x 22,9<br \/>\nAlter: 14+<br \/>\nMaterial: Hochglanz-Edelstahl<br \/>\nMontagezeit: \u00b1 20 Stunden<\/p>\n","protected":false},"excerpt":{"rendered":"<p>METALLZEIT<\/p>\n","protected":false},"featured_media":404634,"template":"","meta":{"_improvement_type_select":"improve_an_existing","_thumb_yes_seoaic":false,"_frame_yes_seoaic":false,"seoaic_generate_description":"","seoaic_improve_instructions_prompt":"","seoaic_rollback_content_improvement":"","seoaic_idea_thumbnail_generator":"","thumbnail_generated":false,"thumbnail_generate_prompt":"","seoaic_article_description":"","product-afmeting-lengte-mm":"","product-afmeting-breedte-mm":"","product-afmeting-hoogte-mm":""},"product_brand":[],"product_cat":[2506,1499,2558],"product_tag":[],"class_list":{"0":"post-425337","1":"product","2":"type-product","3":"status-publish","4":"has-post-thumbnail","6":"product_cat-metall-zeit","7":"product_cat-modellbau","8":"product_cat-aanbieding-de","9":"pa_merken-metallzeit","11":"first","12":"instock","13":"sale","14":"taxable","15":"shipping-taxable","16":"purchasable","17":"product-type-simple"},"df_price":44,"df_sale_price":44,"df_regular_price":109.99,"df_image_link":"https:\/\/www.speedcube.nl\/wp-content\/uploads\/2023\/06\/Productvisuals_Modelbouw-Metal-Time-Astronauts-Lodge-285x300.jpg","_links":{"self":[{"href":"https:\/\/www.speedcube.nl\/de\/wp-json\/wp\/v2\/product\/425337","targetHints":{"allow":["GET"]}}],"collection":[{"href":"https:\/\/www.speedcube.nl\/de\/wp-json\/wp\/v2\/product"}],"about":[{"href":"https:\/\/www.speedcube.nl\/de\/wp-json\/wp\/v2\/types\/product"}],"version-history":[{"count":0,"href":"https:\/\/www.speedcube.nl\/de\/wp-json\/wp\/v2\/product\/425337\/revisions"}],"wp:featuredmedia":[{"embeddable":true,"href":"https:\/\/www.speedcube.nl\/de\/wp-json\/wp\/v2\/media\/404634"}],"wp:attachment":[{"href":"https:\/\/www.speedcube.nl\/de\/wp-json\/wp\/v2\/media?parent=425337"}],"wp:term":[{"taxonomy":"product_brand","embeddable":true,"href":"https:\/\/www.speedcube.nl\/de\/wp-json\/wp\/v2\/product_brand?post=425337"},{"taxonomy":"product_cat","embeddable":true,"href":"https:\/\/www.speedcube.nl\/de\/wp-json\/wp\/v2\/product_cat?post=425337"},{"taxonomy":"product_tag","embeddable":true,"href":"https:\/\/www.speedcube.nl\/de\/wp-json\/wp\/v2\/product_tag?post=425337"}],"curies":[{"name":"wp","href":"https:\/\/api.w.org\/{rel}","templated":true}]}}