{"id":425324,"date":"2022-09-29T13:50:12","date_gmt":"2022-09-29T11:50:12","guid":{"rendered":"https:\/\/www.speedcube.nl\/unkategorisiert\/qiyi-x-man-tornado-v3-m\/"},"modified":"2026-05-16T05:14:06","modified_gmt":"2026-05-16T03:14:06","slug":"qiyi-x-man-tornado-v3-m","status":"publish","type":"product","link":"https:\/\/www.speedcube.nl\/de\/speedcube-de\/qiyi-de\/qiyi-x-man-tornado-v3-m\/","title":{"rendered":"QiYi X-man Tornado v3 M"},"content":{"rendered":"<p>Das QiYi X-Man Tornado v3 M ist das neueste 3\u00d73 Flaggschiff von QiYi X-Man Design 2022. Er bricht viele Speed Cube-Rekorde. Immer mehr Speed Cuber setzen gro\u00dfe Hoffnungen in ihn. Es hat 5 Magnetst\u00e4rken, 5 Spannungseinstellungen und 5 Elastizit\u00e4tseinstellungen. Zuglascheneinstellung der Spannung, Federkraft der Feder ist werkzeuglos. Im Lieferumfang enthalten: Lederetui, Einstellwerkzeug, Reinigungstuch und Aufbewahrungsbox.<\/p>\n<p>X-Man Tornado V3 3&#215;3 Magnetic bringt neue Funktionen in drei verschiedenen Versionen!<br \/>\n<strong>Standardausf\u00fchrung<\/strong>: Magneten Einstellung, Doppelte Einstellung der Spannung, Federelastizit\u00e4t, 69g.<br \/>\n<strong>Flaggschiff-Edition<\/strong>: Magnetkern, Einstellung der Magnete, doppelte Einstellung der Spannung, Federelastizit\u00e4t, 72 g.<br \/>\n<strong>Pionierausgabe<\/strong>: Magnetschwebebahn, Magnetkern, Magneteneinstellung, doppelte Spannungseinstellung, Federelastizit\u00e4t, 81 g.<\/p>\n<p>Wesentliche Merkmale:<br \/>\n+ Winkel-\/Kernmagnete (Flaggschiff- und Pioneer-Versionen)<br \/>\n+ Leicht zu bedienendes Einstellsystem<br \/>\n+ Magnetische Absto\u00dfung (MagLev) (Pionierversion)<\/p>\n","protected":false},"excerpt":{"rendered":"<p>QIYI<\/p>\n","protected":false},"featured_media":404338,"template":"","meta":{"_improvement_type_select":"improve_an_existing","_thumb_yes_seoaic":false,"_frame_yes_seoaic":false,"seoaic_generate_description":"","seoaic_improve_instructions_prompt":"","seoaic_rollback_content_improvement":"","seoaic_idea_thumbnail_generator":"","thumbnail_generated":false,"thumbnail_generate_prompt":"","seoaic_article_description":"","product-afmeting-lengte-mm":"","product-afmeting-breedte-mm":"","product-afmeting-hoogte-mm":""},"product_brand":[],"product_cat":[1221,1235,1211],"product_tag":[],"class_list":{"0":"post-425324","1":"product","2":"type-product","3":"status-publish","4":"has-post-thumbnail","6":"product_cat-3x3-de","7":"product_cat-qiyi-de","8":"product_cat-speedcube-de","9":"pa_merken-qiyi-de","11":"first","12":"instock","13":"taxable","14":"shipping-taxable","15":"purchasable","16":"product-type-variable"},"df_price":25.99,"df_sale_price":"","df_regular_price":25.99,"df_image_link":"https:\/\/www.speedcube.nl\/wp-content\/uploads\/2023\/06\/Productvisuals_Speedcubes-QiYi-Tornado-V3M-2-1-285x300.jpg","_links":{"self":[{"href":"https:\/\/www.speedcube.nl\/de\/wp-json\/wp\/v2\/product\/425324","targetHints":{"allow":["GET"]}}],"collection":[{"href":"https:\/\/www.speedcube.nl\/de\/wp-json\/wp\/v2\/product"}],"about":[{"href":"https:\/\/www.speedcube.nl\/de\/wp-json\/wp\/v2\/types\/product"}],"version-history":[{"count":0,"href":"https:\/\/www.speedcube.nl\/de\/wp-json\/wp\/v2\/product\/425324\/revisions"}],"wp:featuredmedia":[{"embeddable":true,"href":"https:\/\/www.speedcube.nl\/de\/wp-json\/wp\/v2\/media\/404338"}],"wp:attachment":[{"href":"https:\/\/www.speedcube.nl\/de\/wp-json\/wp\/v2\/media?parent=425324"}],"wp:term":[{"taxonomy":"product_brand","embeddable":true,"href":"https:\/\/www.speedcube.nl\/de\/wp-json\/wp\/v2\/product_brand?post=425324"},{"taxonomy":"product_cat","embeddable":true,"href":"https:\/\/www.speedcube.nl\/de\/wp-json\/wp\/v2\/product_cat?post=425324"},{"taxonomy":"product_tag","embeddable":true,"href":"https:\/\/www.speedcube.nl\/de\/wp-json\/wp\/v2\/product_tag?post=425324"}],"curies":[{"name":"wp","href":"https:\/\/api.w.org\/{rel}","templated":true}]}}