{"id":425314,"date":"2022-10-10T09:59:14","date_gmt":"2022-10-10T07:59:14","guid":{"rendered":"https:\/\/www.speedcube.nl\/unkategorisiert\/metal-time-waechter-der-kueste\/"},"modified":"2026-05-03T05:25:43","modified_gmt":"2026-05-03T03:25:43","slug":"metal-time-waechter-der-kueste","status":"publish","type":"product","link":"https:\/\/www.speedcube.nl\/de\/aanbieding-de\/metal-time-waechter-der-kueste\/","title":{"rendered":"Metal Time W\u00e4chter der K\u00fcste"},"content":{"rendered":"<p>Eine K\u00fcstenwache ist Teil der Sicherheitsorganisation eines Landes. Zu den Aufgaben, die einer K\u00fcstenwache \u00fcbertragen werden k\u00f6nnen, geh\u00f6ren: Suche und Rettung, Durchsetzung des Seerechts, Sicherheit von Schiffen, Wartung von Seebojen und Kontrolle der Seegrenzen.<\/p>\n<p>Die Designer von Metal Time waren der Meinung, dass dieses Boot ein breites Publikum ansprechen w\u00fcrde. Der Guardian of the Coast ist mit viel Liebe zum Detail gestaltet. Die Kabine mit den Sichtsteuerungen, die Funkantennen, die Leitern, das Gitterwerk und andere Elemente des Bootsdesigns wurden originalgetreu nachgebaut. Der Bau dieses Modells ist sicherlich ein anspruchsvolles Abenteuer und eine technische Meisterleistung.<\/p>\n<p>Anzahl der Teile: 120<br \/>\nAbmessungen in cm: 21 \u0445 6 \u0445 12<br \/>\nAlter: 14+<br \/>\nMaterial: Hochglanz-Edelstahl<br \/>\nMontagezeit: \u00b1 20 Stunden<\/p>\n","protected":false},"excerpt":{"rendered":"<p>METALLZEIT<\/p>\n","protected":false},"featured_media":404662,"template":"","meta":{"_improvement_type_select":"improve_an_existing","_thumb_yes_seoaic":false,"_frame_yes_seoaic":false,"seoaic_generate_description":"","seoaic_improve_instructions_prompt":"","seoaic_rollback_content_improvement":"","seoaic_idea_thumbnail_generator":"","thumbnail_generated":false,"thumbnail_generate_prompt":"","seoaic_article_description":"","product-afmeting-lengte-mm":"","product-afmeting-breedte-mm":"","product-afmeting-hoogte-mm":""},"product_brand":[],"product_cat":[2506,1499,2558],"product_tag":[],"class_list":{"0":"post-425314","1":"product","2":"type-product","3":"status-publish","4":"has-post-thumbnail","6":"product_cat-metall-zeit","7":"product_cat-modellbau","8":"product_cat-aanbieding-de","9":"pa_merken-metallzeit","11":"first","12":"instock","13":"sale","14":"taxable","15":"shipping-taxable","16":"purchasable","17":"product-type-simple"},"df_price":50,"df_sale_price":50,"df_regular_price":99.99,"df_image_link":"https:\/\/www.speedcube.nl\/wp-content\/uploads\/2023\/06\/Productvisuals_Modelbouw-Metal-Time-Guardian-of-the-Coast-285x300.jpg","_links":{"self":[{"href":"https:\/\/www.speedcube.nl\/de\/wp-json\/wp\/v2\/product\/425314","targetHints":{"allow":["GET"]}}],"collection":[{"href":"https:\/\/www.speedcube.nl\/de\/wp-json\/wp\/v2\/product"}],"about":[{"href":"https:\/\/www.speedcube.nl\/de\/wp-json\/wp\/v2\/types\/product"}],"version-history":[{"count":0,"href":"https:\/\/www.speedcube.nl\/de\/wp-json\/wp\/v2\/product\/425314\/revisions"}],"wp:featuredmedia":[{"embeddable":true,"href":"https:\/\/www.speedcube.nl\/de\/wp-json\/wp\/v2\/media\/404662"}],"wp:attachment":[{"href":"https:\/\/www.speedcube.nl\/de\/wp-json\/wp\/v2\/media?parent=425314"}],"wp:term":[{"taxonomy":"product_brand","embeddable":true,"href":"https:\/\/www.speedcube.nl\/de\/wp-json\/wp\/v2\/product_brand?post=425314"},{"taxonomy":"product_cat","embeddable":true,"href":"https:\/\/www.speedcube.nl\/de\/wp-json\/wp\/v2\/product_cat?post=425314"},{"taxonomy":"product_tag","embeddable":true,"href":"https:\/\/www.speedcube.nl\/de\/wp-json\/wp\/v2\/product_tag?post=425314"}],"curies":[{"name":"wp","href":"https:\/\/api.w.org\/{rel}","templated":true}]}}