{"id":425309,"date":"2022-10-10T10:57:32","date_gmt":"2022-10-10T08:57:32","guid":{"rendered":"https:\/\/www.speedcube.nl\/unkategorisiert\/toolkit-metallzeit\/"},"modified":"2026-05-03T05:27:25","modified_gmt":"2026-05-03T03:27:25","slug":"toolkit-metallzeit","status":"publish","type":"product","link":"https:\/\/www.speedcube.nl\/de\/modellbau\/modellierungswerkzeuge\/toolkit-metallzeit\/","title":{"rendered":"Toolkit Metallzeit"},"content":{"rendered":"<p>Das &#8222;Metal-Time&#8220;-Werkzeugset enth\u00e4lt zwei Zangen aus rostfreiem Stahl (Nadel- und Flachzange), eine Feile f\u00fcr die Metallbearbeitung und eine Pinzette. Das perfekte Zubeh\u00f6r f\u00fcr den Bau von Metal-Time-Modellen<\/p>\n","protected":false},"excerpt":{"rendered":"<p>METALLZEIT<\/p>\n","protected":false},"featured_media":404838,"template":"","meta":{"_improvement_type_select":"improve_an_existing","_thumb_yes_seoaic":false,"_frame_yes_seoaic":false,"seoaic_generate_description":"","seoaic_improve_instructions_prompt":"","seoaic_rollback_content_improvement":"","seoaic_idea_thumbnail_generator":"","thumbnail_generated":false,"thumbnail_generate_prompt":"","seoaic_article_description":"","product-afmeting-lengte-mm":"","product-afmeting-breedte-mm":"","product-afmeting-hoogte-mm":""},"product_brand":[],"product_cat":[1500,2506,1720,1499,2510],"product_tag":[],"class_list":{"0":"post-425309","1":"product","2":"type-product","3":"status-publish","4":"has-post-thumbnail","6":"product_cat-baukasten-fur-erwachsene","7":"product_cat-metall-zeit","8":"product_cat-metallbaukasten","9":"product_cat-modellbau","10":"product_cat-modellierungswerkzeuge","11":"pa_merken-metallzeit","13":"first","14":"outofstock","15":"taxable","16":"shipping-taxable","17":"purchasable","18":"product-type-simple"},"df_price":11.99,"df_sale_price":"","df_regular_price":11.99,"df_image_link":"https:\/\/www.speedcube.nl\/wp-content\/uploads\/2023\/06\/Productvisuals_Modelbouw-Metal-Time-Toolkit-285x300.jpg","_links":{"self":[{"href":"https:\/\/www.speedcube.nl\/de\/wp-json\/wp\/v2\/product\/425309","targetHints":{"allow":["GET"]}}],"collection":[{"href":"https:\/\/www.speedcube.nl\/de\/wp-json\/wp\/v2\/product"}],"about":[{"href":"https:\/\/www.speedcube.nl\/de\/wp-json\/wp\/v2\/types\/product"}],"version-history":[{"count":0,"href":"https:\/\/www.speedcube.nl\/de\/wp-json\/wp\/v2\/product\/425309\/revisions"}],"wp:featuredmedia":[{"embeddable":true,"href":"https:\/\/www.speedcube.nl\/de\/wp-json\/wp\/v2\/media\/404838"}],"wp:attachment":[{"href":"https:\/\/www.speedcube.nl\/de\/wp-json\/wp\/v2\/media?parent=425309"}],"wp:term":[{"taxonomy":"product_brand","embeddable":true,"href":"https:\/\/www.speedcube.nl\/de\/wp-json\/wp\/v2\/product_brand?post=425309"},{"taxonomy":"product_cat","embeddable":true,"href":"https:\/\/www.speedcube.nl\/de\/wp-json\/wp\/v2\/product_cat?post=425309"},{"taxonomy":"product_tag","embeddable":true,"href":"https:\/\/www.speedcube.nl\/de\/wp-json\/wp\/v2\/product_tag?post=425309"}],"curies":[{"name":"wp","href":"https:\/\/api.w.org\/{rel}","templated":true}]}}