{"id":425305,"date":"2022-10-10T09:28:30","date_gmt":"2022-10-10T07:28:30","guid":{"rendered":"https:\/\/www.speedcube.nl\/unkategorisiert\/metal-time-grand-piano\/"},"modified":"2026-05-03T05:25:42","modified_gmt":"2026-05-03T03:25:42","slug":"metal-time-grand-piano","status":"publish","type":"product","link":"https:\/\/www.speedcube.nl\/de\/aanbieding-de\/metal-time-grand-piano\/","title":{"rendered":"Metal Time Grand Piano"},"content":{"rendered":"<p>Das Klavier wurde von Bartolomeo Cristofori (1655-1731) aus Italien erfunden. Cristofori war nicht damit zufrieden, dass das Volumen des damals einzig existierenden Kleeblatts nicht angepasst werden konnte. Unendlichen Ruhm erlangte er, indem er den Zupfmechanismus durch die H\u00e4mmer und Saiten des heutigen Klaviers ersetzte, bei dem die Lautst\u00e4rke durch einen h\u00e4rteren oder weicheren Anschlag bestimmt werden kann. Um 1700 entstand das erste Klavier, wie wir es heute mehr oder weniger kennen.<\/p>\n<p>Das Metal Time Grand Piano, oder wie wir sagen &#8222;Grand Piano&#8220;, ist eine Meisterleistung des Einfallsreichtums und es lohnt sich, es zusammenzubauen. Das Modell dieses sch\u00f6nen Fl\u00fcgels zeichnet sich durch seinen Reichtum an Details aus. Der Baumeister braucht etwas Ausdauer, Aufmerksamkeit und feinmotorische F\u00e4higkeiten. Aber wenn Sie Ihr erstes majest\u00e4tisches Klavier gebaut haben und ihm zuh\u00f6ren, bringt das Spiel Sch\u00f6nheit und Harmonie in Ihr Zuhause.<\/p>\n<p>Anzahl der Teile: 23<br \/>\nAbmessungen in cm: 15 x 12 x 13,4<br \/>\nAlter: 14+<br \/>\nMaterial: Hochglanz-Edelstahl<br \/>\nMontagezeit: \u00b1 2 Stunden<\/p>\n","protected":false},"excerpt":{"rendered":"<p>METALLZEIT<\/p>\n","protected":false},"featured_media":404598,"template":"","meta":{"_improvement_type_select":"improve_an_existing","_thumb_yes_seoaic":false,"_frame_yes_seoaic":false,"seoaic_generate_description":"","seoaic_improve_instructions_prompt":"","seoaic_rollback_content_improvement":"","seoaic_idea_thumbnail_generator":"","thumbnail_generated":false,"thumbnail_generate_prompt":"","seoaic_article_description":"","product-afmeting-lengte-mm":"","product-afmeting-breedte-mm":"","product-afmeting-hoogte-mm":""},"product_brand":[],"product_cat":[2506,1499,2558],"product_tag":[],"class_list":{"0":"post-425305","1":"product","2":"type-product","3":"status-publish","4":"has-post-thumbnail","6":"product_cat-metall-zeit","7":"product_cat-modellbau","8":"product_cat-aanbieding-de","9":"pa_merken-metallzeit","11":"first","12":"instock","13":"sale","14":"taxable","15":"shipping-taxable","16":"purchasable","17":"product-type-simple"},"df_price":30,"df_sale_price":30,"df_regular_price":59.99,"df_image_link":"https:\/\/www.speedcube.nl\/wp-content\/uploads\/2023\/06\/Productvisuals_Modelbouw-Metal-Time-Grand-Piano-285x300.jpg","_links":{"self":[{"href":"https:\/\/www.speedcube.nl\/de\/wp-json\/wp\/v2\/product\/425305","targetHints":{"allow":["GET"]}}],"collection":[{"href":"https:\/\/www.speedcube.nl\/de\/wp-json\/wp\/v2\/product"}],"about":[{"href":"https:\/\/www.speedcube.nl\/de\/wp-json\/wp\/v2\/types\/product"}],"version-history":[{"count":0,"href":"https:\/\/www.speedcube.nl\/de\/wp-json\/wp\/v2\/product\/425305\/revisions"}],"wp:featuredmedia":[{"embeddable":true,"href":"https:\/\/www.speedcube.nl\/de\/wp-json\/wp\/v2\/media\/404598"}],"wp:attachment":[{"href":"https:\/\/www.speedcube.nl\/de\/wp-json\/wp\/v2\/media?parent=425305"}],"wp:term":[{"taxonomy":"product_brand","embeddable":true,"href":"https:\/\/www.speedcube.nl\/de\/wp-json\/wp\/v2\/product_brand?post=425305"},{"taxonomy":"product_cat","embeddable":true,"href":"https:\/\/www.speedcube.nl\/de\/wp-json\/wp\/v2\/product_cat?post=425305"},{"taxonomy":"product_tag","embeddable":true,"href":"https:\/\/www.speedcube.nl\/de\/wp-json\/wp\/v2\/product_tag?post=425305"}],"curies":[{"name":"wp","href":"https:\/\/api.w.org\/{rel}","templated":true}]}}