{"id":425302,"date":"2022-10-10T10:41:11","date_gmt":"2022-10-10T08:41:11","guid":{"rendered":"https:\/\/www.speedcube.nl\/unkategorisiert\/metal-time-elusive-nautilus\/"},"modified":"2026-05-11T05:01:28","modified_gmt":"2026-05-11T03:01:28","slug":"metal-time-elusive-nautilus","status":"publish","type":"product","link":"https:\/\/www.speedcube.nl\/de\/aanbieding-de\/metal-time-elusive-nautilus\/","title":{"rendered":"Metal Time Elusive Nautilus"},"content":{"rendered":"<p>Nach einem Bericht in einem 1562 ver\u00f6ffentlichten Geschichtswerk entkamen zwei griechische M\u00e4nner in Anwesenheit des r\u00f6mischen Kaisers Karl V. mehrmals in einem l\u00e4nglichen Objekt im Fluss Tejo in der N\u00e4he der Stadt Toledo, ohne nass zu werden und ohne dass die Flamme, die sie mit sich f\u00fchrten, erloschen w\u00e4re. Eine sch\u00f6ne Beschreibung der Nautilus, des Erfinders der U-Boote.<\/p>\n<p>Baue diese Miniatur-Nautilus wieder auf und entdecke das Geheimnis der Unterwasserwelt. Das Modell &#8222;Elusive Nautilus&#8220; besteht aus einem Federmechanismus, der durch Drehen der Nase des U-Boots aufgezogen wird. Dieser treibt den Propeller des U-Boots an. Genie\u00dfen Sie das sch\u00f6ne Design und tr\u00e4umen Sie sich auf eine Unterwasserreise in Ihr eigenes Zuhause.<\/p>\n<p>Anzahl der Teile: 94<br \/>\nAbmessungen in cm: 21 x 5 x 7<br \/>\nAlter: 14+<br \/>\nMaterial: Hochglanz-Edelstahl<br \/>\nMontagezeit: \u00b1 14 Stunden<\/p>\n","protected":false},"excerpt":{"rendered":"<p>METALLZEIT<\/p>\n","protected":false},"featured_media":404770,"template":"","meta":{"_improvement_type_select":"improve_an_existing","_thumb_yes_seoaic":false,"_frame_yes_seoaic":false,"seoaic_generate_description":"","seoaic_improve_instructions_prompt":"","seoaic_rollback_content_improvement":"","seoaic_idea_thumbnail_generator":"","thumbnail_generated":false,"thumbnail_generate_prompt":"","seoaic_article_description":"","product-afmeting-lengte-mm":"","product-afmeting-breedte-mm":"","product-afmeting-hoogte-mm":""},"product_brand":[],"product_cat":[2506,1499,2558],"product_tag":[],"class_list":{"0":"post-425302","1":"product","2":"type-product","3":"status-publish","4":"has-post-thumbnail","6":"product_cat-metall-zeit","7":"product_cat-modellbau","8":"product_cat-aanbieding-de","9":"pa_merken-metallzeit","11":"first","12":"instock","13":"sale","14":"taxable","15":"shipping-taxable","16":"purchasable","17":"product-type-simple"},"df_price":28,"df_sale_price":28,"df_regular_price":69.99,"df_image_link":"https:\/\/www.speedcube.nl\/wp-content\/uploads\/2023\/06\/Productvisuals_Modelbouw-Metal-Time-Elusive-Nautilus-285x300.jpg","_links":{"self":[{"href":"https:\/\/www.speedcube.nl\/de\/wp-json\/wp\/v2\/product\/425302","targetHints":{"allow":["GET"]}}],"collection":[{"href":"https:\/\/www.speedcube.nl\/de\/wp-json\/wp\/v2\/product"}],"about":[{"href":"https:\/\/www.speedcube.nl\/de\/wp-json\/wp\/v2\/types\/product"}],"version-history":[{"count":0,"href":"https:\/\/www.speedcube.nl\/de\/wp-json\/wp\/v2\/product\/425302\/revisions"}],"wp:featuredmedia":[{"embeddable":true,"href":"https:\/\/www.speedcube.nl\/de\/wp-json\/wp\/v2\/media\/404770"}],"wp:attachment":[{"href":"https:\/\/www.speedcube.nl\/de\/wp-json\/wp\/v2\/media?parent=425302"}],"wp:term":[{"taxonomy":"product_brand","embeddable":true,"href":"https:\/\/www.speedcube.nl\/de\/wp-json\/wp\/v2\/product_brand?post=425302"},{"taxonomy":"product_cat","embeddable":true,"href":"https:\/\/www.speedcube.nl\/de\/wp-json\/wp\/v2\/product_cat?post=425302"},{"taxonomy":"product_tag","embeddable":true,"href":"https:\/\/www.speedcube.nl\/de\/wp-json\/wp\/v2\/product_tag?post=425302"}],"curies":[{"name":"wp","href":"https:\/\/api.w.org\/{rel}","templated":true}]}}