{"id":425299,"date":"2022-09-26T09:14:42","date_gmt":"2022-09-26T07:14:42","guid":{"rendered":"https:\/\/www.speedcube.nl\/unkategorisiert\/heye-go-camping-2000-stueck\/"},"modified":"2026-05-09T05:00:48","modified_gmt":"2026-05-09T03:00:48","slug":"heye-go-camping-2000-stueck","status":"publish","type":"product","link":"https:\/\/www.speedcube.nl\/de\/aanbieding-de\/heye-go-camping-2000-stueck\/","title":{"rendered":"Heye Go Camping 2000 St\u00fcck"},"content":{"rendered":"<p>Heye Go Camping ist ein Puzzle mit 2000 Teilen. Die Natur genie\u00dfen, in die Freiheit! Camping ist die Rettung nach einer sehr ungewohnten Zeit in geschlossenen R\u00e4umen. Dieses Puzzle wird in einer attraktiven dreieckigen Schachtel geliefert.<\/p>\n<p>Anzahl der St\u00fccke: 2000<br \/>\nMaterial: Pappe<br \/>\nGr\u00f6\u00dfe des Puzzles: 68 x 96 cm<br \/>\nVerpackung: 42 x 27 x 14 cm<br \/>\nAlter: 6 &#8211; 99 Jahre<\/p>\n","protected":false},"excerpt":{"rendered":"<p>HEYE<\/p>\n","protected":false},"featured_media":403968,"template":"","meta":{"_improvement_type_select":"improve_an_existing","_thumb_yes_seoaic":false,"_frame_yes_seoaic":false,"seoaic_generate_description":"","seoaic_improve_instructions_prompt":"","seoaic_rollback_content_improvement":"","seoaic_idea_thumbnail_generator":"","thumbnail_generated":false,"thumbnail_generate_prompt":"","seoaic_article_description":"","product-afmeting-lengte-mm":"","product-afmeting-breedte-mm":"","product-afmeting-hoogte-mm":""},"product_brand":[],"product_cat":[2267,1613,2558],"product_tag":[],"class_list":{"0":"post-425299","1":"product","2":"type-product","3":"status-publish","4":"has-post-thumbnail","6":"product_cat-heye-de","7":"product_cat-ratsel-de","8":"product_cat-aanbieding-de","9":"pa_merken-heye-de","11":"first","12":"instock","13":"sale","14":"taxable","15":"shipping-taxable","16":"purchasable","17":"product-type-simple"},"df_price":22.79,"df_sale_price":22.79,"df_regular_price":37.99,"df_image_link":"https:\/\/www.speedcube.nl\/wp-content\/uploads\/2023\/06\/Productvisuals_Puzzels-Heye-Go-Camping-285x300.jpg","_links":{"self":[{"href":"https:\/\/www.speedcube.nl\/de\/wp-json\/wp\/v2\/product\/425299","targetHints":{"allow":["GET"]}}],"collection":[{"href":"https:\/\/www.speedcube.nl\/de\/wp-json\/wp\/v2\/product"}],"about":[{"href":"https:\/\/www.speedcube.nl\/de\/wp-json\/wp\/v2\/types\/product"}],"version-history":[{"count":0,"href":"https:\/\/www.speedcube.nl\/de\/wp-json\/wp\/v2\/product\/425299\/revisions"}],"wp:featuredmedia":[{"embeddable":true,"href":"https:\/\/www.speedcube.nl\/de\/wp-json\/wp\/v2\/media\/403968"}],"wp:attachment":[{"href":"https:\/\/www.speedcube.nl\/de\/wp-json\/wp\/v2\/media?parent=425299"}],"wp:term":[{"taxonomy":"product_brand","embeddable":true,"href":"https:\/\/www.speedcube.nl\/de\/wp-json\/wp\/v2\/product_brand?post=425299"},{"taxonomy":"product_cat","embeddable":true,"href":"https:\/\/www.speedcube.nl\/de\/wp-json\/wp\/v2\/product_cat?post=425299"},{"taxonomy":"product_tag","embeddable":true,"href":"https:\/\/www.speedcube.nl\/de\/wp-json\/wp\/v2\/product_tag?post=425299"}],"curies":[{"name":"wp","href":"https:\/\/api.w.org\/{rel}","templated":true}]}}