{"id":425290,"date":"2022-10-12T10:35:07","date_gmt":"2022-10-12T08:35:07","guid":{"rendered":"https:\/\/www.speedcube.nl\/unkategorisiert\/cobble-hill-harbor-galerie-1000-stueck\/"},"modified":"2026-04-25T05:00:14","modified_gmt":"2026-04-25T03:00:14","slug":"cobble-hill-harbor-galerie-1000-stueck","status":"publish","type":"product","link":"https:\/\/www.speedcube.nl\/de\/aanbieding-de\/cobble-hill-harbor-galerie-1000-stueck\/","title":{"rendered":"Cobble Hill Harbor Galerie 1000 St\u00fcck"},"content":{"rendered":"<p>Die Harbour Gallery erstrahlt vor der atemberaubenden Kulisse der bunten Hafenh\u00e4user. Dieses Puzzle zeigt einen ruhigen Nachmittag f\u00fcr eine Galeriekatze, einen Hund und einen Puzzler. Die Verwendung von Farben macht dieses Bild zu einem R\u00e4tsel. Stellen Sie sich einen Moment lang vor, Sie w\u00e4ren im Ausland!<\/p>\n<p>Anzahl der St\u00fccke: 1000<br \/>\nMaterial: Pappe<br \/>\nGr\u00f6\u00dfe des Puzzles: 68 x 49 cm<br \/>\nAlter: 12 &#8211; 99 Jahre<\/p>\n","protected":false},"excerpt":{"rendered":"<p>COBBLE HILL<\/p>\n","protected":false},"featured_media":405314,"template":"","meta":{"_improvement_type_select":"improve_an_existing","_thumb_yes_seoaic":false,"_frame_yes_seoaic":false,"seoaic_generate_description":"","seoaic_improve_instructions_prompt":"","seoaic_rollback_content_improvement":"","seoaic_idea_thumbnail_generator":"","thumbnail_generated":false,"thumbnail_generate_prompt":"","seoaic_article_description":"","product-afmeting-lengte-mm":"","product-afmeting-breedte-mm":"","product-afmeting-hoogte-mm":""},"product_brand":[],"product_cat":[1613,2558],"product_tag":[],"class_list":{"0":"post-425290","1":"product","2":"type-product","3":"status-publish","4":"has-post-thumbnail","6":"product_cat-ratsel-de","7":"product_cat-aanbieding-de","8":"pa_merken-cobble-hill-de","10":"first","11":"instock","12":"sale","13":"taxable","14":"shipping-taxable","15":"purchasable","16":"product-type-simple"},"df_price":9.48,"df_sale_price":9.48,"df_regular_price":18.95,"df_image_link":"https:\/\/www.speedcube.nl\/wp-content\/uploads\/2023\/06\/Productvisuals_Puzzels-Cobble-Hill-Harbor-Gallery-285x300.jpg","_links":{"self":[{"href":"https:\/\/www.speedcube.nl\/de\/wp-json\/wp\/v2\/product\/425290","targetHints":{"allow":["GET"]}}],"collection":[{"href":"https:\/\/www.speedcube.nl\/de\/wp-json\/wp\/v2\/product"}],"about":[{"href":"https:\/\/www.speedcube.nl\/de\/wp-json\/wp\/v2\/types\/product"}],"version-history":[{"count":0,"href":"https:\/\/www.speedcube.nl\/de\/wp-json\/wp\/v2\/product\/425290\/revisions"}],"wp:featuredmedia":[{"embeddable":true,"href":"https:\/\/www.speedcube.nl\/de\/wp-json\/wp\/v2\/media\/405314"}],"wp:attachment":[{"href":"https:\/\/www.speedcube.nl\/de\/wp-json\/wp\/v2\/media?parent=425290"}],"wp:term":[{"taxonomy":"product_brand","embeddable":true,"href":"https:\/\/www.speedcube.nl\/de\/wp-json\/wp\/v2\/product_brand?post=425290"},{"taxonomy":"product_cat","embeddable":true,"href":"https:\/\/www.speedcube.nl\/de\/wp-json\/wp\/v2\/product_cat?post=425290"},{"taxonomy":"product_tag","embeddable":true,"href":"https:\/\/www.speedcube.nl\/de\/wp-json\/wp\/v2\/product_tag?post=425290"}],"curies":[{"name":"wp","href":"https:\/\/api.w.org\/{rel}","templated":true}]}}