{"id":425267,"date":"2022-10-10T14:10:25","date_gmt":"2022-10-10T12:10:25","guid":{"rendered":"https:\/\/www.speedcube.nl\/unkategorisiert\/wisdomball-inspiration\/"},"modified":"2026-05-09T05:00:45","modified_gmt":"2026-05-09T03:00:45","slug":"wisdomball-inspiration","status":"publish","type":"product","link":"https:\/\/www.speedcube.nl\/de\/stunt-bb-de\/wisdomball-inspiration\/","title":{"rendered":"WisdomBall Inspiration"},"content":{"rendered":"<p>Der Wisdom Ball ist ein rundes Zahlenpuzzle und eine echte Herausforderung f\u00fcr jeden 3D-Puzzler. Wenn Sie eine Herausforderung suchen, dann ist der Wisdom Ball genau das Richtige f\u00fcr Sie. Die \u00dcberraschung liegt in dem einzigartigen Spielprinzip; jede Weisheitskugel hat 6 rotierende Scheiben mit verschiedenen Farben und Schlitzen f\u00fcr 8 Zahlen von 1 bis 8 (die Ausnahme ist die lila Scheibe mit 7 Zahlen und einem leeren Schlitz). Um Wisdom Ball zu l\u00f6sen, musst du die Zahlensteine so verschieben, dass ihre Hintergrundfarbe mit der Farbe der rotierenden Scheibe \u00fcbereinstimmt. Die Nummern auf jeder Scheibe m\u00fcssen in aufsteigender Reihenfolge gegen den Uhrzeigersinn angeordnet werden.<\/p>\n<p>Schwierigkeitsgrad: 3 von 5 Sternen<br \/>\nDurchmesser: 90 mm<br \/>\nEmpfohlenes Alter: 7+<\/p>\n","protected":false},"excerpt":{"rendered":"<p>WISDOMBALL<\/p>\n","protected":false},"featured_media":404850,"template":"","meta":{"_improvement_type_select":"improve_an_existing","_thumb_yes_seoaic":false,"_frame_yes_seoaic":false,"seoaic_generate_description":"","seoaic_improve_instructions_prompt":"","seoaic_rollback_content_improvement":"","seoaic_idea_thumbnail_generator":"","thumbnail_generated":false,"thumbnail_generate_prompt":"","seoaic_article_description":"","product-afmeting-lengte-mm":"","product-afmeting-breedte-mm":"","product-afmeting-hoogte-mm":""},"product_brand":[],"product_cat":[1511,1244,1227,1233,1237,1241,5227,2486],"product_tag":[],"class_list":{"0":"post-425267","1":"product","2":"type-product","3":"status-publish","4":"has-post-thumbnail","6":"product_cat-3-sterne-normal","7":"product_cat-knobelaufgaben-de","8":"product_cat-knobelaufgaben","9":"product_cat-knobelaufgaben-fur-erwachsene","10":"product_cat-knobelaufgaben-fur-kinder","11":"product_cat-plastik-ratsel","12":"product_cat-stunt-bb-de","13":"product_cat-wisdomball-de","14":"pa_merken-wisdomball-de","16":"first","17":"outofstock","18":"taxable","19":"shipping-taxable","20":"purchasable","21":"product-type-simple"},"df_price":19.99,"df_sale_price":"","df_regular_price":19.99,"df_image_link":"https:\/\/www.speedcube.nl\/wp-content\/uploads\/2023\/06\/Productvisuals_Breinbrekers-Wisdom-Ball-Inspiration-285x300.jpg","_links":{"self":[{"href":"https:\/\/www.speedcube.nl\/de\/wp-json\/wp\/v2\/product\/425267","targetHints":{"allow":["GET"]}}],"collection":[{"href":"https:\/\/www.speedcube.nl\/de\/wp-json\/wp\/v2\/product"}],"about":[{"href":"https:\/\/www.speedcube.nl\/de\/wp-json\/wp\/v2\/types\/product"}],"version-history":[{"count":0,"href":"https:\/\/www.speedcube.nl\/de\/wp-json\/wp\/v2\/product\/425267\/revisions"}],"wp:featuredmedia":[{"embeddable":true,"href":"https:\/\/www.speedcube.nl\/de\/wp-json\/wp\/v2\/media\/404850"}],"wp:attachment":[{"href":"https:\/\/www.speedcube.nl\/de\/wp-json\/wp\/v2\/media?parent=425267"}],"wp:term":[{"taxonomy":"product_brand","embeddable":true,"href":"https:\/\/www.speedcube.nl\/de\/wp-json\/wp\/v2\/product_brand?post=425267"},{"taxonomy":"product_cat","embeddable":true,"href":"https:\/\/www.speedcube.nl\/de\/wp-json\/wp\/v2\/product_cat?post=425267"},{"taxonomy":"product_tag","embeddable":true,"href":"https:\/\/www.speedcube.nl\/de\/wp-json\/wp\/v2\/product_tag?post=425267"}],"curies":[{"name":"wp","href":"https:\/\/api.w.org\/{rel}","templated":true}]}}