{"id":425247,"date":"2022-10-18T10:17:54","date_gmt":"2022-10-18T08:17:54","guid":{"rendered":"https:\/\/www.speedcube.nl\/unkategorisiert\/ugears-marmorschiene-3-etagenhebezeug\/"},"modified":"2026-05-06T05:01:44","modified_gmt":"2026-05-06T03:01:44","slug":"ugears-marmorschiene-3-etagenhebezeug","status":"publish","type":"product","link":"https:\/\/www.speedcube.nl\/de\/ugears\/ugears-marmorschiene-3-etagenhebezeug\/","title":{"rendered":"Ugears Marmorschiene #3 Etagenhebezeug"},"content":{"rendered":"<p>Der Spa\u00df mit Kugelbahnen geht weiter mit der Ugears Tiered Hoist Kugelbahn, der dritten in einer Serie von modularen Kugelbahnen von Ugears. Dieses einzigartige Modell in unserer wachsenden Sammlung von unterhaltsamen Holzmurmelbahnen verf\u00fcgt \u00fcber einen Treppenlift mit 3 Ebenen, der die Murmeln f\u00fcr Vergn\u00fcgungspark-Abenteuer nach oben bringt. Die Kugelbahn Tiered Hoist hat einen faszinierenden Aufzug, drei neue Bahnelemente und interessante Fall- und Ausl\u00f6semechanismen, die \u00fcberall platziert sind. Drehen Sie an der Handkurbel und beobachten Sie, wie die Murmeln durch verschiedene Hindernisse in den darunter liegenden Auffangbeh\u00e4lter gelangen. Bei dieser gut gestalteten DIY-Marmorbahn sind mehrere Schienen und Elemente auf kleinstem Raum vorhanden.<\/p>\n<p>Das Modell wird mit allem, was ben\u00f6tigt wird, in der Schachtel geliefert. Das Set enth\u00e4lt 10 farbige Murmeln, Schleifpapier und Wachs zum Gl\u00e4tten und Schmieren der Zahnr\u00e4der und anderer beweglicher Teile.<\/p>\n<p>Wir haben diese Kugelbahn wie die gesamte Ugears-Kugelbahnserie so konzipiert, dass sie modular aufgebaut ist, d.h. das Modell funktioniert als Einzelst\u00fcck oder es kann frontal oder seitlich mit anderen Ugears-Kugelbahnen desselben oder eines anderen Designs verbunden werden (2 oder 4 Modelle k\u00f6nnen paarweise mit den im Set enthaltenen Spezialverbindern verbunden werden). Ein Ausl\u00f6semechanismus kurz vor der R\u00fccklaufbahn kann die Murmeln auf eine benachbarte Kugelbahn zur\u00fcckbringen oder zwischen den beiden Bahnen umschalten (mit einem Hebel k\u00f6nnen Sie die gew\u00fcnschte Einstellung vornehmen). Verbinden Sie bis zu vier Kugelbahnen zu einem erstaunlich komplexen System miteinander verbundener Elemente, die alle von einem einzigen Pendel angetrieben werden.<\/p>\n<p>Diese Kugelbahn ist eine lustige Herausforderung f\u00fcr erfahrene Modellbauer oder ein tolles Geschenk f\u00fcr Sie selbst, eine Bastelidee oder ein Geschenk f\u00fcr den Hobbybastler in Ihrem Leben. Der Ugears Marble Track Tiered Hoist ist eine faszinierende Maschine, die auch Teil einer komplizierten, miteinander verbundenen Sammlung von Ugears Marble Tracks sein kann. Wenn Sie bereits die ersten beiden Ugears-Modellserien (Kettenzug, Stufenhebezug) gebaut haben, dann herzlichen Gl\u00fcckwunsch und machen Sie sich bereit f\u00fcr dieses dritte St\u00fcck in Ihrer wachsenden Sammlung.<\/p>\n<p>Abmessungen des Produkts: 27 x 26,5 x 27 cm<br \/>\nVerpackungsgr\u00f6\u00dfe: 37,8 x 17 x 3,4 cm<br \/>\nAnzahl der Teile: 315<br \/>\nGesch\u00e4tzte Montagezeit: 5 Stunden<\/p>\n","protected":false},"excerpt":{"rendered":"<p>UGEARS<\/p>\n","protected":false},"featured_media":405850,"template":"","meta":{"_improvement_type_select":"improve_an_existing","_thumb_yes_seoaic":false,"_frame_yes_seoaic":false,"seoaic_generate_description":"","seoaic_improve_instructions_prompt":"","seoaic_rollback_content_improvement":"","seoaic_idea_thumbnail_generator":"","thumbnail_generated":false,"thumbnail_generate_prompt":"","seoaic_article_description":"","product-afmeting-lengte-mm":"","product-afmeting-breedte-mm":"","product-afmeting-hoogte-mm":""},"product_brand":[],"product_cat":[1499,5352,2558],"product_tag":[],"class_list":{"0":"post-425247","1":"product","2":"type-product","3":"status-publish","4":"has-post-thumbnail","6":"product_cat-modellbau","7":"product_cat-ugears","8":"product_cat-aanbieding-de","9":"pa_merken-ugears-de","11":"first","12":"instock","13":"sale","14":"taxable","15":"shipping-taxable","16":"purchasable","17":"product-type-simple"},"df_price":32.97,"df_sale_price":32.97,"df_regular_price":54.95,"df_image_link":"https:\/\/www.speedcube.nl\/wp-content\/uploads\/2023\/06\/Productvisuals_Modelbouw-Ugears-Knikkerbaan-3-22Tiered-Hoist22-285x300.jpg","_links":{"self":[{"href":"https:\/\/www.speedcube.nl\/de\/wp-json\/wp\/v2\/product\/425247","targetHints":{"allow":["GET"]}}],"collection":[{"href":"https:\/\/www.speedcube.nl\/de\/wp-json\/wp\/v2\/product"}],"about":[{"href":"https:\/\/www.speedcube.nl\/de\/wp-json\/wp\/v2\/types\/product"}],"version-history":[{"count":0,"href":"https:\/\/www.speedcube.nl\/de\/wp-json\/wp\/v2\/product\/425247\/revisions"}],"wp:featuredmedia":[{"embeddable":true,"href":"https:\/\/www.speedcube.nl\/de\/wp-json\/wp\/v2\/media\/405850"}],"wp:attachment":[{"href":"https:\/\/www.speedcube.nl\/de\/wp-json\/wp\/v2\/media?parent=425247"}],"wp:term":[{"taxonomy":"product_brand","embeddable":true,"href":"https:\/\/www.speedcube.nl\/de\/wp-json\/wp\/v2\/product_brand?post=425247"},{"taxonomy":"product_cat","embeddable":true,"href":"https:\/\/www.speedcube.nl\/de\/wp-json\/wp\/v2\/product_cat?post=425247"},{"taxonomy":"product_tag","embeddable":true,"href":"https:\/\/www.speedcube.nl\/de\/wp-json\/wp\/v2\/product_tag?post=425247"}],"curies":[{"name":"wp","href":"https:\/\/api.w.org\/{rel}","templated":true}]}}