{"id":425243,"date":"2022-10-14T11:36:36","date_gmt":"2022-10-14T09:36:36","guid":{"rendered":"https:\/\/www.speedcube.nl\/unkategorisiert\/robotime-buchstuetze-magic-house-tgb03\/"},"modified":"2026-04-08T05:02:09","modified_gmt":"2026-04-08T03:02:09","slug":"robotime-buchstuetze-magic-house-tgb03","status":"publish","type":"product","link":"https:\/\/www.speedcube.nl\/de\/aanbieding-de\/robotime-buchstuetze-magic-house-tgb03\/","title":{"rendered":"Robotime Buchst\u00fctze Magic House TGB03"},"content":{"rendered":"<p>Willkommen in der magischen Welt. Bauen Sie einen magischen Verb\u00fcndeten mit diesem Do It Yourself B\u00fccherregal. Mach dich bereit, mit einem einfachen Zauberspruch mitten in der Nacht zu verschwinden! Robotime-Rolife Magic House DIY Bookshelf TGB03 DIY Miniaturhaus ist eine geheimnisvolle magische Gasse, die nur von Menschen betreten werden kann, die zaubern k\u00f6nnen. Hier kannst du alle Ausr\u00fcstungsgegenst\u00e4nde und Vorr\u00e4te kaufen, die du zum Leben in der magischen Welt brauchst. Setze jetzt alle 3D-Holzpuzzleteile zusammen und baue dieses magische Haus. Es wird eine super coole und einzigartige Buchst\u00fctze sein. Es sieht toll aus, wenn es im Dunkeln mit der warmen Beleuchtung steht.<\/p>\n<p>Anmerkungen:<\/p>\n<ul>\n<li><strong>Der Artikel ist vorgef\u00e4rbt<\/strong>, aber die Verpackung kann noch Pigmente enthalten. Falls enthalten, m\u00fcssen einige Teile selbst eingef\u00e4rbt werden. Wir haben ausf\u00fchrliche Anweisungen, die Ihnen sagen, wo Sie malen sollen. Auch wenn Sie weitere kreative Ideen haben, freuen wir uns \u00fcber hervorragende Arbeiten von Ihnen.<\/li>\n<li>Die Packung enth\u00e4lt wichtige Informationen, die Sie f\u00fcr die Zukunft aufbewahren sollten.<\/li>\n<li>Kinder sollten wegen der Verschluckungsgefahr unter Aufsicht von Erwachsenen einsteigen.<\/li>\n<li>Das Produkt ben\u00f6tigt 2 St\u00fcck AAA-Batterien.<\/li>\n<li>Aufgrund von Zollbestimmungen sind Kleber, Pigmente oder Batterien m\u00f6glicherweise nicht im Paket enthalten.<\/li>\n<\/ul>\n<p>Anzahl der St\u00fccke: 216<br \/>\nMontagezeit: \u00b1 4 Stunden<br \/>\nMaterial: Holz<br \/>\nAlter: 12+<br \/>\nProdukt in mm: 110 x 240 x 180<\/p>\n","protected":false},"excerpt":{"rendered":"<p>ROBOTIME<\/p>\n","protected":false},"featured_media":405502,"template":"","meta":{"_improvement_type_select":"improve_an_existing","_thumb_yes_seoaic":false,"_frame_yes_seoaic":false,"seoaic_generate_description":"","seoaic_improve_instructions_prompt":"","seoaic_rollback_content_improvement":"","seoaic_idea_thumbnail_generator":"","thumbnail_generated":false,"thumbnail_generate_prompt":"","seoaic_article_description":"","product-afmeting-lengte-mm":"","product-afmeting-breedte-mm":"","product-afmeting-hoogte-mm":""},"product_brand":[],"product_cat":[1499,1619,2558],"product_tag":[],"class_list":{"0":"post-425243","1":"product","2":"type-product","3":"status-publish","4":"has-post-thumbnail","6":"product_cat-modellbau","7":"product_cat-robotime-de","8":"product_cat-aanbieding-de","9":"pa_merken-robotime-de","11":"first","12":"instock","13":"sale","14":"taxable","15":"shipping-taxable","16":"purchasable","17":"product-type-simple"},"df_price":20,"df_sale_price":20,"df_regular_price":39.99,"df_image_link":"https:\/\/www.speedcube.nl\/wp-content\/uploads\/2023\/06\/Productvisuals_Modelbouw-Robotime-Bookshelft-Insert-Magic-House-TGB03-285x300.jpg","_links":{"self":[{"href":"https:\/\/www.speedcube.nl\/de\/wp-json\/wp\/v2\/product\/425243","targetHints":{"allow":["GET"]}}],"collection":[{"href":"https:\/\/www.speedcube.nl\/de\/wp-json\/wp\/v2\/product"}],"about":[{"href":"https:\/\/www.speedcube.nl\/de\/wp-json\/wp\/v2\/types\/product"}],"version-history":[{"count":0,"href":"https:\/\/www.speedcube.nl\/de\/wp-json\/wp\/v2\/product\/425243\/revisions"}],"wp:featuredmedia":[{"embeddable":true,"href":"https:\/\/www.speedcube.nl\/de\/wp-json\/wp\/v2\/media\/405502"}],"wp:attachment":[{"href":"https:\/\/www.speedcube.nl\/de\/wp-json\/wp\/v2\/media?parent=425243"}],"wp:term":[{"taxonomy":"product_brand","embeddable":true,"href":"https:\/\/www.speedcube.nl\/de\/wp-json\/wp\/v2\/product_brand?post=425243"},{"taxonomy":"product_cat","embeddable":true,"href":"https:\/\/www.speedcube.nl\/de\/wp-json\/wp\/v2\/product_cat?post=425243"},{"taxonomy":"product_tag","embeddable":true,"href":"https:\/\/www.speedcube.nl\/de\/wp-json\/wp\/v2\/product_tag?post=425243"}],"curies":[{"name":"wp","href":"https:\/\/api.w.org\/{rel}","templated":true}]}}