{"id":425241,"date":"2022-10-13T15:25:06","date_gmt":"2022-10-13T13:25:06","guid":{"rendered":"https:\/\/www.speedcube.nl\/unkategorisiert\/escapewelt-trio-puzzle\/"},"modified":"2026-05-11T05:00:09","modified_gmt":"2026-05-11T03:00:09","slug":"escapewelt-trio-puzzle","status":"publish","type":"product","link":"https:\/\/www.speedcube.nl\/de\/aanbieding-de\/escapewelt-trio-puzzle\/","title":{"rendered":"Escapewelt Trio Puzzle"},"content":{"rendered":"<p>Colors Trio ist eine ganz neue Generation von einzigartigen Spielen! In der Schachtel befinden sich 3 exklusive farbige Plexiglaspuzzles. Nutze deine Logik, um alle R\u00e4tsel zu l\u00f6sen und jedes R\u00e4tsel zu vervollst\u00e4ndigen. Die EscapeWelt-R\u00e4tselserie ist ein echter Spielver\u00e4nderer. Wer hat es als Kind nicht geliebt, Puzzles zu l\u00f6sen und sie St\u00fcck f\u00fcr St\u00fcck zusammenzusetzen? Jeder Schritt stellt eine geistige Herausforderung dar. W\u00e4hle die richtige Kombination und finde den Weg aus den Kristalllabyrinthen.<\/p>\n<p>Das L\u00f6sen eines R\u00e4tsels dauert im Durchschnitt 90-120 Minuten. Aber vielleicht werden Sie es sein, der den Rekord bricht? Das Spiel ist f\u00fcr 2-3 Spieler ausgelegt, aber man kann es auch alleine spielen. Alle unsere Spielzeuge sind f\u00fcr Kinder ab 12 Jahren bestimmt. Deshalb ist es an der Zeit, sich zu einem Familienteam zusammenzuschlie\u00dfen und alle kniffligen R\u00e4tsel gemeinsam zu l\u00f6sen!<\/p>\n<p>Alter: 12+<br \/>\nSchwierigkeitsgrad: 3 Sterne<br \/>\nDurchschnittliche Aufl\u00f6sungszeit: 30-60 Minuten<br \/>\nAbmessungen: 200 x 200 x 6 mm<\/p>\n","protected":false},"excerpt":{"rendered":"<p>escapewelt<\/p>\n","protected":false},"featured_media":405370,"template":"","meta":{"_improvement_type_select":"improve_an_existing","_thumb_yes_seoaic":false,"_frame_yes_seoaic":false,"seoaic_generate_description":"","seoaic_improve_instructions_prompt":"","seoaic_rollback_content_improvement":"","seoaic_idea_thumbnail_generator":"","thumbnail_generated":false,"thumbnail_generate_prompt":"","seoaic_article_description":"","product-afmeting-lengte-mm":"","product-afmeting-breedte-mm":"","product-afmeting-hoogte-mm":""},"product_brand":[],"product_cat":[1499,2558],"product_tag":[],"class_list":{"0":"post-425241","1":"product","2":"type-product","3":"status-publish","4":"has-post-thumbnail","6":"product_cat-modellbau","7":"product_cat-aanbieding-de","8":"pa_merken-escapewelt-de","10":"first","11":"instock","12":"sale","13":"taxable","14":"shipping-taxable","15":"purchasable","16":"product-type-simple"},"df_price":18,"df_sale_price":18,"df_regular_price":44.99,"df_image_link":"https:\/\/www.speedcube.nl\/wp-content\/uploads\/2023\/06\/Productvisuals_Breinbrekers-Escapewelt-Trio-Puzzle-1-1-285x300.jpg","_links":{"self":[{"href":"https:\/\/www.speedcube.nl\/de\/wp-json\/wp\/v2\/product\/425241","targetHints":{"allow":["GET"]}}],"collection":[{"href":"https:\/\/www.speedcube.nl\/de\/wp-json\/wp\/v2\/product"}],"about":[{"href":"https:\/\/www.speedcube.nl\/de\/wp-json\/wp\/v2\/types\/product"}],"version-history":[{"count":0,"href":"https:\/\/www.speedcube.nl\/de\/wp-json\/wp\/v2\/product\/425241\/revisions"}],"wp:featuredmedia":[{"embeddable":true,"href":"https:\/\/www.speedcube.nl\/de\/wp-json\/wp\/v2\/media\/405370"}],"wp:attachment":[{"href":"https:\/\/www.speedcube.nl\/de\/wp-json\/wp\/v2\/media?parent=425241"}],"wp:term":[{"taxonomy":"product_brand","embeddable":true,"href":"https:\/\/www.speedcube.nl\/de\/wp-json\/wp\/v2\/product_brand?post=425241"},{"taxonomy":"product_cat","embeddable":true,"href":"https:\/\/www.speedcube.nl\/de\/wp-json\/wp\/v2\/product_cat?post=425241"},{"taxonomy":"product_tag","embeddable":true,"href":"https:\/\/www.speedcube.nl\/de\/wp-json\/wp\/v2\/product_tag?post=425241"}],"curies":[{"name":"wp","href":"https:\/\/api.w.org\/{rel}","templated":true}]}}