{"id":425233,"date":"2022-10-12T11:00:28","date_gmt":"2022-10-12T09:00:28","guid":{"rendered":"https:\/\/www.speedcube.nl\/unkategorisiert\/cobble-hill-into-the-jungle-1000-stueck\/"},"modified":"2026-05-01T05:01:06","modified_gmt":"2026-05-01T03:01:06","slug":"cobble-hill-into-the-jungle-1000-stueck","status":"publish","type":"product","link":"https:\/\/www.speedcube.nl\/de\/ratsel-de\/kopfsteinpflaster-hugel\/cobble-hill-into-the-jungle-1000-stueck\/","title":{"rendered":"Cobble Hill Into the Jungle 1000 St\u00fcck"},"content":{"rendered":"<p>Werfen Sie einen Blick in den Dschungel! L\u00f6wen, Geparden, Nash\u00f6rner, Elefanten, Giraffen, Tukane, Erdm\u00e4nnchen und mehr br\u00fcllen in diesem farbenfrohen 1.000-Teile-Puzzle. Es gibt viel zu sehen &#8230; Von Dschungeltieren bis zu Insekten!<\/p>\n<p>Anzahl der St\u00fccke: 1000<br \/>\nMaterial: Pappe<br \/>\nGr\u00f6\u00dfe des Puzzles: 68 x 49 cm<br \/>\nAlter: 12 &#8211; 99 Jahre<\/p>\n","protected":false},"excerpt":{"rendered":"<p>COBBLE HILL<\/p>\n","protected":false},"featured_media":405362,"template":"","meta":{"_improvement_type_select":"improve_an_existing","_thumb_yes_seoaic":false,"_frame_yes_seoaic":false,"seoaic_generate_description":"","seoaic_improve_instructions_prompt":"","seoaic_rollback_content_improvement":"","seoaic_idea_thumbnail_generator":"","thumbnail_generated":false,"thumbnail_generate_prompt":"","seoaic_article_description":"","product-afmeting-lengte-mm":"","product-afmeting-breedte-mm":"","product-afmeting-hoogte-mm":""},"product_brand":[],"product_cat":[1620,2472,2284,1857,1613,1745,1622],"product_tag":[],"class_list":{"0":"post-425233","1":"product","2":"type-product","3":"status-publish","4":"has-post-thumbnail","6":"product_cat-jigsaw-puzzles","7":"product_cat-kopfsteinpflaster-hugel","8":"product_cat-natur","9":"product_cat-puzzle-1000-teile","10":"product_cat-ratsel-de","11":"product_cat-puzzles-fur-erwachsene","12":"product_cat-tier-puzzles","13":"pa_merken-cobble-hill-de","15":"first","16":"instock","17":"taxable","18":"shipping-taxable","19":"purchasable","20":"product-type-simple"},"df_price":18.95,"df_sale_price":"","df_regular_price":18.95,"df_image_link":"https:\/\/www.speedcube.nl\/wp-content\/uploads\/2023\/06\/Productvisuals_Puzzels-Cobble-Hill-Into-the-Jungle-285x300.jpg","_links":{"self":[{"href":"https:\/\/www.speedcube.nl\/de\/wp-json\/wp\/v2\/product\/425233","targetHints":{"allow":["GET"]}}],"collection":[{"href":"https:\/\/www.speedcube.nl\/de\/wp-json\/wp\/v2\/product"}],"about":[{"href":"https:\/\/www.speedcube.nl\/de\/wp-json\/wp\/v2\/types\/product"}],"version-history":[{"count":0,"href":"https:\/\/www.speedcube.nl\/de\/wp-json\/wp\/v2\/product\/425233\/revisions"}],"wp:featuredmedia":[{"embeddable":true,"href":"https:\/\/www.speedcube.nl\/de\/wp-json\/wp\/v2\/media\/405362"}],"wp:attachment":[{"href":"https:\/\/www.speedcube.nl\/de\/wp-json\/wp\/v2\/media?parent=425233"}],"wp:term":[{"taxonomy":"product_brand","embeddable":true,"href":"https:\/\/www.speedcube.nl\/de\/wp-json\/wp\/v2\/product_brand?post=425233"},{"taxonomy":"product_cat","embeddable":true,"href":"https:\/\/www.speedcube.nl\/de\/wp-json\/wp\/v2\/product_cat?post=425233"},{"taxonomy":"product_tag","embeddable":true,"href":"https:\/\/www.speedcube.nl\/de\/wp-json\/wp\/v2\/product_tag?post=425233"}],"curies":[{"name":"wp","href":"https:\/\/api.w.org\/{rel}","templated":true}]}}