{"id":425226,"date":"2022-10-18T09:30:35","date_gmt":"2022-10-18T07:30:35","guid":{"rendered":"https:\/\/www.speedcube.nl\/unkategorisiert\/ugears-mechanische-celesta\/"},"modified":"2026-05-05T05:11:31","modified_gmt":"2026-05-05T03:11:31","slug":"ugears-mechanische-celesta","status":"publish","type":"product","link":"https:\/\/www.speedcube.nl\/de\/modellbau\/musik\/ugears-mechanische-celesta\/","title":{"rendered":"Ugears Mechanische Celesta"},"content":{"rendered":"<p>Ugears ist stolz darauf, das zweite DIY-Musikinstrument in unserer Kollektion vorzustellen: die mechanische Celesta. Wie die Ugears Drehleier ist die Mechanische Celesta sowohl ein Holzmodell als auch ein funktionales Musikinstrument. Dieses spezielle Modell ist eine einfachere Version eines Pianolas und enth\u00e4lt Elemente eines Klaviers, einer Spieluhr und eines Xylophons. Es gibt zwei M\u00f6glichkeiten, das Instrument zu spielen: Sie schlagen die Tasten auf den Metallplatten an und erzeugen so Noten in einem Oktavbereich von C bis C, oder Sie k\u00f6nnen das Instrument &#8222;vorprogrammieren&#8220;, indem Sie eine Melodie auf dem Player komponieren und sie dann durch Drehen des Knopfes spielen!<\/p>\n<p>Dank der einfachen Handhabung der Mechanischen Celesta k\u00f6nnen auch die Kleinsten ohne musikalische Vorkenntnisse mit dem Musizieren beginnen, indem sie die Tasten anschlagen oder die Kurbel drehen, um vorprogrammierte Melodien zu erzeugen. Wenn Sie im &#8222;manuellen Modus&#8220; eine Taste dr\u00fccken, schl\u00e4gt der Hammer auf die Schallplatte und der Klang der entsprechenden Note ist zu h\u00f6ren. Im &#8222;programmierten Melodiemodus&#8220; ordnen Sie eine Reihe von Platten entlang einer rotierenden Trommel an und drehen die Trommel, w\u00e4hrend Stifte auf jeder Platte die H\u00e4mmer aktivieren, um die richtigen Noten anzuschlagen.<\/p>\n<p>Die Mechanical Celesta von Ugears ist eine einzigartige Kombination aus Design, Technik und Kunst und wird Musiker, Modellbauer, 3D-Puzzle-Enthusiasten und sogar Programmierer begeistern. Programmieren Sie bekannte Melodien in die Klaviertrommel des Spielers ein oder erstellen Sie durch einfaches Drehen der Kurbel eigene Kompositionen, die andere spielen k\u00f6nnen. Ihr Publikum wird von Ihrer Kreativit\u00e4t und Ihrem Einfallsreichtum beeindruckt sein, wenn Sie originelle Musik auf einem selbstgebauten Instrument spielen!<\/p>\n<p>Abmessungen des Produkts: 28 x 28,5 x 12 cm<br \/>\nVerpackungsgr\u00f6\u00dfe: 37,8 x 17 x 5 cm<br \/>\nAnzahl der Teile: 573<br \/>\nGesch\u00e4tzte Montagezeit: 8 Stunden<\/p>\n","protected":false},"excerpt":{"rendered":"<p>UGEARS<\/p>\n","protected":false},"featured_media":405698,"template":"","meta":{"_improvement_type_select":"improve_an_existing","_thumb_yes_seoaic":false,"_frame_yes_seoaic":false,"seoaic_generate_description":"","seoaic_improve_instructions_prompt":"","seoaic_rollback_content_improvement":"","seoaic_idea_thumbnail_generator":"","thumbnail_generated":false,"thumbnail_generate_prompt":"","seoaic_article_description":"","product-afmeting-lengte-mm":"","product-afmeting-breedte-mm":"","product-afmeting-hoogte-mm":""},"product_brand":[],"product_cat":[1617,1500,1499,2003,1713],"product_tag":[],"class_list":{"0":"post-425226","1":"product","2":"type-product","3":"status-publish","4":"has-post-thumbnail","6":"product_cat-baukasten-aus-holz","7":"product_cat-baukasten-fur-erwachsene","8":"product_cat-modellbau","9":"product_cat-musik","10":"product_cat-ugears-modellbau","11":"pa_merken-ugears-de","13":"first","14":"instock","15":"taxable","16":"shipping-taxable","17":"purchasable","18":"product-type-simple"},"df_price":89.95,"df_sale_price":"","df_regular_price":89.95,"df_image_link":"https:\/\/www.speedcube.nl\/wp-content\/uploads\/2023\/06\/Productvisuals_Modelbouw-Ugears-Mechanische-Celesta-285x300.jpg","_links":{"self":[{"href":"https:\/\/www.speedcube.nl\/de\/wp-json\/wp\/v2\/product\/425226","targetHints":{"allow":["GET"]}}],"collection":[{"href":"https:\/\/www.speedcube.nl\/de\/wp-json\/wp\/v2\/product"}],"about":[{"href":"https:\/\/www.speedcube.nl\/de\/wp-json\/wp\/v2\/types\/product"}],"version-history":[{"count":0,"href":"https:\/\/www.speedcube.nl\/de\/wp-json\/wp\/v2\/product\/425226\/revisions"}],"wp:featuredmedia":[{"embeddable":true,"href":"https:\/\/www.speedcube.nl\/de\/wp-json\/wp\/v2\/media\/405698"}],"wp:attachment":[{"href":"https:\/\/www.speedcube.nl\/de\/wp-json\/wp\/v2\/media?parent=425226"}],"wp:term":[{"taxonomy":"product_brand","embeddable":true,"href":"https:\/\/www.speedcube.nl\/de\/wp-json\/wp\/v2\/product_brand?post=425226"},{"taxonomy":"product_cat","embeddable":true,"href":"https:\/\/www.speedcube.nl\/de\/wp-json\/wp\/v2\/product_cat?post=425226"},{"taxonomy":"product_tag","embeddable":true,"href":"https:\/\/www.speedcube.nl\/de\/wp-json\/wp\/v2\/product_tag?post=425226"}],"curies":[{"name":"wp","href":"https:\/\/api.w.org\/{rel}","templated":true}]}}