{"id":425224,"date":"2022-10-14T11:49:34","date_gmt":"2022-10-14T09:49:34","guid":{"rendered":"https:\/\/www.speedcube.nl\/unkategorisiert\/robotime-buchstuetze-sunshine-town-tgb02\/"},"modified":"2026-05-10T05:04:02","modified_gmt":"2026-05-10T03:04:02","slug":"robotime-buchstuetze-sunshine-town-tgb02","status":"publish","type":"product","link":"https:\/\/www.speedcube.nl\/de\/modellbau\/bucher\/robotime-buchstuetze-sunshine-town-tgb02\/","title":{"rendered":"Robotime Buchst\u00fctze Sunshine Town TGB02"},"content":{"rendered":"<p>Kommen Sie und besuchen Sie Sunshine Town. Hier k\u00f6nnen Sie sich im Caf\u00e9, in der Buchhandlung und in anderen Bereichen am\u00fcsieren. Robotime-Rolife Sunshine Town Bookshelf TGB02 Book Nook ist ein kreatives 3D-Holz-DIY-Miniaturhaus. Wir bieten Ihnen alles, was Sie brauchen, um diese Mini-Stadt-Szene zu bauen. Mit allen Holzteilen und Werkzeugen baust du nach und nach die ganze Szene zusammen, z. B. die Gesch\u00e4fte, die Stra\u00dfe, die B\u00e4ume, die Uhr usw. Diese Buchst\u00fctze ist auch eine einzigartige und sch\u00f6ne Dekoration f\u00fcr Ihr B\u00fccherregal oder Ihr Interieur. Es sieht toll aus, wenn es im Dunkeln mit der warmen Beleuchtung steht.<\/p>\n<p>Anmerkungen:<\/p>\n<ul>\n<li><strong>Der Artikel ist vorgef\u00e4rbt<\/strong>, aber die Verpackung kann noch Pigmente enthalten. Falls enthalten, m\u00fcssen einige Teile selbst eingef\u00e4rbt werden. Wir haben ausf\u00fchrliche Anweisungen, die Ihnen sagen, wo Sie malen sollen. Auch wenn Sie weitere kreative Ideen haben, freuen wir uns \u00fcber hervorragende Arbeiten von Ihnen.<\/li>\n<li>Die Packung enth\u00e4lt wichtige Informationen, die Sie f\u00fcr die Zukunft aufbewahren sollten.<\/li>\n<li>Kinder sollten wegen der Verschluckungsgefahr unter Aufsicht von Erwachsenen einsteigen.<\/li>\n<li>Das Produkt ben\u00f6tigt 2 St\u00fcck AAA-Batterien.<\/li>\n<li>Aufgrund von Zollbestimmungen sind Kleber, Pigmente oder Batterien m\u00f6glicherweise nicht im Paket enthalten.<\/li>\n<\/ul>\n<p>Anzahl der St\u00fccke: 246<br \/>\nMontagezeit: \u00b1 4-6 Stunden<br \/>\nMaterial: Holz<br \/>\nAlter: 12+<br \/>\nProdukt in mm: 100 x 240 x 190<\/p>\n","protected":false},"excerpt":{"rendered":"<p>ROBOTIME<\/p>\n","protected":false},"featured_media":405522,"template":"","meta":{"_improvement_type_select":"improve_an_existing","_thumb_yes_seoaic":false,"_frame_yes_seoaic":false,"seoaic_generate_description":"","seoaic_improve_instructions_prompt":"","seoaic_rollback_content_improvement":"","seoaic_idea_thumbnail_generator":"","thumbnail_generated":false,"thumbnail_generate_prompt":"","seoaic_article_description":"","product-afmeting-lengte-mm":"","product-afmeting-breedte-mm":"","product-afmeting-hoogte-mm":""},"product_brand":[],"product_cat":[1617,1500,1636,1903,1499,1638,1619],"product_tag":[],"class_list":{"0":"post-425224","1":"product","2":"type-product","3":"status-publish","4":"has-post-thumbnail","6":"product_cat-baukasten-aus-holz","7":"product_cat-baukasten-fur-erwachsene","8":"product_cat-baukasten-fur-kinder","9":"product_cat-bucher","10":"product_cat-modellbau","11":"product_cat-modellierung-von-miniaturhausern","12":"product_cat-robotime-de","13":"pa_merken-robotime-de","15":"first","16":"instock","17":"taxable","18":"shipping-taxable","19":"purchasable","20":"product-type-simple"},"df_price":39.99,"df_sale_price":"","df_regular_price":39.99,"df_image_link":"https:\/\/www.speedcube.nl\/wp-content\/uploads\/2023\/06\/Productvisuals_Modelbouw-Robotime-Bookshelft-Insert-Sunshine-Town-TGB02-285x300.jpg","_links":{"self":[{"href":"https:\/\/www.speedcube.nl\/de\/wp-json\/wp\/v2\/product\/425224","targetHints":{"allow":["GET"]}}],"collection":[{"href":"https:\/\/www.speedcube.nl\/de\/wp-json\/wp\/v2\/product"}],"about":[{"href":"https:\/\/www.speedcube.nl\/de\/wp-json\/wp\/v2\/types\/product"}],"version-history":[{"count":0,"href":"https:\/\/www.speedcube.nl\/de\/wp-json\/wp\/v2\/product\/425224\/revisions"}],"wp:featuredmedia":[{"embeddable":true,"href":"https:\/\/www.speedcube.nl\/de\/wp-json\/wp\/v2\/media\/405522"}],"wp:attachment":[{"href":"https:\/\/www.speedcube.nl\/de\/wp-json\/wp\/v2\/media?parent=425224"}],"wp:term":[{"taxonomy":"product_brand","embeddable":true,"href":"https:\/\/www.speedcube.nl\/de\/wp-json\/wp\/v2\/product_brand?post=425224"},{"taxonomy":"product_cat","embeddable":true,"href":"https:\/\/www.speedcube.nl\/de\/wp-json\/wp\/v2\/product_cat?post=425224"},{"taxonomy":"product_tag","embeddable":true,"href":"https:\/\/www.speedcube.nl\/de\/wp-json\/wp\/v2\/product_tag?post=425224"}],"curies":[{"name":"wp","href":"https:\/\/api.w.org\/{rel}","templated":true}]}}